{"id":3558,"date":"2023-03-22T05:23:39","date_gmt":"2023-03-22T05:23:39","guid":{"rendered":"http:\/\/site2.easyceotech.com\/?post_type=product&#038;p=3558"},"modified":"2024-03-12T07:41:16","modified_gmt":"2024-03-12T07:41:16","slug":"biotin","status":"publish","type":"product","link":"https:\/\/wpachem.com\/tr\/urun\/biotin\/","title":{"rendered":"Biyotin"},"content":{"rendered":"<div>\n<div data-spm-anchor-id=\"a2700.details.0.i36.19137568jFrKVd\"><strong>saf do\u011fal biotin (vitamin h) D-Biotin vitamin h biotin organik toz<\/strong><\/div>\n<\/div>\n<table>\n<tbody>\n<tr>\n<td colspan=\"1\" rowspan=\"1\">\n<div>\u00dcr\u00fcn Ad\u0131<\/div>\n<\/td>\n<td colspan=\"1\" rowspan=\"1\">\n<div>saf do\u011fal biotin (vitamin h) D-Biotin vitamin h biotin organik toz<\/div>\n<\/td>\n<\/tr>\n<tr>\n<td colspan=\"1\" rowspan=\"1\">\n<div>D\u0131\u015f g\u00f6r\u00fcn\u00fc\u015f<\/div>\n<\/td>\n<td colspan=\"1\" rowspan=\"1\">\n<div>Beyaz toz<\/div>\n<\/td>\n<\/tr>\n<tr>\n<td colspan=\"1\" rowspan=\"1\">\n<div>CAS<\/div>\n<\/td>\n<td colspan=\"1\" rowspan=\"1\">\n<div>22879-79-4<\/div>\n<\/td>\n<\/tr>\n<tr>\n<td colspan=\"1\" rowspan=\"1\">\n<div>Seviye<\/div>\n<\/td>\n<td colspan=\"1\" rowspan=\"1\">\n<div>G\u0131da S\u0131n\u0131f\u0131<\/div>\n<\/td>\n<\/tr>\n<tr>\n<td colspan=\"1\" rowspan=\"1\">\n<div>Anahtar kelimeler<\/div>\n<\/td>\n<td colspan=\"1\" rowspan=\"1\">\n<div>biyotin (h vitamini); h vitamini biyotin organik tozu; D-Biotin<\/div>\n<\/td>\n<\/tr>\n<tr>\n<td colspan=\"1\" rowspan=\"1\">\n<div>Depolamak<\/div>\n<\/td>\n<td colspan=\"1\" rowspan=\"1\">\n<div>Serin, kuru ve karanl\u0131k bir yerde, a\u011fz\u0131 s\u0131k\u0131ca kapat\u0131lm\u0131\u015f bir kap veya silindir i\u00e7erisinde saklay\u0131n\u0131z.<\/div>\n<\/td>\n<\/tr>\n<tr>\n<td colspan=\"1\" rowspan=\"1\">\n<div>Raf \u00f6mr\u00fc<\/div>\n<\/td>\n<td colspan=\"1\" rowspan=\"1\">\n<div>24 Ay<\/div>\n<\/td>\n<\/tr>\n<\/tbody>\n<\/table>\n<div>\n<p><strong>Biyotin (H vitamini) nedir?<br \/>\n<\/strong><\/p>\n<div>Biotin, H vitamini ve koenzim R olarak da bilinir, suda \u00e7\u00f6z\u00fcnen bir vitamindir ve ayn\u0131 zamanda B7 vitamini ailesine aittir. C vitamini sentezi i\u00e7in gerekli bir maddedir ve ya\u011f ve proteinin normal metabolizmas\u0131 i\u00e7in vazge\u00e7ilmez bir maddedir.<\/div>\n<div><strong>Biyotinin (h vitamini) i\u015flevi<br \/>\n<\/strong>saf do\u011fal biotin (vitamin h) D-Biotin vitamin h biotin organik toz<\/div>\n<\/div>\n<p>&nbsp;<\/p>","protected":false},"excerpt":{"rendered":"<p>\u00dcr\u00fcn Ad\u0131:Biyotin<br \/>\nCAS Numaras\u0131: 22879-79-4<br \/>\nMF:C10H16N2O3S<br \/>\nG\u00f6r\u00fcn\u00fcm: beyaz g\u00fc\u00e7<\/p>","protected":false},"featured_media":2169,"template":"","meta":{"_acf_changed":false,"_gspb_post_css":""},"product_brand":[],"product_cat":[55],"product_tag":[],"class_list":{"0":"post-3558","1":"product","2":"type-product","3":"status-publish","4":"has-post-thumbnail","6":"product_cat-food-additives","8":"first","9":"instock","10":"shipping-taxable","11":"product-type-simple"},"acf":[],"_links":{"self":[{"href":"https:\/\/wpachem.com\/tr\/wp-json\/wp\/v2\/product\/3558","targetHints":{"allow":["GET"]}}],"collection":[{"href":"https:\/\/wpachem.com\/tr\/wp-json\/wp\/v2\/product"}],"about":[{"href":"https:\/\/wpachem.com\/tr\/wp-json\/wp\/v2\/types\/product"}],"version-history":[{"count":0,"href":"https:\/\/wpachem.com\/tr\/wp-json\/wp\/v2\/product\/3558\/revisions"}],"wp:featuredmedia":[{"embeddable":true,"href":"https:\/\/wpachem.com\/tr\/wp-json\/wp\/v2\/media\/2169"}],"wp:attachment":[{"href":"https:\/\/wpachem.com\/tr\/wp-json\/wp\/v2\/media?parent=3558"}],"wp:term":[{"taxonomy":"product_brand","embeddable":true,"href":"https:\/\/wpachem.com\/tr\/wp-json\/wp\/v2\/product_brand?post=3558"},{"taxonomy":"product_cat","embeddable":true,"href":"https:\/\/wpachem.com\/tr\/wp-json\/wp\/v2\/product_cat?post=3558"},{"taxonomy":"product_tag","embeddable":true,"href":"https:\/\/wpachem.com\/tr\/wp-json\/wp\/v2\/product_tag?post=3558"}],"curies":[{"name":"wp","href":"https:\/\/api.w.org\/{rel}","templated":true}]}}