{"id":3561,"date":"2023-03-22T05:31:18","date_gmt":"2023-03-22T05:31:18","guid":{"rendered":"http:\/\/site2.easyceotech.com\/?post_type=product&#038;p=3561"},"modified":"2024-03-12T07:41:12","modified_gmt":"2024-03-12T07:41:12","slug":"carotene","status":"publish","type":"product","link":"https:\/\/wpachem.com\/tr\/urun\/carotene\/","title":{"rendered":"karoten"},"content":{"rendered":"<h3 class=\"magic-14\" data-spm-anchor-id=\"a2700.wholesale.0.i36.7fba73b9DCJrOw\"><span class=\"magic-15\"><span class=\"magic-16\">alfa-karoten<\/span><\/span><\/h3>\n<div class=\"magic-17\">\n<div class=\"magic-18\">\n<div class=\"magic-19\">\n<div><\/div>\n<div>\n<div><span class=\"magic-16\" style=\"color: #2196ed; font-family: Verdana;\">Ba\u015fvuru:<\/span><\/div>\n<div><\/div>\n<div><span class=\"magic-20\" style=\"font-family: Verdana;\"><span class=\"magic-20\" style=\"font-family: Verdana;\">2.G\u0131da Katk\u0131 Maddesi<br \/>\nHavu\u00e7 \u00f6z\u00fct\u00fc, kadusite direnci ve ba\u011f\u0131\u015f\u0131kl\u0131k iyile\u015ftirmesinin yan\u0131 s\u0131ra, ayn\u0131 zamanda \u00f6nemli bir pigmenttir ve besleyici g\u0131da katk\u0131 maddesi olarak onaylanm\u0131\u015ft\u0131r. Havu\u00e7 \u00f6z\u00fct\u00fc, insan v\u00fccudu taraf\u0131ndan havu\u00e7 \u00f6z\u00fct\u00fcn\u00fcn emilimine yard\u0131mc\u0131 olmak i\u00e7in margarin salata ya\u011f\u0131 ve benne ya\u011f\u0131 gibi lipit g\u0131dalar\u0131 i\u00e7in yo\u011funla\u015ft\u0131r\u0131c\u0131 madde olarak kullan\u0131labilir.<\/span><\/span>3.Kozmetikler<br \/>\nHavu\u00e7 \u00f6z\u00fct\u00fcn\u00fcn i\u00e7eri\u011finde bol miktarda aminoasit, vitamin, do\u011fal nem fakt\u00f6r\u00fc, mikroelement ve di\u011fer biyoaktif maddeler bulunur ve havu\u00e7 \u00f6z\u00fct\u00fc ile eklenen kozmetikler cilde do\u011fal ve tam renk ve parlakl\u0131k kazand\u0131r\u0131r ve cildi korur.<\/p>\n<p>4.Yem Katk\u0131 Maddesi<br \/>\nHavu\u00e7 \u00f6z\u00fct\u00fc hayvanlar\u0131n b\u00fcy\u00fcme h\u0131z\u0131n\u0131 ve et kalitesini, s\u0131\u011f\u0131r, at ve domuzun \u00fcreme g\u00fcc\u00fcn\u00fc, k\u0131rm\u0131z\u0131 bal\u0131k ve karidesin rengini ve parlakl\u0131\u011f\u0131n\u0131, ku\u015f yumurtas\u0131n\u0131n rengini koyula\u015ft\u0131rmay\u0131 iyile\u015ftirebilir.<\/p>\n<\/div>\n<\/div>\n<div>\n<p><em data-spm-anchor-id=\"a2700.details.0.i23.4c70348fZEdsdg\">Beta karoten, havu\u00e7lara turuncu rengini veren molek\u00fcld\u00fcr. Beta karoten, bir\u00e7ok meyve ve sebzede ve yumurta sar\u0131s\u0131 gibi baz\u0131 hayvansal \u00fcr\u00fcnlerde bulunan karotenoidler ad\u0131 verilen bir kimyasal ailesinin par\u00e7as\u0131d\u0131r. Biyolojik olarak, beta karoten A vitamininin \u00f6nc\u00fcs\u00fc olarak en \u00f6nemlidir.\u00a0<\/em><\/p>\n<p><em>Beta karoten, v\u00fccudumuzda beta karoten 15, 150 dioksijenaz taraf\u0131ndan oksidatif ayr\u0131\u015fma sonras\u0131nda A vitaminine d\u00f6n\u00fc\u015ft\u00fcr\u00fclebildi\u011fi i\u00e7in provitamin olarak da bilinir. Bitkilerde beta karoten bir antioksidan g\u00f6revi g\u00f6r\u00fcr ve fotosentez s\u0131ras\u0131nda olu\u015fan tekli oksijen radikallerini n\u00f6tralize eder.\u00a0<\/em><\/p>\n<\/div>\n<\/div>\n<\/div>\n<\/div>\n<p>&nbsp;<\/p>","protected":false},"excerpt":{"rendered":"<p>\u00dcr\u00fcn Ad\u0131:a\/<a class=\"blue\">\u03b2-Karoten<\/a><br \/>\nCAS Numaras\u0131:7488-99-5\/7235-40-7<br \/>\nMF:C40H56<br \/>\nG\u00f6r\u00fcn\u00fcm:Turuncu Toz<\/p>","protected":false},"featured_media":2188,"template":"","meta":{"_acf_changed":false,"_gspb_post_css":""},"product_brand":[],"product_cat":[55],"product_tag":[],"class_list":{"0":"post-3561","1":"product","2":"type-product","3":"status-publish","4":"has-post-thumbnail","6":"product_cat-food-additives","8":"first","9":"instock","10":"shipping-taxable","11":"product-type-simple"},"acf":[],"_links":{"self":[{"href":"https:\/\/wpachem.com\/tr\/wp-json\/wp\/v2\/product\/3561","targetHints":{"allow":["GET"]}}],"collection":[{"href":"https:\/\/wpachem.com\/tr\/wp-json\/wp\/v2\/product"}],"about":[{"href":"https:\/\/wpachem.com\/tr\/wp-json\/wp\/v2\/types\/product"}],"version-history":[{"count":0,"href":"https:\/\/wpachem.com\/tr\/wp-json\/wp\/v2\/product\/3561\/revisions"}],"wp:featuredmedia":[{"embeddable":true,"href":"https:\/\/wpachem.com\/tr\/wp-json\/wp\/v2\/media\/2188"}],"wp:attachment":[{"href":"https:\/\/wpachem.com\/tr\/wp-json\/wp\/v2\/media?parent=3561"}],"wp:term":[{"taxonomy":"product_brand","embeddable":true,"href":"https:\/\/wpachem.com\/tr\/wp-json\/wp\/v2\/product_brand?post=3561"},{"taxonomy":"product_cat","embeddable":true,"href":"https:\/\/wpachem.com\/tr\/wp-json\/wp\/v2\/product_cat?post=3561"},{"taxonomy":"product_tag","embeddable":true,"href":"https:\/\/wpachem.com\/tr\/wp-json\/wp\/v2\/product_tag?post=3561"}],"curies":[{"name":"wp","href":"https:\/\/api.w.org\/{rel}","templated":true}]}}