{"id":3564,"date":"2023-03-22T05:34:32","date_gmt":"2023-03-22T05:34:32","guid":{"rendered":"http:\/\/site2.easyceotech.com\/?post_type=product&#038;p=3564"},"modified":"2024-03-12T07:41:06","modified_gmt":"2024-03-12T07:41:06","slug":"citric-acid-monohydrate","status":"publish","type":"product","link":"https:\/\/wpachem.com\/tr\/urun\/citric-acid-monohydrate\/","title":{"rendered":"Sitrik Asit Monohidrat"},"content":{"rendered":"<p><b>G\u0131da S\u0131n\u0131f\u0131 Sitrik Asit Monohidrat<\/b><br \/>\nSitrik asit monohidrat, esas olarak g\u0131da ve i\u00e7ecek end\u00fcstrilerinde asitlendirici, tatland\u0131r\u0131c\u0131, koruyucu ve koruyucu olarak kullan\u0131l\u0131r. Ayr\u0131ca kimya end\u00fcstrisinde, kozmetik end\u00fcstrisinde ve y\u0131kama end\u00fcstrisinde antioksidan, plastikle\u015ftirici ve deterjan olarak kullan\u0131l\u0131r.<\/p>","protected":false},"excerpt":{"rendered":"<p>\u00dcr\u00fcn Ad\u0131:Sitrik Asit Monohidrat<br \/>\nCAS Numaras\u0131:5949-29-1<br \/>\nMF:C6H10O8<br \/>\nG\u00f6r\u00fcn\u00fcm: beyaz g\u00fc\u00e7<\/p>","protected":false},"featured_media":2168,"template":"","meta":{"_acf_changed":false,"_gspb_post_css":""},"product_brand":[],"product_cat":[55,59],"product_tag":[],"class_list":{"0":"post-3564","1":"product","2":"type-product","3":"status-publish","4":"has-post-thumbnail","6":"product_cat-food-additives","7":"product_cat-acidity-regulators","9":"first","10":"instock","11":"shipping-taxable","12":"product-type-simple"},"acf":[],"_links":{"self":[{"href":"https:\/\/wpachem.com\/tr\/wp-json\/wp\/v2\/product\/3564","targetHints":{"allow":["GET"]}}],"collection":[{"href":"https:\/\/wpachem.com\/tr\/wp-json\/wp\/v2\/product"}],"about":[{"href":"https:\/\/wpachem.com\/tr\/wp-json\/wp\/v2\/types\/product"}],"version-history":[{"count":0,"href":"https:\/\/wpachem.com\/tr\/wp-json\/wp\/v2\/product\/3564\/revisions"}],"wp:featuredmedia":[{"embeddable":true,"href":"https:\/\/wpachem.com\/tr\/wp-json\/wp\/v2\/media\/2168"}],"wp:attachment":[{"href":"https:\/\/wpachem.com\/tr\/wp-json\/wp\/v2\/media?parent=3564"}],"wp:term":[{"taxonomy":"product_brand","embeddable":true,"href":"https:\/\/wpachem.com\/tr\/wp-json\/wp\/v2\/product_brand?post=3564"},{"taxonomy":"product_cat","embeddable":true,"href":"https:\/\/wpachem.com\/tr\/wp-json\/wp\/v2\/product_cat?post=3564"},{"taxonomy":"product_tag","embeddable":true,"href":"https:\/\/wpachem.com\/tr\/wp-json\/wp\/v2\/product_tag?post=3564"}],"curies":[{"name":"wp","href":"https:\/\/api.w.org\/{rel}","templated":true}]}}