{"id":3567,"date":"2023-03-22T05:36:24","date_gmt":"2023-03-22T05:36:24","guid":{"rendered":"http:\/\/site2.easyceotech.com\/?post_type=product&#038;p=3567"},"modified":"2024-03-12T07:41:02","modified_gmt":"2024-03-12T07:41:02","slug":"citric-acid-anhydrous","status":"publish","type":"product","link":"https:\/\/wpachem.com\/tr\/urun\/citric-acid-anhydrous\/","title":{"rendered":"Sitrik Asit Anhidroz"},"content":{"rendered":"<div class=\"J_module\">\n<div id=\"ali-anchor-AliMagic-wgd1p0\" class=\"magic-7\" data-section=\"AliMagic-wgd1p0\" data-section-title=\"Product Description\">\u00dcr\u00fcn A\u00e7\u0131klamas\u0131<\/div>\n<\/div>\n<div class=\"J_module\">\n<div class=\"ife-detail-decorate-table\">\n<table class=\"all magic-8\">\n<tbody>\n<tr>\n<td colspan=\"1\" rowspan=\"1\">\n<div class=\"magic-9\">\u00dcr\u00fcn Ad\u0131<\/div>\n<\/td>\n<td colspan=\"1\" rowspan=\"1\">\n<div class=\"magic-10\">Sitrik asit<\/div>\n<\/td>\n<\/tr>\n<tr>\n<td colspan=\"1\" rowspan=\"1\">\n<div class=\"magic-9\">\u015eartname<\/div>\n<\/td>\n<td colspan=\"1\" rowspan=\"1\">\n<div class=\"magic-10\">99%<\/div>\n<\/td>\n<\/tr>\n<tr>\n<td colspan=\"1\" rowspan=\"1\">\n<div class=\"magic-9\">D\u0131\u015f g\u00f6r\u00fcn\u00fc\u015f<\/div>\n<\/td>\n<td colspan=\"1\" rowspan=\"1\">\n<div class=\"magic-10\">Beyaz toz<\/div>\n<\/td>\n<\/tr>\n<tr>\n<td colspan=\"1\" rowspan=\"1\">\n<div class=\"magic-9\">Seviye<\/div>\n<\/td>\n<td colspan=\"1\" rowspan=\"1\">\n<div class=\"magic-10\">G\u0131da S\u0131n\u0131f\u0131<\/div>\n<\/td>\n<\/tr>\n<tr>\n<td colspan=\"1\" rowspan=\"1\">\n<div class=\"magic-9\">Koku<\/div>\n<\/td>\n<td colspan=\"1\" rowspan=\"1\">\n<div class=\"magic-10\">\u00d6zellik<\/div>\n<\/td>\n<\/tr>\n<tr>\n<td colspan=\"1\" rowspan=\"1\">\n<div class=\"magic-9\">Minimum Sipari\u015f Adedi<\/div>\n<\/td>\n<td colspan=\"1\" rowspan=\"1\">\n<div class=\"magic-10\">1 kilo<\/div>\n<\/td>\n<\/tr>\n<tr>\n<td colspan=\"1\" rowspan=\"1\">\n<div class=\"magic-9\">Depolama ko\u015fullar\u0131<\/div>\n<\/td>\n<td colspan=\"1\" rowspan=\"1\">\n<div class=\"magic-10\">Serin ve kuru yerde saklay\u0131n\u0131z. G\u00fc\u00e7l\u00fc \u0131\u015f\u0131k ve \u0131s\u0131dan uzak tutunuz.<\/div>\n<\/td>\n<\/tr>\n<tr>\n<td colspan=\"1\" rowspan=\"1\">\n<div class=\"magic-9\">\u00d6rnek<\/div>\n<\/td>\n<td colspan=\"1\" rowspan=\"1\">\n<div class=\"magic-10\">Mevcut<\/div>\n<\/td>\n<\/tr>\n<\/tbody>\n<\/table>\n<\/div>\n<p style=\"font-weight: inherit;\" data-section=\"AliMagic-uz89m2\" data-section-title=\"Application\" data-spm-anchor-id=\"a2700.wholesale.0.i25.46d558bdK5Bjkl\">Ba\u015fvuru<\/p>\n<p>1.Kas Geli\u015ftirme<br \/>\n2.Tam spektrumlu protein fraksiyonlar\u0131 ve mikrofraksiyonlar\u0131 sunmak \u00fczere tasarlanm\u0131\u015ft\u0131r.<br \/>\n3.Antikatabolik Dal Zincirli Amino Asitler, BCAA a\u00e7\u0131s\u0131ndan do\u011fal olarak zengindir<br \/>\n4. Sa\u011fl\u0131kl\u0131 bir diyete ek olarak, Whey Protein ya\u011fs\u0131z v\u00fccut k\u00fctlesini ve atletik performans\u0131 art\u0131rabilir<br \/>\n5.Sa\u011fl\u0131kl\u0131 bir ba\u011f\u0131\u015f\u0131kl\u0131k sistemini korumak i\u00e7in kullan\u0131\u015fl\u0131 ve lezzetli bir yol<br \/>\n6.Do\u011fal Antioksidanlar Sa\u011flamak<\/p>\n<\/div>\n<p>&nbsp;<\/p>","protected":false},"excerpt":{"rendered":"<p>\u00dcr\u00fcn Ad\u0131:Sitrik Asit Anhidroz<br \/>\nCAS Numaras\u0131:77-92-9<br \/>\nMF:C6H8O7<br \/>\nG\u00f6r\u00fcn\u00fcm: beyaz g\u00fc\u00e7<\/p>","protected":false},"featured_media":2155,"template":"","meta":{"_acf_changed":false,"_gspb_post_css":""},"product_brand":[],"product_cat":[55,59],"product_tag":[],"class_list":{"0":"post-3567","1":"product","2":"type-product","3":"status-publish","4":"has-post-thumbnail","6":"product_cat-food-additives","7":"product_cat-acidity-regulators","9":"first","10":"instock","11":"shipping-taxable","12":"product-type-simple"},"acf":[],"_links":{"self":[{"href":"https:\/\/wpachem.com\/tr\/wp-json\/wp\/v2\/product\/3567","targetHints":{"allow":["GET"]}}],"collection":[{"href":"https:\/\/wpachem.com\/tr\/wp-json\/wp\/v2\/product"}],"about":[{"href":"https:\/\/wpachem.com\/tr\/wp-json\/wp\/v2\/types\/product"}],"version-history":[{"count":0,"href":"https:\/\/wpachem.com\/tr\/wp-json\/wp\/v2\/product\/3567\/revisions"}],"wp:featuredmedia":[{"embeddable":true,"href":"https:\/\/wpachem.com\/tr\/wp-json\/wp\/v2\/media\/2155"}],"wp:attachment":[{"href":"https:\/\/wpachem.com\/tr\/wp-json\/wp\/v2\/media?parent=3567"}],"wp:term":[{"taxonomy":"product_brand","embeddable":true,"href":"https:\/\/wpachem.com\/tr\/wp-json\/wp\/v2\/product_brand?post=3567"},{"taxonomy":"product_cat","embeddable":true,"href":"https:\/\/wpachem.com\/tr\/wp-json\/wp\/v2\/product_cat?post=3567"},{"taxonomy":"product_tag","embeddable":true,"href":"https:\/\/wpachem.com\/tr\/wp-json\/wp\/v2\/product_tag?post=3567"}],"curies":[{"name":"wp","href":"https:\/\/api.w.org\/{rel}","templated":true}]}}