{"id":3570,"date":"2023-03-22T05:41:14","date_gmt":"2023-03-22T05:41:14","guid":{"rendered":"http:\/\/site2.easyceotech.com\/?post_type=product&#038;p=3570"},"modified":"2024-03-12T07:40:56","modified_gmt":"2024-03-12T07:40:56","slug":"sodium-citrate","status":"publish","type":"product","link":"https:\/\/wpachem.com\/tr\/urun\/sodium-citrate\/","title":{"rendered":"Sodyum Sitrat"},"content":{"rendered":"<p><span data-spm-anchor-id=\"a2700.details.0.i32.55714e80mQ2SLF\">Kimyasal Ad\u0131: Sodyum sitrat<br \/>\nCAS Numaras\u0131: 68-04-2<br \/>\nMolek\u00fcler Form\u00fcl: C6H9NaO7<\/span><\/p>\n<p>Deneme: 99%min<\/p>\n<p>G\u00f6r\u00fcn\u00fcm: Beyaz kristal toz<\/p>\n<p>&nbsp;<\/p>\n<p>Sodyum sitrat yukar\u0131da belirtilen m\u00fckemmel \u00f6zelliklerin \u00e7o\u011funa sahiptir, bu nedenle geni\u015f bir kullan\u0131m alan\u0131na sahiptir. Sodyum sitrat toksik de\u011fildir, pH ayarlama \u00f6zelliklerine ve iyi stabiliteye sahiptir, bu nedenle g\u0131da end\u00fcstrisinde kullan\u0131labilir. Sodyum sitrat bir g\u0131da katk\u0131 maddesi olarak kullan\u0131l\u0131r ve en fazla talebi g\u00f6r\u00fcr. Esas olarak bir tatland\u0131r\u0131c\u0131 madde, tampon, em\u00fclgat\u00f6r, genle\u015fme maddesi, dengeleyici ve koruyucu vb. olarak kullan\u0131l\u0131r; ayr\u0131ca, sodyum sitrat \u00e7e\u015fitli re\u00e7eller, jelle\u015ftirici maddeler, besin takviyeleri ve j\u00f6le, meyve suyu, i\u00e7ecekler, so\u011fuk i\u00e7ecekler, s\u00fct \u00fcr\u00fcnleri ve hamur i\u015fleri i\u00e7in sitrik asitle uyumludur.<\/p>\n<p>&nbsp;<\/p>\n<p>Ba\u015fvuru<\/p>\n<ul>\n<li>G\u0131da ve i\u00e7ecek end\u00fcstrisinde aroma verici ve stabilizat\u00f6r olarak kullan\u0131l\u0131r;<\/li>\n<li>Deterjan end\u00fcstrisinde sodyum tripolifosfat toksik olmayan deterjan katk\u0131 maddesi olarak kullan\u0131labilir.<\/li>\n<li data-spm-anchor-id=\"a2700.details.0.i37.55714e80mQ2SLF\">Ayr\u0131ca birac\u0131l\u0131k, elektrokaplama vb. ama\u00e7larla da kullan\u0131l\u0131r.<\/li>\n<\/ul>\n<p>&nbsp;<\/p>","protected":false},"excerpt":{"rendered":"<p>\u00dcr\u00fcn Ad\u0131:Sodyum Sitrat<br \/>\nCAS Numaras\u0131:68-04-2<br \/>\nMF:C6H9NaO7<br \/>\nG\u00f6r\u00fcn\u00fcm: beyaz g\u00fc\u00e7<\/p>","protected":false},"featured_media":2155,"template":"","meta":{"_acf_changed":false,"_gspb_post_css":""},"product_brand":[],"product_cat":[55,59],"product_tag":[],"class_list":{"0":"post-3570","1":"product","2":"type-product","3":"status-publish","4":"has-post-thumbnail","6":"product_cat-food-additives","7":"product_cat-acidity-regulators","9":"first","10":"instock","11":"shipping-taxable","12":"product-type-simple"},"acf":[],"_links":{"self":[{"href":"https:\/\/wpachem.com\/tr\/wp-json\/wp\/v2\/product\/3570","targetHints":{"allow":["GET"]}}],"collection":[{"href":"https:\/\/wpachem.com\/tr\/wp-json\/wp\/v2\/product"}],"about":[{"href":"https:\/\/wpachem.com\/tr\/wp-json\/wp\/v2\/types\/product"}],"version-history":[{"count":0,"href":"https:\/\/wpachem.com\/tr\/wp-json\/wp\/v2\/product\/3570\/revisions"}],"wp:featuredmedia":[{"embeddable":true,"href":"https:\/\/wpachem.com\/tr\/wp-json\/wp\/v2\/media\/2155"}],"wp:attachment":[{"href":"https:\/\/wpachem.com\/tr\/wp-json\/wp\/v2\/media?parent=3570"}],"wp:term":[{"taxonomy":"product_brand","embeddable":true,"href":"https:\/\/wpachem.com\/tr\/wp-json\/wp\/v2\/product_brand?post=3570"},{"taxonomy":"product_cat","embeddable":true,"href":"https:\/\/wpachem.com\/tr\/wp-json\/wp\/v2\/product_cat?post=3570"},{"taxonomy":"product_tag","embeddable":true,"href":"https:\/\/wpachem.com\/tr\/wp-json\/wp\/v2\/product_tag?post=3570"}],"curies":[{"name":"wp","href":"https:\/\/api.w.org\/{rel}","templated":true}]}}