{"id":3573,"date":"2023-03-22T05:53:09","date_gmt":"2023-03-22T05:53:09","guid":{"rendered":"http:\/\/site2.easyceotech.com\/?post_type=product&#038;p=3573"},"modified":"2024-03-12T07:40:52","modified_gmt":"2024-03-12T07:40:52","slug":"calcium-citrate","status":"publish","type":"product","link":"https:\/\/wpachem.com\/tr\/urun\/calcium-citrate\/","title":{"rendered":"Kalsiyum Sitrat"},"content":{"rendered":"<h3 class=\"magic-2\" data-spm-anchor-id=\"a2700.details.0.i21.5c9d52f0Rx0oYu\"><span class=\"magic-3\" style=\"font-family: Verdana;\"><span class=\"magic-4\">VLAND Kalsiyum Sitrat Aroma Maddeleri G\u0131da \u0130\u00e7in Y\u00fcksek Kaliteli Hammadde CAS 813-94-5<\/span><\/span><\/h3>\n<div class=\"magic-5\">\n<div class=\"magic-6\">\n<div class=\"magic-7\">\n<div><span class=\"magic-4\" style=\"font-family: Verdana;\"><b class=\"magic-3\">Sat\u0131\u015f Bilgileri&amp;Paketleme:<\/b><\/span><\/div>\n<div><span class=\"magic-4\" style=\"font-family: Verdana;\">Bu \u00fcr\u00fcn, her biri net a\u011f\u0131rl\u0131\u011f\u0131 20 kg olan y\u00fcksek yo\u011funluklu polietilen plastik varillerde veya kraft ka\u011f\u0131t torbalarda paketlenir (veya m\u00fc\u015fteri iste\u011fine g\u00f6re form\u00fcle edilebilir).<br \/>\n<\/span><\/div>\n<div><span class=\"magic-4\" style=\"font-family: Verdana;\"><b>\u00dcr\u00fcn Uygulamalar\u0131:<\/b><\/span><\/div>\n<div><span class=\"magic-3\" style=\"font-family: Verdana;\"><span class=\"magic-4\">G\u0131da kalsiyum g\u00fc\u00e7lendirici, emilim etkisi inorganik kalsiyumdan daha iyidir. Bebek mamas\u0131, meyve suyu, s\u00fct \u00fcr\u00fcnleri, kat\u0131 i\u00e7ecekler, spor i\u00e7ecekleri, s\u00fct, soya s\u00fct\u00fc, sa\u011fl\u0131k \u00fcr\u00fcnleri ve tah\u0131l \u00fcr\u00fcnleri dahil olmak \u00fczere \u00e7e\u015fitli g\u0131dalar\u0131 g\u00fc\u00e7lendirmek i\u00e7in kullan\u0131labilir.<\/span><\/span><\/div>\n<\/div>\n<\/div>\n<\/div>\n<p>&nbsp;<\/p>","protected":false},"excerpt":{"rendered":"<p>\u00dcr\u00fcn Ad\u0131:Kalsiyum Sitrat<br \/>\nCAS Numaras\u0131:813-94-5<br \/>\nMF:C12H10Ca3O14<br \/>\nG\u00f6r\u00fcn\u00fcm: beyaz g\u00fc\u00e7<\/p>","protected":false},"featured_media":2161,"template":"","meta":{"_acf_changed":false,"_gspb_post_css":""},"product_brand":[],"product_cat":[55,59],"product_tag":[],"class_list":{"0":"post-3573","1":"product","2":"type-product","3":"status-publish","4":"has-post-thumbnail","6":"product_cat-food-additives","7":"product_cat-acidity-regulators","9":"first","10":"instock","11":"shipping-taxable","12":"product-type-simple"},"acf":[],"_links":{"self":[{"href":"https:\/\/wpachem.com\/tr\/wp-json\/wp\/v2\/product\/3573","targetHints":{"allow":["GET"]}}],"collection":[{"href":"https:\/\/wpachem.com\/tr\/wp-json\/wp\/v2\/product"}],"about":[{"href":"https:\/\/wpachem.com\/tr\/wp-json\/wp\/v2\/types\/product"}],"version-history":[{"count":0,"href":"https:\/\/wpachem.com\/tr\/wp-json\/wp\/v2\/product\/3573\/revisions"}],"wp:featuredmedia":[{"embeddable":true,"href":"https:\/\/wpachem.com\/tr\/wp-json\/wp\/v2\/media\/2161"}],"wp:attachment":[{"href":"https:\/\/wpachem.com\/tr\/wp-json\/wp\/v2\/media?parent=3573"}],"wp:term":[{"taxonomy":"product_brand","embeddable":true,"href":"https:\/\/wpachem.com\/tr\/wp-json\/wp\/v2\/product_brand?post=3573"},{"taxonomy":"product_cat","embeddable":true,"href":"https:\/\/wpachem.com\/tr\/wp-json\/wp\/v2\/product_cat?post=3573"},{"taxonomy":"product_tag","embeddable":true,"href":"https:\/\/wpachem.com\/tr\/wp-json\/wp\/v2\/product_tag?post=3573"}],"curies":[{"name":"wp","href":"https:\/\/api.w.org\/{rel}","templated":true}]}}