{"id":3576,"date":"2023-03-22T07:12:50","date_gmt":"2023-03-22T07:12:50","guid":{"rendered":"http:\/\/site2.easyceotech.com\/?post_type=product&#038;p=3576"},"modified":"2024-03-12T07:40:47","modified_gmt":"2024-03-12T07:40:47","slug":"potassium-citrate","status":"publish","type":"product","link":"https:\/\/wpachem.com\/tr\/urun\/potassium-citrate\/","title":{"rendered":"Potasyum Sitrat"},"content":{"rendered":"<div class=\"text-title\"><span data-spm-anchor-id=\"a2700.details.0.i31.5377126f26VXex\">Potasyum sitrat<\/span><\/div>\n<div class=\"text-content\" data-spm-anchor-id=\"a2700.details.0.i33.5377126f26VXex\">Potasyum sitrat bir sitrat t\u00fcr\u00fcd\u00fcr, kimyasal form\u00fcl\u00fc C6H5K3O7&#039;dir, molek\u00fcl a\u011f\u0131rl\u0131\u011f\u0131 306.39500&#039;d\u00fcr, beyaz, hafif higrofit kristal tozdur. Kokusuz, tuzlu tat, suda \u00e7\u00f6z\u00fcn\u00fcr, gliserinde yava\u015f\u00e7a \u00e7\u00f6z\u00fcn\u00fcr, alkolde \u00e7\u00f6z\u00fcnmez, tuzlu ve serin bir tada sahiptir. Bir dengeleyici ve pH tampon maddesi olarak. Uygun kullan\u0131m \u00fcretim ihtiya\u00e7lar\u0131na g\u00f6re her t\u00fcrl\u00fc g\u0131da i\u00e7in kullan\u0131labilir. T\u0131bbi olarak, \u00fcrik asit veya sistin veya b\u00f6brek ta\u015flar\u0131n\u0131 kontrol etmek, hipokalemiyi \u00f6nlemek ve tedavi etmek ve idrar\u0131n alkalile\u015ftirilmesi i\u00e7in kullan\u0131labilir.<\/div>\n<p>&nbsp;<\/p>","protected":false},"excerpt":{"rendered":"<p>\u00dcr\u00fcn Ad\u0131:Potasyum Sitrat<br \/>\nCAS Numaras\u0131:866-84-2<br \/>\nMF:C6H9KO7<br \/>\nG\u00f6r\u00fcn\u00fcm: beyaz g\u00fc\u00e7<\/p>","protected":false},"featured_media":2153,"template":"","meta":{"_acf_changed":false,"_gspb_post_css":""},"product_brand":[],"product_cat":[55,59],"product_tag":[],"class_list":{"0":"post-3576","1":"product","2":"type-product","3":"status-publish","4":"has-post-thumbnail","6":"product_cat-food-additives","7":"product_cat-acidity-regulators","9":"first","10":"instock","11":"shipping-taxable","12":"product-type-simple"},"acf":[],"_links":{"self":[{"href":"https:\/\/wpachem.com\/tr\/wp-json\/wp\/v2\/product\/3576","targetHints":{"allow":["GET"]}}],"collection":[{"href":"https:\/\/wpachem.com\/tr\/wp-json\/wp\/v2\/product"}],"about":[{"href":"https:\/\/wpachem.com\/tr\/wp-json\/wp\/v2\/types\/product"}],"version-history":[{"count":0,"href":"https:\/\/wpachem.com\/tr\/wp-json\/wp\/v2\/product\/3576\/revisions"}],"wp:featuredmedia":[{"embeddable":true,"href":"https:\/\/wpachem.com\/tr\/wp-json\/wp\/v2\/media\/2153"}],"wp:attachment":[{"href":"https:\/\/wpachem.com\/tr\/wp-json\/wp\/v2\/media?parent=3576"}],"wp:term":[{"taxonomy":"product_brand","embeddable":true,"href":"https:\/\/wpachem.com\/tr\/wp-json\/wp\/v2\/product_brand?post=3576"},{"taxonomy":"product_cat","embeddable":true,"href":"https:\/\/wpachem.com\/tr\/wp-json\/wp\/v2\/product_cat?post=3576"},{"taxonomy":"product_tag","embeddable":true,"href":"https:\/\/wpachem.com\/tr\/wp-json\/wp\/v2\/product_tag?post=3576"}],"curies":[{"name":"wp","href":"https:\/\/api.w.org\/{rel}","templated":true}]}}