{"id":3579,"date":"2023-03-22T07:14:22","date_gmt":"2023-03-22T07:14:22","guid":{"rendered":"http:\/\/site2.easyceotech.com\/?post_type=product&#038;p=3579"},"modified":"2024-03-12T07:40:44","modified_gmt":"2024-03-12T07:40:44","slug":"fumaric-acid","status":"publish","type":"product","link":"https:\/\/wpachem.com\/tr\/urun\/fumaric-acid\/","title":{"rendered":"Fumarik asit"},"content":{"rendered":"<p>Fumaric Asit HACCP Ko\u015fer Helal ISO9001 GMP BP USP EP El\u00e7ilik taraf\u0131ndan verilen sa\u011fl\u0131k sertifikas\u0131<br \/>\nFumaric Asit renksiz kristal \u015feklinde olup bir\u00e7ok mantar \u00e7e\u015fidinde ve taze s\u0131\u011f\u0131r etinde bulunur.<br \/>\n\u00c7in&#039;de \u00f6nde gelen bir g\u0131da katk\u0131 maddeleri ve g\u0131da bile\u015fenleri tedarik\u00e7isi olarak, size y\u00fcksek kaliteli Fumaric Asit sa\u011flayabiliriz. Asitlendirici olarak kullan\u0131lan Fumaric asit, bakteriyostatik ve antiseptik i\u015fleve sahiptir. Ayr\u0131ca asitlik d\u00fczenleyici, asitlendirici, termal-oksidatif diren\u00e7 yard\u0131mc\u0131s\u0131, k\u00fcrleme h\u0131zland\u0131r\u0131c\u0131 ve baharat olarak da kullan\u0131labilir.<br \/>\nEfervesan ajan\u0131n asidik maddesi olarak kullan\u0131l\u0131r, uzun ve zarif kabarc\u0131klar \u00fcretebilir. Fumaric asit, farmas\u00f6tik ara madde ve optik a\u011fartma maddesi olarak kullan\u0131labilir. Farmas\u00f6tik end\u00fcstride, aleksifarmik sodyum \u00fcretmek i\u00e7in kullan\u0131l\u0131r<br \/>\ndimerkaptos\u00fcksinat ve demir fumarat. Fumarik asit ayr\u0131ca doymam\u0131\u015f polyester re\u00e7inesi \u00fcretiminde de kullan\u0131l\u0131r.<\/p>","protected":false},"excerpt":{"rendered":"<p>\u00dcr\u00fcn Ad\u0131:Fumar Asit<br \/>\nCAS Numaras\u0131: 110-17-8<br \/>\nMF:C4H4O4<br \/>\nG\u00f6r\u00fcn\u00fcm: beyaz g\u00fc\u00e7<\/p>","protected":false},"featured_media":2161,"template":"","meta":{"_acf_changed":false,"_gspb_post_css":""},"product_brand":[],"product_cat":[24],"product_tag":[],"class_list":{"0":"post-3579","1":"product","2":"type-product","3":"status-publish","4":"has-post-thumbnail","6":"product_cat-uncategorized","8":"first","9":"instock","10":"shipping-taxable","11":"product-type-simple"},"acf":[],"_links":{"self":[{"href":"https:\/\/wpachem.com\/tr\/wp-json\/wp\/v2\/product\/3579","targetHints":{"allow":["GET"]}}],"collection":[{"href":"https:\/\/wpachem.com\/tr\/wp-json\/wp\/v2\/product"}],"about":[{"href":"https:\/\/wpachem.com\/tr\/wp-json\/wp\/v2\/types\/product"}],"version-history":[{"count":0,"href":"https:\/\/wpachem.com\/tr\/wp-json\/wp\/v2\/product\/3579\/revisions"}],"wp:featuredmedia":[{"embeddable":true,"href":"https:\/\/wpachem.com\/tr\/wp-json\/wp\/v2\/media\/2161"}],"wp:attachment":[{"href":"https:\/\/wpachem.com\/tr\/wp-json\/wp\/v2\/media?parent=3579"}],"wp:term":[{"taxonomy":"product_brand","embeddable":true,"href":"https:\/\/wpachem.com\/tr\/wp-json\/wp\/v2\/product_brand?post=3579"},{"taxonomy":"product_cat","embeddable":true,"href":"https:\/\/wpachem.com\/tr\/wp-json\/wp\/v2\/product_cat?post=3579"},{"taxonomy":"product_tag","embeddable":true,"href":"https:\/\/wpachem.com\/tr\/wp-json\/wp\/v2\/product_tag?post=3579"}],"curies":[{"name":"wp","href":"https:\/\/api.w.org\/{rel}","templated":true}]}}