{"id":3585,"date":"2023-03-22T07:23:38","date_gmt":"2023-03-22T07:23:38","guid":{"rendered":"http:\/\/site2.easyceotech.com\/?post_type=product&#038;p=3585"},"modified":"2024-03-12T07:36:02","modified_gmt":"2024-03-12T07:36:02","slug":"phosphoric-acid","status":"publish","type":"product","link":"https:\/\/wpachem.com\/tr\/urun\/phosphoric-acid\/","title":{"rendered":"Fosforik asit"},"content":{"rendered":"<p><span data-spm-anchor-id=\"a2700.details.0.i12.4bac579aHzn4oo\">Fosforik asit (orto-fosforik asit, mono-fosforik asit veya fosforik(V) asit), H3PO4 kimyasal form\u00fcl\u00fcne sahip renksiz, kokusuz fosfor i\u00e7eren kat\u0131 ve inorganik bir bile\u015fiktir. Genellikle renksiz, kokusuz ve u\u00e7ucu olmayan \u015furuplu bir s\u0131v\u0131 olan 85% sulu \u00e7\u00f6zeltisi olarak bulunur.<\/span><\/p>\n<div>\n<div>Fosforik asit g\u00fcbrelerin, deterjanlar\u0131n ve bir\u00e7ok ev temizlik \u00fcr\u00fcn\u00fcn\u00fcn bir bile\u015fenidir.<\/div>\n<div>Seyreltik \u00e7\u00f6zeltileri ho\u015f bir asit tad\u0131na sahiptir; ayr\u0131ca g\u0131da katk\u0131 maddesi olarak kullan\u0131l\u0131r, me\u015frubatlara ve di\u011fer haz\u0131r g\u0131dalara asidik \u00f6zellik kazand\u0131r\u0131r ve su ar\u0131tma \u00fcr\u00fcnlerinde kullan\u0131l\u0131r.<\/div>\n<\/div>\n<p>&nbsp;<\/p>","protected":false},"excerpt":{"rendered":"<p>\u00dcr\u00fcn Ad\u0131:Fosforik Asit<br \/>\nCAS Numaras\u0131:7664-38-2<br \/>\nMF:H3O4P<br \/>\nG\u00f6r\u00fcn\u00fcm: Berrak renksiz viskoz s\u0131v\u0131<\/p>","protected":false},"featured_media":2114,"template":"","meta":{"_acf_changed":false,"_gspb_post_css":""},"product_brand":[],"product_cat":[55,59],"product_tag":[],"class_list":{"0":"post-3585","1":"product","2":"type-product","3":"status-publish","4":"has-post-thumbnail","6":"product_cat-food-additives","7":"product_cat-acidity-regulators","9":"first","10":"instock","11":"shipping-taxable","12":"product-type-simple"},"acf":[],"_links":{"self":[{"href":"https:\/\/wpachem.com\/tr\/wp-json\/wp\/v2\/product\/3585","targetHints":{"allow":["GET"]}}],"collection":[{"href":"https:\/\/wpachem.com\/tr\/wp-json\/wp\/v2\/product"}],"about":[{"href":"https:\/\/wpachem.com\/tr\/wp-json\/wp\/v2\/types\/product"}],"version-history":[{"count":0,"href":"https:\/\/wpachem.com\/tr\/wp-json\/wp\/v2\/product\/3585\/revisions"}],"wp:featuredmedia":[{"embeddable":true,"href":"https:\/\/wpachem.com\/tr\/wp-json\/wp\/v2\/media\/2114"}],"wp:attachment":[{"href":"https:\/\/wpachem.com\/tr\/wp-json\/wp\/v2\/media?parent=3585"}],"wp:term":[{"taxonomy":"product_brand","embeddable":true,"href":"https:\/\/wpachem.com\/tr\/wp-json\/wp\/v2\/product_brand?post=3585"},{"taxonomy":"product_cat","embeddable":true,"href":"https:\/\/wpachem.com\/tr\/wp-json\/wp\/v2\/product_cat?post=3585"},{"taxonomy":"product_tag","embeddable":true,"href":"https:\/\/wpachem.com\/tr\/wp-json\/wp\/v2\/product_tag?post=3585"}],"curies":[{"name":"wp","href":"https:\/\/api.w.org\/{rel}","templated":true}]}}