{"id":3591,"date":"2023-03-22T07:28:20","date_gmt":"2023-03-22T07:28:20","guid":{"rendered":"http:\/\/site2.easyceotech.com\/?post_type=product&#038;p=3591"},"modified":"2024-03-12T07:35:53","modified_gmt":"2024-03-12T07:35:53","slug":"calcium-lactate","status":"publish","type":"product","link":"https:\/\/wpachem.com\/tr\/urun\/calcium-lactate\/","title":{"rendered":"Kalsiyum Laktat"},"content":{"rendered":"<p><span class=\"magic-7\">Kalsiyum laktat, m\u0131s\u0131r veya pirin\u00e7 fermantasyonundan sonra laktik asit t\u00fcrevidir, beyaz gran\u00fcller veya toz, laktik asit fermantasyonunun tad\u0131, hafif\u00e7e a\u015f\u0131nm\u0131\u015f, kalsiyum laktat s\u0131cak suda kolayca \u00e7\u00f6z\u00fcn\u00fcr (yakla\u015f\u0131k 5%), etanol ve di\u011fer polar olmayan \u00e7\u00f6zeltilerde \u00e7\u00f6z\u00fcnmez. \u0130\u00e7ecekleri g\u00fc\u00e7lendirirken, kararl\u0131 ve berrak bir \u00e7\u00f6zelti elde edilebilir, sulu \u00e7\u00f6zeltinin pH&#039;\u0131 6,0-7,0&#039;d\u0131r ve \u00e7\u00f6z\u00fcnd\u00fckten sonra tat hafiftir<\/span>G.<\/p>\n<p>&nbsp;<\/p>\n<p>Ba\u015fvuru<\/p>\n<p>&nbsp;<\/p>\n<p><span class=\"magic-7\" style=\"font-family: Arial;\">1. Kalsiyum laktat \u00e7e\u015fitli i\u00e7ecekler vb. i\u00e7in uygundur. Kalsiyum laktat iyi \u00e7\u00f6z\u00fcn\u00fcrl\u00fc\u011fe sahip oldu\u011fundan, homojen jelle\u015fme olu\u015fturmak kolayd\u0131r ve genellikle jelle\u015ftirici madde olarak kullan\u0131l\u0131r.<\/span><\/p>\n<div data-spm-anchor-id=\"a2700.details.0.i26.27f72c1aGwRPIe\"><span class=\"magic-7\" style=\"font-family: Arial;\"> 2. Kalsiyum laktat g\u0131da katk\u0131 maddesi olarak kullan\u0131l\u0131r, insan v\u00fccudundaki kalsiyum eksikli\u011fini gidermede, ekmek ve keklerde tamponlama maddesi ve kabarma maddesi olarak kullan\u0131l\u0131r.<\/span><\/div>\n<p>&nbsp;<\/p>","protected":false},"excerpt":{"rendered":"<p>\u00dcr\u00fcn Ad\u0131:Kalsiyum Laktat<br \/>\nCAS Numaras\u0131:814-80-2<br \/>\nMF:C3H8CaO3<br \/>\nG\u00f6r\u00fcn\u00fcm: beyaz g\u00fc\u00e7<\/p>","protected":false},"featured_media":3146,"template":"","meta":{"_acf_changed":false,"_gspb_post_css":""},"product_brand":[],"product_cat":[55,59],"product_tag":[],"class_list":{"0":"post-3591","1":"product","2":"type-product","3":"status-publish","4":"has-post-thumbnail","6":"product_cat-food-additives","7":"product_cat-acidity-regulators","9":"first","10":"instock","11":"shipping-taxable","12":"product-type-simple"},"acf":[],"_links":{"self":[{"href":"https:\/\/wpachem.com\/tr\/wp-json\/wp\/v2\/product\/3591","targetHints":{"allow":["GET"]}}],"collection":[{"href":"https:\/\/wpachem.com\/tr\/wp-json\/wp\/v2\/product"}],"about":[{"href":"https:\/\/wpachem.com\/tr\/wp-json\/wp\/v2\/types\/product"}],"version-history":[{"count":0,"href":"https:\/\/wpachem.com\/tr\/wp-json\/wp\/v2\/product\/3591\/revisions"}],"wp:featuredmedia":[{"embeddable":true,"href":"https:\/\/wpachem.com\/tr\/wp-json\/wp\/v2\/media\/3146"}],"wp:attachment":[{"href":"https:\/\/wpachem.com\/tr\/wp-json\/wp\/v2\/media?parent=3591"}],"wp:term":[{"taxonomy":"product_brand","embeddable":true,"href":"https:\/\/wpachem.com\/tr\/wp-json\/wp\/v2\/product_brand?post=3591"},{"taxonomy":"product_cat","embeddable":true,"href":"https:\/\/wpachem.com\/tr\/wp-json\/wp\/v2\/product_cat?post=3591"},{"taxonomy":"product_tag","embeddable":true,"href":"https:\/\/wpachem.com\/tr\/wp-json\/wp\/v2\/product_tag?post=3591"}],"curies":[{"name":"wp","href":"https:\/\/api.w.org\/{rel}","templated":true}]}}