{"id":3594,"date":"2023-03-22T07:31:15","date_gmt":"2023-03-22T07:31:15","guid":{"rendered":"http:\/\/site2.easyceotech.com\/?post_type=product&#038;p=3594"},"modified":"2024-03-12T07:35:46","modified_gmt":"2024-03-12T07:35:46","slug":"sodium-lactate","status":"publish","type":"product","link":"https:\/\/wpachem.com\/tr\/urun\/sodium-lactate\/","title":{"rendered":"Sodyum Laktat"},"content":{"rendered":"<div class=\"J_module\">\n<div id=\"ali-anchor-AliMagic-4nia84\" class=\"magic-3\" data-section=\"AliMagic-4nia84\" data-section-title=\"Products Description\" data-spm-anchor-id=\"a2700.details.0.i15.518c3517TyjXBG\">\u00dcr\u00fcn A\u00e7\u0131klamas\u0131<\/div>\n<\/div>\n<div class=\"J_module\">\n<div class=\"ife-detail-decorate-table\">\n<table class=\"all magic-4\">\n<tbody>\n<tr>\n<td colspan=\"1\" rowspan=\"1\">\n<div class=\"magic-5\">Yo\u011funluk<\/div>\n<\/td>\n<td colspan=\"1\" rowspan=\"1\">\n<div class=\"magic-6\">1.33<\/div>\n<\/td>\n<\/tr>\n<tr>\n<td colspan=\"1\" rowspan=\"1\">\n<div class=\"magic-5\">Kaynama noktas\u0131<\/div>\n<\/td>\n<td colspan=\"1\" rowspan=\"1\">\n<div class=\"magic-6\">760 mmHg&#039;de 227,6\u00baC<\/div>\n<\/td>\n<\/tr>\n<tr>\n<td colspan=\"1\" rowspan=\"1\">\n<div class=\"magic-5\">Erime noktas\u0131<\/div>\n<\/td>\n<td colspan=\"1\" rowspan=\"1\">\n<div class=\"magic-6\">163-165\u00baC<\/div>\n<\/td>\n<\/tr>\n<tr>\n<td colspan=\"1\" rowspan=\"1\">\n<div class=\"magic-5\">Molek\u00fcler form\u00fcl<\/div>\n<\/td>\n<td colspan=\"1\" rowspan=\"1\">\n<div class=\"magic-6\">C3H5NaO3<\/div>\n<\/td>\n<\/tr>\n<tr>\n<td colspan=\"1\" rowspan=\"1\">\n<div class=\"magic-5\">Molek\u00fcler a\u011f\u0131rl\u0131k<\/div>\n<\/td>\n<td colspan=\"1\" rowspan=\"1\">\n<div class=\"magic-6\">112.060<\/div>\n<\/td>\n<\/tr>\n<tr>\n<td colspan=\"1\" rowspan=\"1\">\n<div class=\"magic-5\">alevlenme noktas\u0131<\/div>\n<\/td>\n<td colspan=\"1\" rowspan=\"1\">\n<div class=\"magic-6\">109,9\u00baC<\/div>\n<\/td>\n<\/tr>\n<tr>\n<td colspan=\"1\" rowspan=\"1\">\n<div class=\"magic-5\">Tam k\u00fctle<\/div>\n<\/td>\n<td colspan=\"1\" rowspan=\"1\">\n<div class=\"magic-6\">112.013641<\/div>\n<\/td>\n<\/tr>\n<tr>\n<td colspan=\"1\" rowspan=\"1\">\n<div class=\"magic-5\">D\u0131\u015f g\u00f6r\u00fcn\u00fc\u015f<\/div>\n<\/td>\n<td colspan=\"1\" rowspan=\"1\">\n<div class=\"magic-6\">Toz\/S\u0131v\u0131<\/div>\n<\/td>\n<\/tr>\n<tr>\n<td colspan=\"1\" rowspan=\"1\">\n<div class=\"magic-5\">Depolama ko\u015fullar\u0131<\/div>\n<\/td>\n<td colspan=\"1\" rowspan=\"1\">\n<div class=\"magic-6\">Kab\u0131 s\u0131k\u0131ca kapat\u0131n ve serin ve kuru bir yerde saklay\u0131n.<\/div>\n<\/td>\n<\/tr>\n<tr>\n<td colspan=\"1\" rowspan=\"1\">\n<div class=\"magic-5\">\u0130stikrar<\/div>\n<\/td>\n<td colspan=\"1\" rowspan=\"1\">\n<div class=\"magic-6\">Normal s\u0131cakl\u0131klarda kararl\u0131d\u0131r<\/div>\n<\/td>\n<\/tr>\n<\/tbody>\n<\/table>\n<\/div>\n<div class=\"J_module\">\n<div class=\"detail-decorate-json-renderer-container\">\n<div class=\"magic-10\">\n<div class=\"magic-11\">\n<div class=\"magic-12\">\n<div class=\"magic-13\"><b>\u3010Ba\u015fvuru\u3011<\/b><br \/>\nSodyum L-laktat, g\u0131da koruma, nemlendirme ve lezzet art\u0131rman\u0131n yan\u0131 s\u0131ra kazein sertle\u015ftirici ve su emici ajan olarak kullan\u0131l\u0131r. G\u0131da bakteriyostaz\u0131 a\u00e7\u0131s\u0131ndan, L-sodyum laktat yaln\u0131zca \u00e7o\u011fu bozulma bakterisinin \u00fcremesini engellemekle kalmaz, ayn\u0131 zamanda Listeria monocytogenes, Salmonella, Clostridium botulinum vb. gibi bir\u00e7ok patojenik bakteri \u00fczerinde de \u00e7e\u015fitli inhibisyon derecelerine sahiptir. B\u00f6ylece et \u00fcr\u00fcnlerinin raf \u00f6mr\u00fc etkili bir \u015fekilde uzat\u0131l\u0131r. Sodyum L-laktat, pi\u015fmi\u015f jambon, rosto dana eti, tavuk g\u00f6\u011fs\u00fc gibi b\u00fct\u00fcn et \u00fcr\u00fcnlerinde ve sosisli sandvi\u00e7 sosis, taze sosis, t\u00fcts\u00fclenmi\u015f sosis ve salam gibi k\u0131yma \u00fcr\u00fcnlerinde ba\u015far\u0131yla kullan\u0131lm\u0131\u015ft\u0131r.<\/div>\n<\/div>\n<\/div>\n<\/div>\n<\/div>\n<\/div>\n<div class=\"J_module\">\n<div class=\"icbu-pc-images magic-0\">\n<div>\n<div class=\"flex-layout-v\">\n<div class=\"flex-layout-h magic-0\"><\/div>\n<\/div>\n<\/div>\n<\/div>\n<\/div>\n<\/div>\n<p>&nbsp;<\/p>","protected":false},"excerpt":{"rendered":"<p>\u00dcr\u00fcn Ad\u0131:Sodyum Laktat<br \/>\nCAS Numaras\u0131:312-85-6<br \/>\nMF:C3H5NaO3<br \/>\nG\u00f6r\u00fcn\u00fcm: beyaz g\u00fc\u00e7<\/p>","protected":false},"featured_media":2167,"template":"","meta":{"_acf_changed":false,"_gspb_post_css":""},"product_brand":[],"product_cat":[55,59],"product_tag":[],"class_list":{"0":"post-3594","1":"product","2":"type-product","3":"status-publish","4":"has-post-thumbnail","6":"product_cat-food-additives","7":"product_cat-acidity-regulators","9":"first","10":"instock","11":"shipping-taxable","12":"product-type-simple"},"acf":[],"_links":{"self":[{"href":"https:\/\/wpachem.com\/tr\/wp-json\/wp\/v2\/product\/3594","targetHints":{"allow":["GET"]}}],"collection":[{"href":"https:\/\/wpachem.com\/tr\/wp-json\/wp\/v2\/product"}],"about":[{"href":"https:\/\/wpachem.com\/tr\/wp-json\/wp\/v2\/types\/product"}],"version-history":[{"count":0,"href":"https:\/\/wpachem.com\/tr\/wp-json\/wp\/v2\/product\/3594\/revisions"}],"wp:featuredmedia":[{"embeddable":true,"href":"https:\/\/wpachem.com\/tr\/wp-json\/wp\/v2\/media\/2167"}],"wp:attachment":[{"href":"https:\/\/wpachem.com\/tr\/wp-json\/wp\/v2\/media?parent=3594"}],"wp:term":[{"taxonomy":"product_brand","embeddable":true,"href":"https:\/\/wpachem.com\/tr\/wp-json\/wp\/v2\/product_brand?post=3594"},{"taxonomy":"product_cat","embeddable":true,"href":"https:\/\/wpachem.com\/tr\/wp-json\/wp\/v2\/product_cat?post=3594"},{"taxonomy":"product_tag","embeddable":true,"href":"https:\/\/wpachem.com\/tr\/wp-json\/wp\/v2\/product_tag?post=3594"}],"curies":[{"name":"wp","href":"https:\/\/api.w.org\/{rel}","templated":true}]}}