{"id":3600,"date":"2023-03-22T07:33:12","date_gmt":"2023-03-22T07:33:12","guid":{"rendered":"http:\/\/site2.easyceotech.com\/?post_type=product&#038;p=3600"},"modified":"2024-03-12T07:35:43","modified_gmt":"2024-03-12T07:35:43","slug":"magnesium-lactate","status":"publish","type":"product","link":"https:\/\/wpachem.com\/tr\/urun\/magnesium-lactate\/","title":{"rendered":"Magnezyum laktat"},"content":{"rendered":"<div class=\"magic-2\">\n<div class=\"magic-3\">\n<h3 class=\"magic-4\"><span data-spm-anchor-id=\"a2700.details.0.i24.7fb33d04qKqUBG\">Magnezyum Laktat<\/span> Toz Tan\u0131mlama<\/h3>\n<\/div>\n<div class=\"magic-5\">\n<div class=\"magic-6\">\n<p><b>\u00dcr\u00fcn Ad\u0131<\/b>:Magnezyum Laktat Dihidrat<\/p>\n<div><b>CAS NO.<\/b>:179308-96-4<\/div>\n<div><b>Kimyasal form\u00fcl<\/b>:Mg[CH3CH(OH)COO]2\u00b72H2O<\/div>\n<div>\n<p><b>Molek\u00fcler A\u011f\u0131rl\u0131k<\/b>:238.44<\/p>\n<div><b>D\u0131\u015f g\u00f6r\u00fcn\u00fc\u015f<\/b>:Beyaz Toz<\/div>\n<div><b>\u00c7\u00f6z\u00fcn\u00fcrl\u00fck<\/b>:S\u0131cak suda serbest\u00e7e \u00e7\u00f6z\u00fcn\u00fcr<\/div>\n<div><b>Seviye<\/b>:G\u0131da S\u0131n\u0131f\u0131<\/div>\n<div><b>Standart:<\/b>USP\/BP\/CP\/FCC<\/div>\n<div><b>E numaras\u0131<\/b>:E329<\/div>\n<\/div>\n<\/div>\n<\/div>\n<\/div>\n<div class=\"magic-2\">\n<div class=\"magic-3\">\n<h3 class=\"magic-4\">Magnezyum Laktat K\u0131sa Tan\u0131t\u0131m<\/h3>\n<\/div>\n<div class=\"magic-5\">\n<div class=\"magic-7\">\n<p>Laktik asidin magnezyum tuzu olan magnezyum laktat, bir mineral takviyesidir.<\/p>\n<div><\/div>\n<div><\/div>\n<p>Magnezyum Laktat Dihidrat EP, besin takviyesi veya besin olarak kullan\u0131lan beyaz gran\u00fcl bir \u00fcr\u00fcnd\u00fcr. Magnezyum laktat, kardiyovask\u00fcler i\u015flevi desteklemeye, g\u00fc\u00e7l\u00fc kemikler olu\u015fturmaya, h\u00fccresel verimlili\u011fi korumaya ve metabolizmay\u0131 ve sinir i\u015flevini normalle\u015ftirmeye yard\u0131mc\u0131 olur. Ayr\u0131ca asitli\u011fi d\u00fczenlemek ve yiyecek ve i\u00e7ecekleri g\u00fc\u00e7lendirmek i\u00e7in kullan\u0131l\u0131r.<\/p>\n<\/div>\n<\/div>\n<\/div>\n<p>&nbsp;<\/p>","protected":false},"excerpt":{"rendered":"<p>\u00dcr\u00fcn Ad\u0131:Magnezyum laktat<br \/>\nCAS Numaras\u0131:179308-96-4<br \/>\nMF:C6H10MgO6<br \/>\nG\u00f6r\u00fcn\u00fcm: beyaz g\u00fc\u00e7<\/p>","protected":false},"featured_media":2169,"template":"","meta":{"_acf_changed":false,"_gspb_post_css":""},"product_brand":[],"product_cat":[55,59],"product_tag":[],"class_list":{"0":"post-3600","1":"product","2":"type-product","3":"status-publish","4":"has-post-thumbnail","6":"product_cat-food-additives","7":"product_cat-acidity-regulators","9":"first","10":"instock","11":"shipping-taxable","12":"product-type-simple"},"acf":[],"_links":{"self":[{"href":"https:\/\/wpachem.com\/tr\/wp-json\/wp\/v2\/product\/3600","targetHints":{"allow":["GET"]}}],"collection":[{"href":"https:\/\/wpachem.com\/tr\/wp-json\/wp\/v2\/product"}],"about":[{"href":"https:\/\/wpachem.com\/tr\/wp-json\/wp\/v2\/types\/product"}],"version-history":[{"count":0,"href":"https:\/\/wpachem.com\/tr\/wp-json\/wp\/v2\/product\/3600\/revisions"}],"wp:featuredmedia":[{"embeddable":true,"href":"https:\/\/wpachem.com\/tr\/wp-json\/wp\/v2\/media\/2169"}],"wp:attachment":[{"href":"https:\/\/wpachem.com\/tr\/wp-json\/wp\/v2\/media?parent=3600"}],"wp:term":[{"taxonomy":"product_brand","embeddable":true,"href":"https:\/\/wpachem.com\/tr\/wp-json\/wp\/v2\/product_brand?post=3600"},{"taxonomy":"product_cat","embeddable":true,"href":"https:\/\/wpachem.com\/tr\/wp-json\/wp\/v2\/product_cat?post=3600"},{"taxonomy":"product_tag","embeddable":true,"href":"https:\/\/wpachem.com\/tr\/wp-json\/wp\/v2\/product_tag?post=3600"}],"curies":[{"name":"wp","href":"https:\/\/api.w.org\/{rel}","templated":true}]}}