{"id":3606,"date":"2023-03-22T07:52:05","date_gmt":"2023-03-22T07:52:05","guid":{"rendered":"http:\/\/site2.easyceotech.com\/?post_type=product&#038;p=3606"},"modified":"2024-03-12T07:35:33","modified_gmt":"2024-03-12T07:35:33","slug":"sodium-acid-pyrophosphate","status":"publish","type":"product","link":"https:\/\/wpachem.com\/tr\/urun\/sodium-acid-pyrophosphate\/","title":{"rendered":"Sodyum Asit Pirofosfat"},"content":{"rendered":"<p><strong><span data-spm-anchor-id=\"a2700.details.0.i17.36ba2608OmAAGV\">Tan\u0131m:<\/span><\/strong><\/p>\n<p>Sodyum Asit Pirofosfat, susuz, beyaz toz halinde bir kat\u0131d\u0131r. G\u0131da katk\u0131 maddeleri i\u00e7in GB 25567-2010, FCC, EC Y\u00f6netmeli\u011fi spesifikasyonlar\u0131na uygun olarak mayalama maddesi ve Sequestrant olarak kullan\u0131labilir.<\/p>\n<p>&nbsp;<\/p>\n<p><strong>Kullan\u0131mlar\u0131:<\/strong><\/p>\n<p>Tamponlay\u0131c\u0131, mayalay\u0131c\u0131, ba\u011flay\u0131c\u0131 olarak kullan\u0131l\u0131r. Konserve g\u0131da, jambon, et, kabartma tozu vb. \u00fcr\u00fcnlerde kullan\u0131labilir.<\/p>","protected":false},"excerpt":{"rendered":"<p>\u00dcr\u00fcn Ad\u0131:Sodyum Asit Pirofosfat<br \/>\nCAS Numaras\u0131:7758-16-9<br \/>\nMF:H5NaO7P2<br \/>\nG\u00f6r\u00fcn\u00fcm: beyaz g\u00fc\u00e7<\/p>","protected":false},"featured_media":2155,"template":"","meta":{"_acf_changed":false,"_gspb_post_css":""},"product_brand":[],"product_cat":[55],"product_tag":[],"class_list":{"0":"post-3606","1":"product","2":"type-product","3":"status-publish","4":"has-post-thumbnail","6":"product_cat-food-additives","8":"first","9":"instock","10":"shipping-taxable","11":"product-type-simple"},"acf":[],"_links":{"self":[{"href":"https:\/\/wpachem.com\/tr\/wp-json\/wp\/v2\/product\/3606","targetHints":{"allow":["GET"]}}],"collection":[{"href":"https:\/\/wpachem.com\/tr\/wp-json\/wp\/v2\/product"}],"about":[{"href":"https:\/\/wpachem.com\/tr\/wp-json\/wp\/v2\/types\/product"}],"version-history":[{"count":0,"href":"https:\/\/wpachem.com\/tr\/wp-json\/wp\/v2\/product\/3606\/revisions"}],"wp:featuredmedia":[{"embeddable":true,"href":"https:\/\/wpachem.com\/tr\/wp-json\/wp\/v2\/media\/2155"}],"wp:attachment":[{"href":"https:\/\/wpachem.com\/tr\/wp-json\/wp\/v2\/media?parent=3606"}],"wp:term":[{"taxonomy":"product_brand","embeddable":true,"href":"https:\/\/wpachem.com\/tr\/wp-json\/wp\/v2\/product_brand?post=3606"},{"taxonomy":"product_cat","embeddable":true,"href":"https:\/\/wpachem.com\/tr\/wp-json\/wp\/v2\/product_cat?post=3606"},{"taxonomy":"product_tag","embeddable":true,"href":"https:\/\/wpachem.com\/tr\/wp-json\/wp\/v2\/product_tag?post=3606"}],"curies":[{"name":"wp","href":"https:\/\/api.w.org\/{rel}","templated":true}]}}