{"id":3609,"date":"2023-03-22T07:56:03","date_gmt":"2023-03-22T07:56:03","guid":{"rendered":"http:\/\/site2.easyceotech.com\/?post_type=product&#038;p=3609"},"modified":"2024-03-12T07:35:28","modified_gmt":"2024-03-12T07:35:28","slug":"sodium-tripolyphosphate","status":"publish","type":"product","link":"https:\/\/wpachem.com\/tr\/urun\/sodium-tripolyphosphate\/","title":{"rendered":"Sodyum Tripolifosfat"},"content":{"rendered":"<div><strong>1. Kimyasal Ad\u0131: Sodyum Tripolifosfat<br \/>\n2. Molek\u00fcler Form\u00fcl: Na5O10P3<br \/>\n3. Molek\u00fcler A\u011f\u0131rl\u0131k: 367.86<br \/>\n4. CAS: 231-838-7<br \/>\n5. Paketleme: \u0130\u00e7 katman olarak polietilen torba ve d\u0131\u015f katman olarak bile\u015fik plastik dokuma torba ile paketlenir. Her torban\u0131n net a\u011f\u0131rl\u0131\u011f\u0131 50 kg&#039;d\u0131r.<br \/>\n6. Depolama ve Ta\u015f\u0131ma: Kuru ve havaland\u0131r\u0131lm\u0131\u015f bir depoda saklanmal\u0131, ta\u015f\u0131ma s\u0131ras\u0131nda \u0131s\u0131 ve nemden uzak tutulmal\u0131, hasar g\u00f6rmemesi i\u00e7in dikkatli bir \u015fekilde bo\u015falt\u0131lmal\u0131d\u0131r. Ayr\u0131ca zehirli maddelerden ayr\u0131 olarak depolanmal\u0131d\u0131r.<\/strong><\/div>\n<div><strong>\u015eartname:<\/strong><\/div>\n<table>\n<tbody>\n<tr>\n<td colspan=\"1\" rowspan=\"1\">\n<div>\u00d6\u011eE<\/div>\n<\/td>\n<td colspan=\"1\" rowspan=\"1\">\n<div>STANDART<\/div>\n<\/td>\n<\/tr>\n<tr>\n<td colspan=\"1\" rowspan=\"1\">\n<div>DENEY (Na5P3O10)<\/div>\n<\/td>\n<td colspan=\"1\" rowspan=\"1\">\n<div>\u226595<\/div>\n<\/td>\n<\/tr>\n<tr>\n<td colspan=\"1\" rowspan=\"1\">\n<div>DI\u015e G\u00d6R\u00dcN\u00dc\u015e<\/div>\n<\/td>\n<td colspan=\"1\" rowspan=\"1\">\n<div>BEYAZ GRAN\u00dcL<\/div>\n<\/td>\n<\/tr>\n<tr>\n<td colspan=\"1\" rowspan=\"1\">\n<div>P2O5<\/div>\n<\/td>\n<td colspan=\"1\" rowspan=\"1\">\n<div>\u2265 57.0<\/div>\n<\/td>\n<\/tr>\n<tr>\n<td colspan=\"1\" rowspan=\"1\">\n<div>FLOR\u00dcR (PPM)<\/div>\n<\/td>\n<td colspan=\"1\" rowspan=\"1\">\n<div>\u2264 10<\/div>\n<\/td>\n<\/tr>\n<tr>\n<td colspan=\"1\" rowspan=\"1\">\n<div>KADM\u0130YUM (PPM)<\/div>\n<\/td>\n<td colspan=\"1\" rowspan=\"1\">\n<div>\u22641<\/div>\n<\/td>\n<\/tr>\n<tr>\n<td colspan=\"1\" rowspan=\"1\">\n<div>KUR\u015eUN (PPM)<\/div>\n<\/td>\n<td colspan=\"1\" rowspan=\"1\">\n<div>\u22644<\/div>\n<\/td>\n<\/tr>\n<tr>\n<td colspan=\"1\" rowspan=\"1\">\n<div>CIVA (PPM)<\/div>\n<\/td>\n<td colspan=\"1\" rowspan=\"1\">\n<div>\u22641<\/div>\n<\/td>\n<\/tr>\n<tr>\n<td colspan=\"1\" rowspan=\"1\">\n<div>ARSEN\u0130K (PPM)<\/div>\n<\/td>\n<td colspan=\"1\" rowspan=\"1\">\n<div>\u22643<\/div>\n<\/td>\n<\/tr>\n<tr>\n<td colspan=\"1\" rowspan=\"1\">\n<div>A\u011eIR Z\u0130H\u0130NSEL (PB OLARAK) (PPM)<\/div>\n<\/td>\n<td colspan=\"1\" rowspan=\"1\">\n<div>\u226410<\/div>\n<\/td>\n<\/tr>\n<tr>\n<td colspan=\"1\" rowspan=\"1\">\n<div>KLOR\u00dcRLER (CL OLARAK)<\/div>\n<\/td>\n<td colspan=\"1\" rowspan=\"1\">\n<div>\u22640,025 %<\/div>\n<\/td>\n<\/tr>\n<tr>\n<td colspan=\"1\" rowspan=\"1\">\n<div>S\u00dcLFATLAR (SO42-)<\/div>\n<\/td>\n<td colspan=\"1\" rowspan=\"1\">\n<div>\u22640,4 %<\/div>\n<\/td>\n<\/tr>\n<tr>\n<td colspan=\"1\" rowspan=\"1\">\n<div>SUDA \u00c7\u00d6Z\u00dcNMEYEN MADDELER<\/div>\n<\/td>\n<td colspan=\"1\" rowspan=\"1\">\n<div>\u22640,05 %<\/div>\n<\/td>\n<\/tr>\n<tr>\n<td colspan=\"1\" rowspan=\"1\">\n<div>PH DE\u011eER\u0130<\/div>\n<\/td>\n<td colspan=\"1\" rowspan=\"1\">\n<div>9.5% &#8211; 10.0%<\/div>\n<\/td>\n<\/tr>\n<tr>\n<td colspan=\"1\" rowspan=\"1\">\n<div>KURUTMA KAYBI<\/div>\n<\/td>\n<td colspan=\"1\" rowspan=\"1\">\n<div>\u22640.7%<\/div>\n<\/td>\n<\/tr>\n<tr>\n<td colspan=\"1\" rowspan=\"1\">\n<div>hekzahidrat<\/div>\n<\/td>\n<td colspan=\"1\" rowspan=\"1\">\n<div>\u226423.5%<\/div>\n<\/td>\n<\/tr>\n<tr>\n<td colspan=\"1\" rowspan=\"1\">\n<div>SUDA \u00c7\u00d6Z\u00dcNMEYEN MADDELER<\/div>\n<\/td>\n<td colspan=\"1\" rowspan=\"1\">\n<div>\u22640.1%<\/div>\n<\/td>\n<\/tr>\n<tr>\n<td colspan=\"1\" rowspan=\"1\">\n<div>Y\u00dcKSEK POL\u0130FOSFATLAR<\/div>\n<\/td>\n<td colspan=\"1\" rowspan=\"1\">\n<div>\u22641%<\/div>\n<\/td>\n<\/tr>\n<\/tbody>\n<\/table>\n<p>&nbsp;<\/p>","protected":false},"excerpt":{"rendered":"<p>\u00dcr\u00fcn Ad\u0131:Sodyum Tripolifosfat<br \/>\nCAS Numaras\u0131:7758-29-4<br \/>\nMF:Na5O10P3<br \/>\nG\u00f6r\u00fcn\u00fcm: beyaz g\u00fc\u00e7<\/p>","protected":false},"featured_media":2161,"template":"","meta":{"_acf_changed":false,"_gspb_post_css":""},"product_brand":[],"product_cat":[55],"product_tag":[],"class_list":{"0":"post-3609","1":"product","2":"type-product","3":"status-publish","4":"has-post-thumbnail","6":"product_cat-food-additives","8":"first","9":"instock","10":"shipping-taxable","11":"product-type-simple"},"acf":[],"_links":{"self":[{"href":"https:\/\/wpachem.com\/tr\/wp-json\/wp\/v2\/product\/3609","targetHints":{"allow":["GET"]}}],"collection":[{"href":"https:\/\/wpachem.com\/tr\/wp-json\/wp\/v2\/product"}],"about":[{"href":"https:\/\/wpachem.com\/tr\/wp-json\/wp\/v2\/types\/product"}],"version-history":[{"count":0,"href":"https:\/\/wpachem.com\/tr\/wp-json\/wp\/v2\/product\/3609\/revisions"}],"wp:featuredmedia":[{"embeddable":true,"href":"https:\/\/wpachem.com\/tr\/wp-json\/wp\/v2\/media\/2161"}],"wp:attachment":[{"href":"https:\/\/wpachem.com\/tr\/wp-json\/wp\/v2\/media?parent=3609"}],"wp:term":[{"taxonomy":"product_brand","embeddable":true,"href":"https:\/\/wpachem.com\/tr\/wp-json\/wp\/v2\/product_brand?post=3609"},{"taxonomy":"product_cat","embeddable":true,"href":"https:\/\/wpachem.com\/tr\/wp-json\/wp\/v2\/product_cat?post=3609"},{"taxonomy":"product_tag","embeddable":true,"href":"https:\/\/wpachem.com\/tr\/wp-json\/wp\/v2\/product_tag?post=3609"}],"curies":[{"name":"wp","href":"https:\/\/api.w.org\/{rel}","templated":true}]}}