{"id":3612,"date":"2023-03-22T07:58:55","date_gmt":"2023-03-22T07:58:55","guid":{"rendered":"http:\/\/site2.easyceotech.com\/?post_type=product&#038;p=3612"},"modified":"2024-03-12T07:35:25","modified_gmt":"2024-03-12T07:35:25","slug":"tetrasodium-pyrophosphate","status":"publish","type":"product","link":"https:\/\/wpachem.com\/tr\/urun\/tetrasodium-pyrophosphate\/","title":{"rendered":"tetrasodyum pirofosfat"},"content":{"rendered":"<p>TSPP beyaz toz halinde bir g\u0131da katk\u0131 maddesidir. Serbest ak\u0131\u015fkand\u0131r, suda \u00e7\u00f6z\u00fcn\u00fcr, etanolde \u00e7\u00f6z\u00fcnmez. Kokusu yoktur.<\/p>\n<p>\u00c7ok i\u015flevli bir g\u0131da katk\u0131 maddesidir, kalite art\u0131r\u0131c\u0131, tampon, \u015felatlay\u0131c\u0131 madde, em\u00fclgat\u00f6r ve besin maddesi olarak kullan\u0131l\u0131r. Tetra Sodyum Pirofosfat \u00e7e\u015fitli i\u015flenmi\u015f g\u0131dalarda kullan\u0131labilir. Esas olarak et ve su \u00fcr\u00fcnleri i\u015flemede kullan\u0131l\u0131r.<\/p>\n<p>&nbsp;<\/p>\n<p>TSPP&#039;nin \u00d6zellikleri:<\/p>\n<table border=\"1\">\n<tbody>\n<tr>\n<td>\u00d6\u011fe<\/td>\n<td>Birim<\/td>\n<td>\u015eartname<\/td>\n<\/tr>\n<tr>\n<td>Deneme (Na4P2O7 olarak)<\/td>\n<td>%<\/td>\n<td>96.5-100.5<\/td>\n<\/tr>\n<tr>\n<td>P2O5<\/td>\n<td>%<\/td>\n<td>52.5-54.0<\/td>\n<\/tr>\n<tr>\n<td>Flor\u00fcr<\/td>\n<td>ppm<\/td>\n<td>En fazla 10<\/td>\n<\/tr>\n<tr>\n<td>Gibi<\/td>\n<td>ppm<\/td>\n<td>En fazla 3<\/td>\n<\/tr>\n<tr>\n<td>Suda \u00e7\u00f6z\u00fcnmeyen madde<\/td>\n<td>%<\/td>\n<td>0.2<\/td>\n<\/tr>\n<tr>\n<td>A\u011f\u0131r metal (Pb olarak)<\/td>\n<td>ppm<\/td>\n<td>En fazla 10<\/td>\n<\/tr>\n<tr>\n<td>PH(1%)<\/td>\n<td><\/td>\n<td>9.8-10.8<\/td>\n<\/tr>\n<tr>\n<td>Yol g\u00f6stermek<\/td>\n<td>ppm<\/td>\n<td>En fazla 4<\/td>\n<\/tr>\n<tr>\n<td>Y\u0131\u011f\u0131n yo\u011funlu\u011fu<\/td>\n<td>k\u0131z\/erkek<\/td>\n<td>500-750<\/td>\n<\/tr>\n<tr>\n<td>C\u0131va(Hg)<\/td>\n<td>ppm<\/td>\n<td>1 en fazla<\/td>\n<\/tr>\n<tr>\n<td>Kadmiyum(Cd)<\/td>\n<td>ppm<\/td>\n<td>1 en fazla<\/td>\n<\/tr>\n<tr>\n<td>Ate\u015fleme kayb\u0131<\/td>\n<td>%<\/td>\n<td>0,5 maksimum<\/td>\n<\/tr>\n<\/tbody>\n<\/table>\n<p>&nbsp;<\/p>","protected":false},"excerpt":{"rendered":"<p>\u00dcr\u00fcn Ad\u0131:Tetrasodyum Pirofosfat<br \/>\nCAS Numaras\u0131:7722-88-5<br \/>\nMF:Na4O7P2<br \/>\nG\u00f6r\u00fcn\u00fcm: beyaz g\u00fc\u00e7<\/p>","protected":false},"featured_media":3012,"template":"","meta":{"_acf_changed":false,"_gspb_post_css":""},"product_brand":[],"product_cat":[55],"product_tag":[],"class_list":{"0":"post-3612","1":"product","2":"type-product","3":"status-publish","4":"has-post-thumbnail","6":"product_cat-food-additives","8":"first","9":"instock","10":"shipping-taxable","11":"product-type-simple"},"acf":[],"_links":{"self":[{"href":"https:\/\/wpachem.com\/tr\/wp-json\/wp\/v2\/product\/3612","targetHints":{"allow":["GET"]}}],"collection":[{"href":"https:\/\/wpachem.com\/tr\/wp-json\/wp\/v2\/product"}],"about":[{"href":"https:\/\/wpachem.com\/tr\/wp-json\/wp\/v2\/types\/product"}],"version-history":[{"count":0,"href":"https:\/\/wpachem.com\/tr\/wp-json\/wp\/v2\/product\/3612\/revisions"}],"wp:featuredmedia":[{"embeddable":true,"href":"https:\/\/wpachem.com\/tr\/wp-json\/wp\/v2\/media\/3012"}],"wp:attachment":[{"href":"https:\/\/wpachem.com\/tr\/wp-json\/wp\/v2\/media?parent=3612"}],"wp:term":[{"taxonomy":"product_brand","embeddable":true,"href":"https:\/\/wpachem.com\/tr\/wp-json\/wp\/v2\/product_brand?post=3612"},{"taxonomy":"product_cat","embeddable":true,"href":"https:\/\/wpachem.com\/tr\/wp-json\/wp\/v2\/product_cat?post=3612"},{"taxonomy":"product_tag","embeddable":true,"href":"https:\/\/wpachem.com\/tr\/wp-json\/wp\/v2\/product_tag?post=3612"}],"curies":[{"name":"wp","href":"https:\/\/api.w.org\/{rel}","templated":true}]}}