{"id":3615,"date":"2023-03-22T08:04:08","date_gmt":"2023-03-22T08:04:08","guid":{"rendered":"http:\/\/site2.easyceotech.com\/?post_type=product&#038;p=3615"},"modified":"2024-03-12T07:34:19","modified_gmt":"2024-03-12T07:34:19","slug":"sodium-polyphosphate","status":"publish","type":"product","link":"https:\/\/wpachem.com\/tr\/urun\/sodium-polyphosphate\/","title":{"rendered":"Sodyum polifosfat"},"content":{"rendered":"<p><b>Sodyum polifosfat<\/b>, suda kolayca \u00e7\u00f6z\u00fcn\u00fcr, organik \u00e7\u00f6z\u00fcc\u00fclerde \u00e7\u00f6z\u00fcnmez. G\u00fc\u00e7l\u00fc higroskopiklik, \u0131l\u0131k su, asit veya alkali \u00e7\u00f6zeltide ortofosfata hidrolize olmas\u0131 kolayd\u0131r. Esas olarak \u00e7e\u015fitli et \u00fcr\u00fcnleri ve k\u00fcmes hayvan\u0131 yemlerini i\u015flemek i\u00e7in kullan\u0131l\u0131r.<\/p>\n<p>&nbsp;<\/p>\n<div class=\"J_module\">\n<div id=\"ali-anchor-AliMagic-zr76kk\" class=\"magic-0\" data-section=\"AliMagic-zr76kk\" data-section-title=\"Specification\" data-spm-anchor-id=\"a2700.details.0.i18.70294919g4yi9r\">\u015eartname<\/div>\n<\/div>\n<div class=\"J_module\">\n<div class=\"ife-detail-decorate-table\">\n<table class=\"has-title all magic-10\">\n<tbody>\n<tr>\n<td colspan=\"1\" rowspan=\"1\">\n<div class=\"magic-11\">\u00dcr\u00fcn ad\u0131<\/div>\n<\/td>\n<td colspan=\"1\" rowspan=\"1\">\n<div class=\"magic-12\">Sodyum polifosfat<\/div>\n<\/td>\n<\/tr>\n<tr>\n<td colspan=\"1\" rowspan=\"1\">\n<div class=\"magic-11\">CAS<\/div>\n<\/td>\n<td colspan=\"1\" rowspan=\"1\">\n<div class=\"magic-12\">68915-31-1<\/div>\n<\/td>\n<\/tr>\n<tr>\n<td colspan=\"1\" rowspan=\"1\">\n<div class=\"magic-11\">Molek\u00fcler form\u00fcl<\/div>\n<\/td>\n<td colspan=\"1\" rowspan=\"1\">\n<div class=\"magic-12\">Na3O10P3X2<\/div>\n<\/td>\n<\/tr>\n<tr>\n<td colspan=\"1\" rowspan=\"1\">\n<div class=\"magic-11\">Molek\u00fcler a\u011f\u0131rl\u0131k<\/div>\n<\/td>\n<td colspan=\"1\" rowspan=\"1\">\n<div class=\"magic-12\">321.88<\/div>\n<\/td>\n<\/tr>\n<tr>\n<td colspan=\"1\" rowspan=\"1\">\n<div class=\"magic-11\">EINECS<\/div>\n<\/td>\n<td colspan=\"1\" rowspan=\"1\">\n<div class=\"magic-12\">272-808-3<\/div>\n<\/td>\n<\/tr>\n<tr>\n<td colspan=\"1\" rowspan=\"1\">\n<div class=\"magic-11\">Bi\u00e7im<\/div>\n<\/td>\n<td colspan=\"1\" rowspan=\"1\">\n<div class=\"magic-12\">Beyaz kristal toz<\/div>\n<\/td>\n<\/tr>\n<tr>\n<td colspan=\"1\" rowspan=\"1\">\n<div class=\"magic-11\">Ba\u015fvuru<\/div>\n<\/td>\n<td colspan=\"1\" rowspan=\"1\">\n<div class=\"magic-12\">Kalite iyile\u015ftirici; PH d\u00fczenleyici; Metal iyon \u015felatlama maddesi; Ba\u011flay\u0131c\u0131 ve genle\u015fme maddesi vb. Do\u011fal pigmentleri stabilize edebilir.<br \/>\nkonserve fasulye, meyve ve sebzeler ve g\u0131da renklerini korur; ya\u011f, dokuyu e\u015fit tutmak i\u00e7in et kutular\u0131nda em\u00fclsifiye edilebilir;<br \/>\nEt \u00fcr\u00fcnlerinde su tutma kapasitesini art\u0131rmak ve etteki ya\u011f\u0131n bozulmas\u0131n\u0131 \u00f6nlemek i\u00e7in kullan\u0131labilir. Biraya eklendi\u011finde,<br \/>\nbulan\u0131kl\u0131\u011f\u0131 \u00f6nlemek i\u00e7in lik\u00f6r berrakla\u015ft\u0131r\u0131labilir. Su kalitesinde \u00e7\u00f6kelmi\u015f yumu\u015fat\u0131c\u0131 yoktur.<\/div>\n<\/td>\n<\/tr>\n<\/tbody>\n<\/table>\n<\/div>\n<\/div>\n<p>&nbsp;<\/p>","protected":false},"excerpt":{"rendered":"<p>\u00dcr\u00fcn Ad\u0131:Sodyum polifosfat<br \/>\nCAS Numaras\u0131:68915-31-1<br \/>\nMF:Na3O10P3X2<br \/>\nG\u00f6r\u00fcn\u00fcm: beyaz g\u00fc\u00e7<\/p>","protected":false},"featured_media":2169,"template":"","meta":{"_acf_changed":false,"_gspb_post_css":""},"product_brand":[],"product_cat":[55],"product_tag":[],"class_list":{"0":"post-3615","1":"product","2":"type-product","3":"status-publish","4":"has-post-thumbnail","6":"product_cat-food-additives","8":"first","9":"instock","10":"shipping-taxable","11":"product-type-simple"},"acf":[],"_links":{"self":[{"href":"https:\/\/wpachem.com\/tr\/wp-json\/wp\/v2\/product\/3615","targetHints":{"allow":["GET"]}}],"collection":[{"href":"https:\/\/wpachem.com\/tr\/wp-json\/wp\/v2\/product"}],"about":[{"href":"https:\/\/wpachem.com\/tr\/wp-json\/wp\/v2\/types\/product"}],"version-history":[{"count":0,"href":"https:\/\/wpachem.com\/tr\/wp-json\/wp\/v2\/product\/3615\/revisions"}],"wp:featuredmedia":[{"embeddable":true,"href":"https:\/\/wpachem.com\/tr\/wp-json\/wp\/v2\/media\/2169"}],"wp:attachment":[{"href":"https:\/\/wpachem.com\/tr\/wp-json\/wp\/v2\/media?parent=3615"}],"wp:term":[{"taxonomy":"product_brand","embeddable":true,"href":"https:\/\/wpachem.com\/tr\/wp-json\/wp\/v2\/product_brand?post=3615"},{"taxonomy":"product_cat","embeddable":true,"href":"https:\/\/wpachem.com\/tr\/wp-json\/wp\/v2\/product_cat?post=3615"},{"taxonomy":"product_tag","embeddable":true,"href":"https:\/\/wpachem.com\/tr\/wp-json\/wp\/v2\/product_tag?post=3615"}],"curies":[{"name":"wp","href":"https:\/\/api.w.org\/{rel}","templated":true}]}}