{"id":3621,"date":"2023-03-22T08:19:26","date_gmt":"2023-03-22T08:19:26","guid":{"rendered":"http:\/\/site2.easyceotech.com\/?post_type=product&#038;p=3621"},"modified":"2024-03-12T07:34:19","modified_gmt":"2024-03-12T07:34:19","slug":"monocalcium-phosphate","status":"publish","type":"product","link":"https:\/\/wpachem.com\/tr\/urun\/monocalcium-phosphate\/","title":{"rendered":"Monokalsiyum Fosfat"},"content":{"rendered":"<div><span data-spm-anchor-id=\"a2700.details.0.i15.7e8521a3rP2zHO\">Kalsiyum tungstat (CaWO4), \u00e7e\u015fitli elektronik uygulamalar i\u00e7in lazer ana malzemesi olarak kullan\u0131labilen bir optik malzemedir. L\u00fcminesans ve termo-l\u00fcminesans \u00f6zelliklerine sahip bir \u015felit yap\u0131s\u0131na sahiptir. CaWO4, kanser radyoterapi uygulamalar\u0131 i\u00e7in bir radyo-duyarl\u0131la\u015ft\u0131r\u0131c\u0131n\u0131n \u00fcretiminde kullan\u0131labilir.<\/span><\/div>\n<div><\/div>\n<div>\u00dcr\u00fcn Ad\u0131: Kalsiyum Tungstat<\/div>\n<div>CAS Numaras\u0131: 7790-75-2<br \/>\nBile\u015fik Form\u00fcl\u00fc: CaWO4<br \/>\nMolek\u00fcler A\u011f\u0131rl\u0131k: 287.92<br \/>\nG\u00f6r\u00fcn\u00fcm: Beyaz ila a\u00e7\u0131k sar\u0131 toz<\/div>\n<div><\/div>\n<div><strong>\u00d6zellikler:<\/strong><\/div>\n<div>\n<table border=\"1\">\n<tbody>\n<tr>\n<td>Safl\u0131k<\/td>\n<td>99.5% dk<\/td>\n<\/tr>\n<tr>\n<td>Par\u00e7ac\u0131k boyutu<\/td>\n<td>0,5-3,0 \u03bcm<\/td>\n<\/tr>\n<tr>\n<td>Kurutma kayb\u0131<\/td>\n<td>1% maksimum<\/td>\n<\/tr>\n<tr>\n<td>Fe2O3<\/td>\n<td>0.1% maksimum<\/td>\n<\/tr>\n<tr>\n<td>Bay O<\/td>\n<td>0.1% maksimum<\/td>\n<\/tr>\n<tr>\n<td>Na2O+K2O<\/td>\n<td>0.1% maksimum<\/td>\n<\/tr>\n<tr>\n<td>Al2O3<\/td>\n<td>0.1% maksimum<\/td>\n<\/tr>\n<tr>\n<td>SiO2<\/td>\n<td>0.1% maksimum<\/td>\n<\/tr>\n<tr>\n<td>Su2O<\/td>\n<td>0.5% maks.<\/td>\n<\/tr>\n<\/tbody>\n<\/table>\n<\/div>\n<p>&nbsp;<\/p>","protected":false},"excerpt":{"rendered":"<p>\u00dcr\u00fcn Ad\u0131: Monokalsiyum Fosfat<br \/>\nCAS Numaras\u0131:7790-75-2<br \/>\nMF:CaO4W<br \/>\nG\u00f6r\u00fcn\u00fcm: beyaz g\u00fc\u00e7<\/p>","protected":false},"featured_media":2180,"template":"","meta":{"_acf_changed":false,"_gspb_post_css":""},"product_brand":[],"product_cat":[55],"product_tag":[],"class_list":{"0":"post-3621","1":"product","2":"type-product","3":"status-publish","4":"has-post-thumbnail","6":"product_cat-food-additives","8":"first","9":"instock","10":"shipping-taxable","11":"product-type-simple"},"acf":[],"_links":{"self":[{"href":"https:\/\/wpachem.com\/tr\/wp-json\/wp\/v2\/product\/3621","targetHints":{"allow":["GET"]}}],"collection":[{"href":"https:\/\/wpachem.com\/tr\/wp-json\/wp\/v2\/product"}],"about":[{"href":"https:\/\/wpachem.com\/tr\/wp-json\/wp\/v2\/types\/product"}],"version-history":[{"count":0,"href":"https:\/\/wpachem.com\/tr\/wp-json\/wp\/v2\/product\/3621\/revisions"}],"wp:featuredmedia":[{"embeddable":true,"href":"https:\/\/wpachem.com\/tr\/wp-json\/wp\/v2\/media\/2180"}],"wp:attachment":[{"href":"https:\/\/wpachem.com\/tr\/wp-json\/wp\/v2\/media?parent=3621"}],"wp:term":[{"taxonomy":"product_brand","embeddable":true,"href":"https:\/\/wpachem.com\/tr\/wp-json\/wp\/v2\/product_brand?post=3621"},{"taxonomy":"product_cat","embeddable":true,"href":"https:\/\/wpachem.com\/tr\/wp-json\/wp\/v2\/product_cat?post=3621"},{"taxonomy":"product_tag","embeddable":true,"href":"https:\/\/wpachem.com\/tr\/wp-json\/wp\/v2\/product_tag?post=3621"}],"curies":[{"name":"wp","href":"https:\/\/api.w.org\/{rel}","templated":true}]}}