{"id":3624,"date":"2023-03-22T08:22:11","date_gmt":"2023-03-22T08:22:11","guid":{"rendered":"http:\/\/site2.easyceotech.com\/?post_type=product&#038;p=3624"},"modified":"2024-03-12T07:34:19","modified_gmt":"2024-03-12T07:34:19","slug":"dicalcium-phosphate","status":"publish","type":"product","link":"https:\/\/wpachem.com\/tr\/urun\/dicalcium-phosphate\/","title":{"rendered":"Dikalsiyum Fosfat"},"content":{"rendered":"<div class=\"J_module\">\n<div class=\"detail-decorate-json-renderer-container\">\n<div class=\"magic-2\">\n<div class=\"magic-3\">\n<div class=\"magic-4\">\n<div class=\"magic-5\">\n<p><span class=\"magic-6\"><b data-spm-anchor-id=\"a2700.details.0.i34.257a4c9bCeCYb7\">\u00dcr\u00fcn Ad\u0131: Dikalsiyum Fosfat<\/b><\/span><\/p>\n<p><b>Molek\u00fcler Form\u00fcl <\/b>CaHPO4.2H2O<br \/>\n<b>Molek\u00fcler A\u011f\u0131rl\u0131k <\/b>172.09<br \/>\n<b>CAS Numaras\u0131 <\/b>7757-93-9<\/p>\n<p><b>\u00d6zellikler<br \/>\nD\u0131\u015f g\u00f6r\u00fcn\u00fc\u015f <\/b>Beyaz kristal toz<br \/>\n<b>Yo\u011funluk <\/b>25 \u00b0C&#039;de 2,306 g\/ml<br \/>\n<b>\u0130stikrar<\/b> normal ko\u015fullar alt\u0131nda kararl\u0131<\/p>\n<\/div>\n<\/div>\n<\/div>\n<\/div>\n<\/div>\n<\/div>\n<div class=\"J_module\">\n<div id=\"ali-anchor-AliMagic-8qwaor\" class=\"magic-1\" data-section=\"AliMagic-8qwaor\" data-section-title=\"Specification\">\u015eartname<\/div>\n<\/div>\n<div class=\"J_module\">\n<div class=\"ife-detail-decorate-table\">\n<table class=\"has-title all magic-7\">\n<tbody>\n<tr>\n<td colspan=\"1\" rowspan=\"1\">\n<div class=\"magic-8\"><b>\u00d6\u011fe<\/b><\/div>\n<\/td>\n<td colspan=\"1\" rowspan=\"1\">\n<div class=\"magic-9\"><b>\u015eartname<\/b><\/div>\n<\/td>\n<\/tr>\n<tr>\n<td colspan=\"1\" rowspan=\"1\">\n<div class=\"magic-8\">Toplam P<\/div>\n<\/td>\n<td colspan=\"1\" rowspan=\"1\">\n<div class=\"magic-9\">18% dk<\/div>\n<\/td>\n<\/tr>\n<tr>\n<td colspan=\"1\" rowspan=\"1\">\n<div class=\"magic-8\">Yakla\u015f\u0131k<\/div>\n<\/td>\n<td colspan=\"1\" rowspan=\"1\">\n<div class=\"magic-9\">20% dk<\/div>\n<\/td>\n<\/tr>\n<tr>\n<td colspan=\"1\" rowspan=\"1\">\n<div class=\"magic-8\">flor\u00fcr<\/div>\n<\/td>\n<td colspan=\"1\" rowspan=\"1\">\n<div class=\"magic-9\">0.18% maksimum<\/div>\n<\/td>\n<\/tr>\n<tr>\n<td colspan=\"1\" rowspan=\"1\">\n<div class=\"magic-8\">Nem<\/div>\n<\/td>\n<td colspan=\"1\" rowspan=\"1\">\n<div class=\"magic-9\">4% maksimum<\/div>\n<\/td>\n<\/tr>\n<tr>\n<td colspan=\"1\" rowspan=\"1\">\n<div class=\"magic-8\">CD<\/div>\n<\/td>\n<td colspan=\"1\" rowspan=\"1\">\n<div class=\"magic-9\">10ppm maksimum<\/div>\n<\/td>\n<\/tr>\n<tr>\n<td colspan=\"1\" rowspan=\"1\">\n<div class=\"magic-8\">Kur\u015fun<\/div>\n<\/td>\n<td colspan=\"1\" rowspan=\"1\">\n<div class=\"magic-9\">30ppm maksimum<\/div>\n<\/td>\n<\/tr>\n<tr>\n<td colspan=\"1\" rowspan=\"1\">\n<div class=\"magic-8\">Gibi<\/div>\n<\/td>\n<td colspan=\"1\" rowspan=\"1\">\n<div class=\"magic-9\">30ppm maksimum<\/div>\n<\/td>\n<\/tr>\n<tr>\n<td colspan=\"1\" rowspan=\"1\">\n<div class=\"magic-8\">Par\u00e7ac\u0131k boyutu 1 ge\u00e7i\u015f 0,5 mm<\/div>\n<\/td>\n<td colspan=\"1\" rowspan=\"1\">\n<div class=\"magic-9\">90% dakika<\/div>\n<\/td>\n<\/tr>\n<\/tbody>\n<\/table>\n<\/div>\n<\/div>\n<div class=\"J_module\">\n<div class=\"detail-decorate-json-renderer-container\">\n<div class=\"magic-2\">\n<div class=\"magic-3\">\n<div class=\"magic-4\">\n<div class=\"magic-5\"><span class=\"magic-6\"><span class=\"magic-6\"><b>Ba\u015fvuru<\/b><br \/>\nDCP yumurta ve et \u00fcretimini art\u0131r\u0131yor.<\/span><\/span><b>Paketleme ve Depolama<\/b><br \/>\n<b>Paketleme:<\/b> 25kg veya 50kg file torbada.<br \/>\n<b>Depolamak:<\/b> A\u011fz\u0131 s\u0131k\u0131ca kapal\u0131 olarak saklay\u0131n\u0131z. Serin, kuru ve iyi havaland\u0131r\u0131lan bir yerde saklay\u0131n\u0131z.<\/p>\n<p><b>G\u00fcvenlik Bilgileri<\/b><br \/>\nHava, deniz ve kara ta\u015f\u0131mac\u0131l\u0131\u011f\u0131 i\u00e7in tehlikesizdir.<br \/>\nHer bir \u00fcr\u00fcn\u00fcn detayl\u0131 g\u00fcvenlik bilgileri firmam\u0131zdan temin edebilece\u011finiz Malzeme G\u00fcvenlik Bilgi Formunda yer almaktad\u0131r.<\/p>\n<\/div>\n<\/div>\n<\/div>\n<\/div>\n<\/div>\n<\/div>\n<p>&nbsp;<\/p>","protected":false},"excerpt":{"rendered":"<p>\u00dcr\u00fcn Ad\u0131: Dikalsiyum Fosfat<br \/>\nCAS Numaras\u0131:7757-93-9<br \/>\nMF: CaHO4P<br \/>\nG\u00f6r\u00fcn\u00fcm: beyaz g\u00fc\u00e7<\/p>","protected":false},"featured_media":2155,"template":"","meta":{"_acf_changed":false,"_gspb_post_css":""},"product_brand":[],"product_cat":[55],"product_tag":[],"class_list":{"0":"post-3624","1":"product","2":"type-product","3":"status-publish","4":"has-post-thumbnail","6":"product_cat-food-additives","8":"first","9":"instock","10":"shipping-taxable","11":"product-type-simple"},"acf":[],"_links":{"self":[{"href":"https:\/\/wpachem.com\/tr\/wp-json\/wp\/v2\/product\/3624","targetHints":{"allow":["GET"]}}],"collection":[{"href":"https:\/\/wpachem.com\/tr\/wp-json\/wp\/v2\/product"}],"about":[{"href":"https:\/\/wpachem.com\/tr\/wp-json\/wp\/v2\/types\/product"}],"version-history":[{"count":0,"href":"https:\/\/wpachem.com\/tr\/wp-json\/wp\/v2\/product\/3624\/revisions"}],"wp:featuredmedia":[{"embeddable":true,"href":"https:\/\/wpachem.com\/tr\/wp-json\/wp\/v2\/media\/2155"}],"wp:attachment":[{"href":"https:\/\/wpachem.com\/tr\/wp-json\/wp\/v2\/media?parent=3624"}],"wp:term":[{"taxonomy":"product_brand","embeddable":true,"href":"https:\/\/wpachem.com\/tr\/wp-json\/wp\/v2\/product_brand?post=3624"},{"taxonomy":"product_cat","embeddable":true,"href":"https:\/\/wpachem.com\/tr\/wp-json\/wp\/v2\/product_cat?post=3624"},{"taxonomy":"product_tag","embeddable":true,"href":"https:\/\/wpachem.com\/tr\/wp-json\/wp\/v2\/product_tag?post=3624"}],"curies":[{"name":"wp","href":"https:\/\/api.w.org\/{rel}","templated":true}]}}