{"id":3627,"date":"2023-03-22T08:24:44","date_gmt":"2023-03-22T08:24:44","guid":{"rendered":"http:\/\/site2.easyceotech.com\/?post_type=product&#038;p=3627"},"modified":"2024-03-12T07:34:19","modified_gmt":"2024-03-12T07:34:19","slug":"tricalcium-phosphate","status":"publish","type":"product","link":"https:\/\/wpachem.com\/tr\/urun\/tricalcium-phosphate\/","title":{"rendered":"Trikalsiyum Fosfat"},"content":{"rendered":"<h2>En \u0130yi Fiyat Cas 1306-06-5 Kalsiyum Hidroksilapatit Tozu Di\u015f Macunu Nano Hidroksiapatit<\/h2>\n<p><strong>Neden Bizi Se\u00e7melisiniz?<\/strong><\/p>\n<p>1: FABR\u0130KA DO\u011eRUDAN F\u0130YATI.<br \/>\n2: G\u00dcZEL KAL\u0130TE.<br \/>\n3: 5 G\u00dcN \u0130\u00c7\u0130NDE HIZLI KARGO.<br \/>\n4: Minimum Sipari\u015f Adedi Yok, 1KG TAMAM. K\u00dc\u00c7\u00dcK S\u0130PAR\u0130\u015eLER HO\u015e GELD\u0130N\u0130Z..<br \/>\n5: ONLINE \u00d6DEME.<br \/>\n6: DESTEK 7 G\u00dcN \u0130ADE.<br \/>\n7: SATI\u015e SONRASI H\u0130ZMETLER 7\/24<\/p>\n<p>&nbsp;<\/p>\n<table border=\"1\">\n<tbody>\n<tr>\n<td><span data-spm-anchor-id=\"a2700.details.0.i28.4e5e2088RdrEV4\">\u00dcr\u00fcn Ad\u0131<\/span><\/td>\n<td>Hidroksiapatit<\/td>\n<\/tr>\n<tr>\n<td>Seviye<\/td>\n<td>Kozmetik s\u0131n\u0131f\u0131 ve g\u0131da s\u0131n\u0131f\u0131<\/td>\n<\/tr>\n<tr>\n<td data-spm-anchor-id=\"a2700.details.0.i27.4e5e2088RdrEV4\">\u015eartname<\/td>\n<td>Nano<\/td>\n<\/tr>\n<tr>\n<td>CAS<\/td>\n<td>1306-06-5<\/td>\n<\/tr>\n<tr>\n<td>Depolamak<\/td>\n<td>Nemden ve \u0131s\u0131dan kesinlikle uzak tutunuz ancak serin ve kuru bir yerde saklay\u0131n\u0131z<\/td>\n<\/tr>\n<tr>\n<td>D\u0131\u015f g\u00f6r\u00fcn\u00fc\u015f<\/td>\n<td>Beyaz toz<\/td>\n<\/tr>\n<tr>\n<td>Raf \u00f6mr\u00fc<\/td>\n<td>2 Y\u0131l<\/td>\n<\/tr>\n<\/tbody>\n<\/table>\n<p>&nbsp;<\/p>","protected":false},"excerpt":{"rendered":"<p>\u00dcr\u00fcn Ad\u0131:Trikalsiyum Fosfat<br \/>\nCAS No:1306-06-5<br \/>\nMF:Ca5HO13P3<br \/>\nG\u00f6r\u00fcn\u00fcm: beyaz g\u00fc\u00e7<\/p>","protected":false},"featured_media":0,"template":"","meta":{"_acf_changed":false,"_gspb_post_css":""},"product_brand":[],"product_cat":[55],"product_tag":[],"class_list":{"0":"post-3627","1":"product","2":"type-product","3":"status-publish","5":"product_cat-food-additives","7":"first","8":"instock","9":"shipping-taxable","10":"product-type-simple"},"acf":[],"_links":{"self":[{"href":"https:\/\/wpachem.com\/tr\/wp-json\/wp\/v2\/product\/3627","targetHints":{"allow":["GET"]}}],"collection":[{"href":"https:\/\/wpachem.com\/tr\/wp-json\/wp\/v2\/product"}],"about":[{"href":"https:\/\/wpachem.com\/tr\/wp-json\/wp\/v2\/types\/product"}],"version-history":[{"count":0,"href":"https:\/\/wpachem.com\/tr\/wp-json\/wp\/v2\/product\/3627\/revisions"}],"wp:attachment":[{"href":"https:\/\/wpachem.com\/tr\/wp-json\/wp\/v2\/media?parent=3627"}],"wp:term":[{"taxonomy":"product_brand","embeddable":true,"href":"https:\/\/wpachem.com\/tr\/wp-json\/wp\/v2\/product_brand?post=3627"},{"taxonomy":"product_cat","embeddable":true,"href":"https:\/\/wpachem.com\/tr\/wp-json\/wp\/v2\/product_cat?post=3627"},{"taxonomy":"product_tag","embeddable":true,"href":"https:\/\/wpachem.com\/tr\/wp-json\/wp\/v2\/product_tag?post=3627"}],"curies":[{"name":"wp","href":"https:\/\/api.w.org\/{rel}","templated":true}]}}