{"id":3634,"date":"2023-03-22T08:42:17","date_gmt":"2023-03-22T08:42:17","guid":{"rendered":"http:\/\/site2.easyceotech.com\/?post_type=product&#038;p=3634"},"modified":"2024-03-12T07:34:19","modified_gmt":"2024-03-12T07:34:19","slug":"disodium-phosphate","status":"publish","type":"product","link":"https:\/\/wpachem.com\/tr\/urun\/disodium-phosphate\/","title":{"rendered":"Disodyum Fosfat"},"content":{"rendered":"<div class=\"J_module\">\n<div class=\"detail-decorate-json-renderer-container\">\n<div class=\"magic-6\">\n<div class=\"magic-7\" data-spm-anchor-id=\"a2700.details.0.i23.6d165f77On6SHC\">\n<div class=\"magic-8\">\n<div class=\"magic-9\">\n<div>T\u00fcr: End\u00fcstri kullan\u0131m\u0131Men\u015fei: \u00c7in<br \/>\nCAS Numaras\u0131: 7558-79-4<br \/>\nAmbalaj: 25 kg&#039;l\u0131k varil Disodyum fosfat a\u00e7\u0131klamas\u0131: Fosfat ilavesi a\u015fa\u011f\u0131daki gibidir Disodyum hidrojen fosfat, sodyum monohidrojen fosfat olarak da bilinir, kimyasal form\u00fcl\u00fc Na2HPO4, sodyum asitlerinden biridir<br \/>\nfosforik asit taraf\u0131ndan \u00fcretilen tuzlar. Suda \u00e7\u00f6z\u00fcnen, beyaz bir tozdur, sulu \u00e7\u00f6zeltisi zay\u0131f alkalidir.<br \/>\nDisodyum Fosfat Depolama\uff1a<br \/>\nHavaland\u0131r\u0131lm\u0131\u015f bir yerde, ya\u011fmur, nem ve g\u00fcne\u015f \u0131\u015f\u0131\u011f\u0131ndan ka\u00e7\u0131narak stoklay\u0131n. L\u00fctfen torban\u0131n hasar g\u00f6rmesini \u00f6nlemek i\u00e7in dikkatli bir \u015fekilde tutun, toksik maddelerden uzakta saklay\u0131n.<\/div>\n<\/div>\n<\/div>\n<\/div>\n<\/div>\n<\/div>\n<\/div>\n<div class=\"J_module\">\n<div class=\"ife-detail-decorate-table\">\n<table class=\"all magic-10\">\n<tbody>\n<tr>\n<td colspan=\"2\" rowspan=\"1\">\n<div class=\"magic-11\">\u015eartname<\/div>\n<\/td>\n<td colspan=\"1\" rowspan=\"1\">\n<div class=\"magic-13\">GB 25568-2010<\/div>\n<\/td>\n<td colspan=\"1\" rowspan=\"1\">\n<div class=\"magic-14\">FCC VII<\/div>\n<\/td>\n<\/tr>\n<tr>\n<td colspan=\"2\" rowspan=\"1\">\n<div class=\"magic-11\">\u0130\u00e7erik Na2HPO4, (Kuru Bazda), w\/%\u2265<\/div>\n<\/td>\n<td colspan=\"1\" rowspan=\"1\">\n<div class=\"magic-13\">98.0<\/div>\n<\/td>\n<td colspan=\"1\" rowspan=\"1\">\n<div class=\"magic-14\">98.0<\/div>\n<\/td>\n<\/tr>\n<tr>\n<td colspan=\"2\" rowspan=\"1\">\n<div class=\"magic-11\">Arsenik(As),mg\/kg \u2264<\/div>\n<\/td>\n<td colspan=\"1\" rowspan=\"1\">\n<div class=\"magic-13\">3<\/div>\n<\/td>\n<td colspan=\"1\" rowspan=\"1\">\n<div class=\"magic-14\">3<\/div>\n<\/td>\n<\/tr>\n<tr>\n<td colspan=\"2\" rowspan=\"1\">\n<div class=\"magic-11\">A\u011f\u0131r Metal (Pb Olarak)\uff0cmg\/kg \u2264<\/div>\n<\/td>\n<td colspan=\"1\" rowspan=\"1\">\n<div class=\"magic-13\">10<\/div>\n<\/td>\n<td colspan=\"1\" rowspan=\"1\">\n<div class=\"magic-14\">\u2014\u2014\u2014\u2014<\/div>\n<\/td>\n<\/tr>\n<tr>\n<td colspan=\"2\" rowspan=\"1\">\n<div class=\"magic-11\">Kur\u015fun(Pb),mg\/kg \u2264<\/div>\n<\/td>\n<td colspan=\"1\" rowspan=\"1\">\n<div class=\"magic-13\">4<\/div>\n<\/td>\n<td colspan=\"1\" rowspan=\"1\">\n<div class=\"magic-14\">4<\/div>\n<\/td>\n<\/tr>\n<tr>\n<td colspan=\"2\" rowspan=\"1\">\n<div class=\"magic-11\">Flor\u00fcrler (F olarak), mg\/kg \u2264<\/div>\n<\/td>\n<td colspan=\"1\" rowspan=\"1\">\n<div class=\"magic-13\">50<\/div>\n<\/td>\n<td colspan=\"1\" rowspan=\"1\">\n<div class=\"magic-14\">50<\/div>\n<\/td>\n<\/tr>\n<tr>\n<td colspan=\"2\" rowspan=\"1\">\n<div class=\"magic-11\">\u00c7\u00f6z\u00fcnmeyen Maddeler, w\/% \u2264<\/div>\n<\/td>\n<td colspan=\"1\" rowspan=\"1\">\n<div class=\"magic-13\">0.2<\/div>\n<\/td>\n<td colspan=\"1\" rowspan=\"1\">\n<div class=\"magic-14\">0.2<\/div>\n<\/td>\n<\/tr>\n<tr>\n<td colspan=\"1\" rowspan=\"1\">\n<div class=\"magic-15\">Kurutma Kayb\u0131, w\/%<\/div>\n<\/td>\n<td colspan=\"1\" rowspan=\"1\">\n<div class=\"magic-13\">Na2HPO4 \u2264<\/div>\n<\/td>\n<td colspan=\"1\" rowspan=\"1\">\n<div class=\"magic-13\">5.0<\/div>\n<\/td>\n<td colspan=\"1\" rowspan=\"1\">\n<div class=\"magic-14\">5.0<\/div>\n<\/td>\n<\/tr>\n<tr>\n<td colspan=\"1\" rowspan=\"1\">\n<div class=\"magic-15\"><\/div>\n<\/td>\n<td colspan=\"1\" rowspan=\"1\">\n<div class=\"magic-13\">Na2HPO4\u00b72H2O<\/div>\n<\/td>\n<td colspan=\"1\" rowspan=\"1\">\n<div class=\"magic-13\">18.0-22.0<\/div>\n<\/td>\n<td colspan=\"1\" rowspan=\"1\">\n<div class=\"magic-14\">18.0-22.0<\/div>\n<\/td>\n<\/tr>\n<tr>\n<td colspan=\"1\" rowspan=\"1\">\n<div class=\"magic-15\"><\/div>\n<\/td>\n<td colspan=\"1\" rowspan=\"1\">\n<div class=\"magic-13\">Na2HPO4\u00b712H2O \u2264<\/div>\n<\/td>\n<td colspan=\"1\" rowspan=\"1\">\n<div class=\"magic-13\">61.0<\/div>\n<\/td>\n<td colspan=\"1\" rowspan=\"1\">\n<div class=\"magic-14\">\u2014\u2014\u2014\u2014<\/div>\n<\/td>\n<\/tr>\n<\/tbody>\n<\/table>\n<\/div>\n<\/div>\n<p>&nbsp;<\/p>","protected":false},"excerpt":{"rendered":"<p>\u00dcr\u00fcn Ad\u0131:Disodyum Fosfat<br \/>\nCAS Numaras\u0131:7558-79-4<br \/>\nMF:C9H9N3O3S<br \/>\nG\u00f6r\u00fcn\u00fcm: beyaz g\u00fc\u00e7<\/p>","protected":false},"featured_media":2157,"template":"","meta":{"_acf_changed":false,"_gspb_post_css":""},"product_brand":[],"product_cat":[55],"product_tag":[],"class_list":{"0":"post-3634","1":"product","2":"type-product","3":"status-publish","4":"has-post-thumbnail","6":"product_cat-food-additives","8":"first","9":"instock","10":"shipping-taxable","11":"product-type-simple"},"acf":[],"_links":{"self":[{"href":"https:\/\/wpachem.com\/tr\/wp-json\/wp\/v2\/product\/3634","targetHints":{"allow":["GET"]}}],"collection":[{"href":"https:\/\/wpachem.com\/tr\/wp-json\/wp\/v2\/product"}],"about":[{"href":"https:\/\/wpachem.com\/tr\/wp-json\/wp\/v2\/types\/product"}],"version-history":[{"count":0,"href":"https:\/\/wpachem.com\/tr\/wp-json\/wp\/v2\/product\/3634\/revisions"}],"wp:featuredmedia":[{"embeddable":true,"href":"https:\/\/wpachem.com\/tr\/wp-json\/wp\/v2\/media\/2157"}],"wp:attachment":[{"href":"https:\/\/wpachem.com\/tr\/wp-json\/wp\/v2\/media?parent=3634"}],"wp:term":[{"taxonomy":"product_brand","embeddable":true,"href":"https:\/\/wpachem.com\/tr\/wp-json\/wp\/v2\/product_brand?post=3634"},{"taxonomy":"product_cat","embeddable":true,"href":"https:\/\/wpachem.com\/tr\/wp-json\/wp\/v2\/product_cat?post=3634"},{"taxonomy":"product_tag","embeddable":true,"href":"https:\/\/wpachem.com\/tr\/wp-json\/wp\/v2\/product_tag?post=3634"}],"curies":[{"name":"wp","href":"https:\/\/api.w.org\/{rel}","templated":true}]}}