{"id":3637,"date":"2023-03-24T05:22:27","date_gmt":"2023-03-24T05:22:27","guid":{"rendered":"http:\/\/site2.easyceotech.com\/?post_type=product&#038;p=3637"},"modified":"2024-03-12T07:34:19","modified_gmt":"2024-03-12T07:34:19","slug":"l-sodium-glutamate","status":"publish","type":"product","link":"https:\/\/wpachem.com\/tr\/urun\/l-sodium-glutamate\/","title":{"rendered":"L-(+)Sodyum glutamat"},"content":{"rendered":"<p>1.\u00dcr\u00fcn ad\u0131:Mono Sodyum Glutamat 98%<\/p>\n<p>2.hammadde:M\u0131s\u0131r<\/p>\n<p>3.Kullan\u0131m: Monosodyum Glutamat, g\u0131dalar\u0131n lezzet artt\u0131r\u0131c\u0131s\u0131 olarak kullan\u0131l\u0131r, \u00f6rne\u011fin:<\/p>\n<p>\u2013 Do\u011frudan mutfa\u011fa koyun<\/p>\n<p>\u2013 Kuru veya \u0131slak \u00e7orba \u00e7ubuklar\u0131, k\u00fcp do\u011franm\u0131\u015f \u00e7orba ekleyin<\/p>\n<p>\u2013 Dondurulmu\u015f g\u0131da, aksenik paketlenmi\u015f g\u0131da ekleyin<\/p>\n<p>\u2013 Jambon, deniz \u00fcr\u00fcnleri ve k\u00fcrleme g\u0131dalar\u0131n\u0131n i\u015flenmesine ekleyin<\/p>\n<p>\u2013 Baharat, tuzlu, aroma vb. ekleyin.<\/p>","protected":false},"excerpt":{"rendered":"<p>\u00dcr\u00fcn Ad\u0131: L-(+)Sodyum glutamat<br \/>\nCAS Numaras\u0131: 142-47-2<br \/>\nMF:C5H10NNaO4<br \/>\nG\u00f6r\u00fcn\u00fcm: Beyaz Kristal Toz<\/p>","protected":false},"featured_media":2150,"template":"","meta":{"_acf_changed":false,"_gspb_post_css":""},"product_brand":[],"product_cat":[55,101],"product_tag":[],"class_list":{"0":"post-3637","1":"product","2":"type-product","3":"status-publish","4":"has-post-thumbnail","6":"product_cat-food-additives","7":"product_cat-flavour-enhancer-food-additives","9":"first","10":"instock","11":"shipping-taxable","12":"product-type-simple"},"acf":[],"_links":{"self":[{"href":"https:\/\/wpachem.com\/tr\/wp-json\/wp\/v2\/product\/3637","targetHints":{"allow":["GET"]}}],"collection":[{"href":"https:\/\/wpachem.com\/tr\/wp-json\/wp\/v2\/product"}],"about":[{"href":"https:\/\/wpachem.com\/tr\/wp-json\/wp\/v2\/types\/product"}],"version-history":[{"count":0,"href":"https:\/\/wpachem.com\/tr\/wp-json\/wp\/v2\/product\/3637\/revisions"}],"wp:featuredmedia":[{"embeddable":true,"href":"https:\/\/wpachem.com\/tr\/wp-json\/wp\/v2\/media\/2150"}],"wp:attachment":[{"href":"https:\/\/wpachem.com\/tr\/wp-json\/wp\/v2\/media?parent=3637"}],"wp:term":[{"taxonomy":"product_brand","embeddable":true,"href":"https:\/\/wpachem.com\/tr\/wp-json\/wp\/v2\/product_brand?post=3637"},{"taxonomy":"product_cat","embeddable":true,"href":"https:\/\/wpachem.com\/tr\/wp-json\/wp\/v2\/product_cat?post=3637"},{"taxonomy":"product_tag","embeddable":true,"href":"https:\/\/wpachem.com\/tr\/wp-json\/wp\/v2\/product_tag?post=3637"}],"curies":[{"name":"wp","href":"https:\/\/api.w.org\/{rel}","templated":true}]}}