{"id":3640,"date":"2023-03-24T05:26:07","date_gmt":"2023-03-24T05:26:07","guid":{"rendered":"http:\/\/site2.easyceotech.com\/?post_type=product&#038;p=3640"},"modified":"2024-03-12T07:33:16","modified_gmt":"2024-03-12T07:33:16","slug":"ethyl-vanillin","status":"publish","type":"product","link":"https:\/\/wpachem.com\/tr\/urun\/ethyl-vanillin\/","title":{"rendered":"Etil vanilin"},"content":{"rendered":"<div class=\"J_module\">\n<div class=\"detail-decorate-json-renderer-container\">\n<div class=\"magic-4\">\n<div class=\"magic-5\">\n<div class=\"magic-6\">\n<div class=\"magic-7\">\n<div><span class=\"magic-8\" style=\"font-family: Arial;\"><span class=\"magic-9\" data-spm-anchor-id=\"a2700.details.0.i25.5dc33058F8KHm6\">\u00dcr\u00fcn Ad\u0131:<\/span> Etil vanilin<\/span><\/div>\n<div><span class=\"magic-8\" style=\"font-family: Arial;\">CAS: 121-32-4<\/span><\/div>\n<div><span class=\"magic-8\" style=\"font-family: Arial;\">\u00c7\u00c7:166.17<\/span><\/div>\n<div><span class=\"magic-8\" style=\"font-family: Arial;\">MF: C9H10O3<\/span><\/div>\n<div><span class=\"magic-8\" style=\"font-family: Arial;\">G\u00f6r\u00fcn\u00fcm: Beyaz veya hafif sar\u0131ms\u0131, kristal toz<\/span><\/div>\n<div><span class=\"magic-8\" style=\"font-family: Arial;\">Safl\u0131k:99%<\/span><\/div>\n<\/div>\n<\/div>\n<\/div>\n<\/div>\n<\/div>\n<\/div>\n<div class=\"J_module\">\n<div id=\"ali-anchor-AliMagic-irdkp0\" class=\"magic-0\" data-section=\"AliMagic-irdkp0\" data-section-title=\"Specification\">\u015eartname<\/div>\n<\/div>\n<div class=\"J_module\">\n<div class=\"ife-detail-decorate-table\">\n<table class=\"has-title is-zebra hight-light-first-column all magic-10\">\n<tbody>\n<tr>\n<td colspan=\"1\" rowspan=\"1\">\n<div class=\"magic-11\"><span class=\"magic-8\" style=\"font-family: Arial;\">Analiz \u0130\u00e7eri\u011fi<\/span><\/div>\n<\/td>\n<td colspan=\"1\" rowspan=\"1\">\n<div class=\"magic-12\"><span class=\"magic-8\" style=\"font-family: Arial;\">Analiz Standard\u0131<\/span><\/div>\n<\/td>\n<td colspan=\"1\" rowspan=\"1\">\n<div class=\"magic-13\"><span class=\"magic-8\" style=\"font-family: Arial;\">Analiz Sonu\u00e7lar\u0131<\/span><\/div>\n<\/td>\n<\/tr>\n<tr>\n<td colspan=\"1\" rowspan=\"1\">\n<div class=\"magic-11\"><span class=\"magic-8\" style=\"font-family: Arial;\">D\u0131\u015f g\u00f6r\u00fcn\u00fc\u015f<\/span><\/div>\n<\/td>\n<td colspan=\"1\" rowspan=\"1\">\n<div class=\"magic-12\"><span class=\"magic-8\" style=\"font-family: Arial;\">Beyaz veya hafif sar\u0131ms\u0131, kristal toz<\/span><\/div>\n<\/td>\n<td colspan=\"1\" rowspan=\"1\">\n<div class=\"magic-13\"><span class=\"magic-8\" style=\"font-family: Arial;\">Uyumlu<\/span><\/div>\n<\/td>\n<\/tr>\n<tr>\n<td colspan=\"1\" rowspan=\"1\">\n<div class=\"magic-11\"><span class=\"magic-8\" style=\"font-family: Arial;\">Deneme<\/span><\/div>\n<\/td>\n<td colspan=\"1\" rowspan=\"1\">\n<div class=\"magic-12\"><span class=\"magic-8\" style=\"font-family: Arial;\">98% dakika<\/span><\/div>\n<\/td>\n<td colspan=\"1\" rowspan=\"1\">\n<div class=\"magic-13\"><span class=\"magic-8\" style=\"font-family: Arial;\">98.81%<\/span><\/div>\n<\/td>\n<\/tr>\n<tr>\n<td colspan=\"1\" rowspan=\"1\">\n<div class=\"magic-11\"><span class=\"magic-8\" style=\"font-family: Arial;\">Koku\/Lezzet<\/span><\/div>\n<\/td>\n<td colspan=\"1\" rowspan=\"1\">\n<div class=\"magic-12\"><span class=\"magic-8\" style=\"font-family: Arial;\">Vanilya tad\u0131na benzer<\/span><\/div>\n<\/td>\n<td colspan=\"1\" rowspan=\"1\">\n<div class=\"magic-13\"><span class=\"magic-8\" style=\"font-family: Arial;\">Uyumlu<\/span><\/div>\n<\/td>\n<\/tr>\n<tr>\n<td colspan=\"1\" rowspan=\"1\">\n<div class=\"magic-11\"><span class=\"magic-8\" style=\"font-family: Arial;\">\u00c7\u00f6z\u00fcn\u00fcrl\u00fck (25Deg.C)<\/span><\/div>\n<\/td>\n<td colspan=\"1\" rowspan=\"1\">\n<div class=\"magic-12\"><span class=\"magic-8\" style=\"font-family: Arial;\">3 ml 70% etil alkol veya 2 ml 95% etil alkolde 1 g tam \u00e7\u00f6zelti<\/span><\/div>\n<\/td>\n<td colspan=\"1\" rowspan=\"1\">\n<div class=\"magic-13\"><span class=\"magic-8\" style=\"font-family: Arial;\">Uyumlu<\/span><\/div>\n<\/td>\n<\/tr>\n<tr>\n<td colspan=\"1\" rowspan=\"1\">\n<div class=\"magic-11\"><span class=\"magic-8\" style=\"font-family: Arial;\">Erime noktas\u0131 (25\u00b0C)<\/span><\/div>\n<\/td>\n<td colspan=\"1\" rowspan=\"1\">\n<div class=\"magic-12\"><span class=\"magic-8\" style=\"font-family: Arial;\">76.0-78.0<\/span><\/div>\n<\/td>\n<td colspan=\"1\" rowspan=\"1\">\n<div class=\"magic-13\"><span class=\"magic-8\" style=\"font-family: Arial;\">76.7<\/span><\/div>\n<\/td>\n<\/tr>\n<tr>\n<td colspan=\"1\" rowspan=\"1\">\n<div class=\"magic-11\"><span class=\"magic-8\" style=\"font-family: Arial;\">Kurutma kayb\u0131<\/span><\/div>\n<\/td>\n<td colspan=\"1\" rowspan=\"1\">\n<div class=\"magic-12\"><span class=\"magic-8\" style=\"font-family: Arial;\">0.5% maks.<\/span><\/div>\n<\/td>\n<td colspan=\"1\" rowspan=\"1\">\n<div class=\"magic-13\"><span class=\"magic-8\" style=\"font-family: Arial;\">0.11%<\/span><\/div>\n<\/td>\n<\/tr>\n<tr>\n<td colspan=\"1\" rowspan=\"1\">\n<div class=\"magic-11\"><span class=\"magic-8\" style=\"font-family: Arial;\">\u0130\u00e7eri\u011fi As<\/span><\/div>\n<\/td>\n<td colspan=\"1\" rowspan=\"1\">\n<div class=\"magic-12\"><span class=\"magic-8\" style=\"font-family: Arial;\">3ppm maksimum<\/span><\/div>\n<\/td>\n<td colspan=\"1\" rowspan=\"1\">\n<div class=\"magic-13\"><span class=\"magic-8\" style=\"font-family: Arial;\">Uyumlu<\/span><\/div>\n<\/td>\n<\/tr>\n<tr>\n<td colspan=\"1\" rowspan=\"1\">\n<div class=\"magic-11\"><span class=\"magic-8\" style=\"font-family: Arial;\">A\u011f\u0131r Metaller(pb olarak)<\/span><\/div>\n<\/td>\n<td colspan=\"1\" rowspan=\"1\">\n<div class=\"magic-12\"><span class=\"magic-8\" style=\"font-family: Arial;\">10ppm maksimum<\/span><\/div>\n<\/td>\n<td colspan=\"1\" rowspan=\"1\">\n<div class=\"magic-13\"><span class=\"magic-8\" style=\"font-family: Arial;\">Uyumlu<\/span><\/div>\n<\/td>\n<\/tr>\n<tr>\n<td colspan=\"1\" rowspan=\"1\">\n<div class=\"magic-11\"><span class=\"magic-8\" style=\"font-family: Arial;\">Ate\u015flemede kal\u0131nt\u0131<\/span><\/div>\n<\/td>\n<td colspan=\"1\" rowspan=\"1\">\n<div class=\"magic-12\"><span class=\"magic-8\" style=\"font-family: Arial;\">0.05% maks.<\/span><\/div>\n<\/td>\n<td colspan=\"1\" rowspan=\"1\">\n<div class=\"magic-13\"><span class=\"magic-8\" style=\"font-family: Arial;\">0.01%<\/span><\/div>\n<\/td>\n<\/tr>\n<\/tbody>\n<\/table>\n<\/div>\n<\/div>\n<div class=\"J_module\">\n<div id=\"ali-anchor-AliMagic-7xd6wv\" class=\"magic-0\" data-section=\"AliMagic-7xd6wv\" data-section-title=\"Application\">Ba\u015fvuru<\/div>\n<\/div>\n<div class=\"J_module\">\n<div class=\"detail-decorate-json-renderer-container\">\n<div class=\"magic-4\">\n<div class=\"magic-5\">\n<div class=\"magic-6\">\n<div class=\"magic-7\"><span class=\"magic-8\" style=\"font-family: Arial;\">1. Etil Vanilin en \u00f6nemli yenilebilir tatlardan biridir, g\u0131da katk\u0131 maddesi end\u00fcstrisinde vazge\u00e7ilmez ve \u00f6nemli bir hammaddedir ve g\u0131da, \u015fekerleme, \u015fekerleme, dondurma, i\u00e7ecek ve kozmetiklerde koku artt\u0131r\u0131c\u0131 ve sabitleyici olarak yayg\u0131n olarak kullan\u0131l\u0131r. 2. Ayr\u0131ca yem katk\u0131 maddesi olarak ve elektrokaplama end\u00fcstrisinde parlat\u0131c\u0131 olarak kullan\u0131l\u0131r.<\/span><\/div>\n<\/div>\n<\/div>\n<\/div>\n<\/div>\n<\/div>\n<p>&nbsp;<\/p>","protected":false},"excerpt":{"rendered":"<p>\u00dcr\u00fcn Ad\u0131: Etil vanilin<br \/>\nCAS Numaras\u0131: 121-32-4<br \/>\nMF:C9H10O3<br \/>\nG\u00f6r\u00fcn\u00fcm: Beyaz veya hafif sar\u0131ms\u0131, kristal toz<\/p>","protected":false},"featured_media":2103,"template":"","meta":{"_acf_changed":false,"_gspb_post_css":""},"product_brand":[],"product_cat":[55,101],"product_tag":[],"class_list":{"0":"post-3640","1":"product","2":"type-product","3":"status-publish","4":"has-post-thumbnail","6":"product_cat-food-additives","7":"product_cat-flavour-enhancer-food-additives","9":"first","10":"instock","11":"shipping-taxable","12":"product-type-simple"},"acf":[],"_links":{"self":[{"href":"https:\/\/wpachem.com\/tr\/wp-json\/wp\/v2\/product\/3640","targetHints":{"allow":["GET"]}}],"collection":[{"href":"https:\/\/wpachem.com\/tr\/wp-json\/wp\/v2\/product"}],"about":[{"href":"https:\/\/wpachem.com\/tr\/wp-json\/wp\/v2\/types\/product"}],"version-history":[{"count":0,"href":"https:\/\/wpachem.com\/tr\/wp-json\/wp\/v2\/product\/3640\/revisions"}],"wp:featuredmedia":[{"embeddable":true,"href":"https:\/\/wpachem.com\/tr\/wp-json\/wp\/v2\/media\/2103"}],"wp:attachment":[{"href":"https:\/\/wpachem.com\/tr\/wp-json\/wp\/v2\/media?parent=3640"}],"wp:term":[{"taxonomy":"product_brand","embeddable":true,"href":"https:\/\/wpachem.com\/tr\/wp-json\/wp\/v2\/product_brand?post=3640"},{"taxonomy":"product_cat","embeddable":true,"href":"https:\/\/wpachem.com\/tr\/wp-json\/wp\/v2\/product_cat?post=3640"},{"taxonomy":"product_tag","embeddable":true,"href":"https:\/\/wpachem.com\/tr\/wp-json\/wp\/v2\/product_tag?post=3640"}],"curies":[{"name":"wp","href":"https:\/\/api.w.org\/{rel}","templated":true}]}}