{"id":3643,"date":"2023-03-24T05:27:57","date_gmt":"2023-03-24T05:27:57","guid":{"rendered":"http:\/\/site2.easyceotech.com\/?post_type=product&#038;p=3643"},"modified":"2024-03-12T07:33:11","modified_gmt":"2024-03-12T07:33:11","slug":"vanilla","status":"publish","type":"product","link":"https:\/\/wpachem.com\/tr\/urun\/vanilla\/","title":{"rendered":"Vanilya"},"content":{"rendered":"<p><strong data-spm-anchor-id=\"a2700.details.0.i21.302934d95ue38X\">Detaylar<\/strong><\/p>\n<p>Kimyasal Ad\u0131: Vanilin<\/p>\n<p>CAS Numaras\u0131: 121-33-5<\/p>\n<p>Molek\u00fcler Form\u00fcl: C8H8O3<\/p>\n<p>Molek\u00fcler A\u011f\u0131rl\u0131k: 152.15<\/p>\n<p>G\u00f6r\u00fcn\u00fcm: Beyaz ila hafif sar\u0131 kristaller, genellikle i\u011fne benzeri<\/p>\n<p><strong>\u00d6zellikler<\/strong><\/p>\n<table>\n<tbody>\n<tr>\n<td>\u00d6\u011fe<\/td>\n<td>\u00d6zellikler<\/td>\n<\/tr>\n<tr>\n<td>\u00d6zellikler<\/td>\n<td>Beyaz ila hafif sar\u0131 kristaller, genellikle i\u011fne benzeri<\/td>\n<\/tr>\n<tr>\n<td>Koku<\/td>\n<td>Vanilyan\u0131n \u00f6zellikleri<\/td>\n<\/tr>\n<tr>\n<td>\u00c7\u00f6z\u00fcn\u00fcrl\u00fck<\/td>\n<td>100 ml suda \u00e7\u00f6z\u00fcnen 1 g vanilin, 25\u2103&#039;de 3 ml 70% veya 2 ml 95% etanol, 20 ml gliserolde, 80\u2103&#039;de 20 ml suda \u00e7\u00f6z\u00fcnen kloroform, eter<\/td>\n<\/tr>\n<tr>\n<td>Erime noktas\u0131<\/td>\n<td>81.0-83.0\u2103<\/td>\n<\/tr>\n<tr>\n<td>Safl\u0131k (GC ile)<\/td>\n<td>\u226599.50%<\/td>\n<\/tr>\n<tr>\n<td>Kurutma kayb\u0131<\/td>\n<td>\u22640.5%<\/td>\n<\/tr>\n<tr>\n<td>Arsenik (olarak)<\/td>\n<td>\u22640.0003%<\/td>\n<\/tr>\n<tr>\n<td>A\u011f\u0131r metal (pb bazl\u0131)<\/td>\n<td>\u22640.001%<\/td>\n<\/tr>\n<tr>\n<td>Ate\u015flemede kal\u0131nt\u0131<\/td>\n<td>\u22640.05%<\/td>\n<\/tr>\n<\/tbody>\n<\/table>\n<p>&nbsp;<\/p>\n<p><strong>Kullan\u0131m<\/strong><\/p>\n<p>G\u0131da aromas\u0131, g\u00fcnl\u00fck aroma ve ara \u00fcr\u00fcn olarak kullan\u0131l\u0131r.<\/p>\n<p><strong>Paketleme ve G\u00f6nderim<\/strong><\/p>\n<p>Ambalaj: 25kg\/varil<\/p>\n<p><strong>Depolamak<\/strong><\/p>\n<p>Kuru, serin ve iyi havaland\u0131r\u0131lan bir yerde, a\u011fz\u0131 kapat\u0131l\u0131p g\u00f6lgelendirilerek saklanmal\u0131d\u0131r.<\/p>\n<p><strong>Raf \u00f6mr\u00fc<\/strong><\/p>\n<p><strong>12\u00a0<\/strong>paketli ay<\/p>","protected":false},"excerpt":{"rendered":"<p>\u00dcr\u00fcn Ad\u0131:Vanilya<br \/>\nCAS Numaras\u0131: 121-33-5<br \/>\nMF:C8H8O3<br \/>\nG\u00f6r\u00fcn\u00fcm: beyaz g\u00fc\u00e7<\/p>","protected":false},"featured_media":2159,"template":"","meta":{"_acf_changed":false,"_gspb_post_css":""},"product_brand":[],"product_cat":[24],"product_tag":[],"class_list":{"0":"post-3643","1":"product","2":"type-product","3":"status-publish","4":"has-post-thumbnail","6":"product_cat-uncategorized","8":"first","9":"instock","10":"shipping-taxable","11":"product-type-simple"},"acf":[],"_links":{"self":[{"href":"https:\/\/wpachem.com\/tr\/wp-json\/wp\/v2\/product\/3643","targetHints":{"allow":["GET"]}}],"collection":[{"href":"https:\/\/wpachem.com\/tr\/wp-json\/wp\/v2\/product"}],"about":[{"href":"https:\/\/wpachem.com\/tr\/wp-json\/wp\/v2\/types\/product"}],"version-history":[{"count":0,"href":"https:\/\/wpachem.com\/tr\/wp-json\/wp\/v2\/product\/3643\/revisions"}],"wp:featuredmedia":[{"embeddable":true,"href":"https:\/\/wpachem.com\/tr\/wp-json\/wp\/v2\/media\/2159"}],"wp:attachment":[{"href":"https:\/\/wpachem.com\/tr\/wp-json\/wp\/v2\/media?parent=3643"}],"wp:term":[{"taxonomy":"product_brand","embeddable":true,"href":"https:\/\/wpachem.com\/tr\/wp-json\/wp\/v2\/product_brand?post=3643"},{"taxonomy":"product_cat","embeddable":true,"href":"https:\/\/wpachem.com\/tr\/wp-json\/wp\/v2\/product_cat?post=3643"},{"taxonomy":"product_tag","embeddable":true,"href":"https:\/\/wpachem.com\/tr\/wp-json\/wp\/v2\/product_tag?post=3643"}],"curies":[{"name":"wp","href":"https:\/\/api.w.org\/{rel}","templated":true}]}}