{"id":3646,"date":"2023-03-24T05:30:45","date_gmt":"2023-03-24T05:30:45","guid":{"rendered":"http:\/\/site2.easyceotech.com\/?post_type=product&#038;p=3646"},"modified":"2024-03-12T07:33:06","modified_gmt":"2024-03-12T07:33:06","slug":"propylene-glycol","status":"publish","type":"product","link":"https:\/\/wpachem.com\/tr\/urun\/propylene-glycol\/","title":{"rendered":"Propilen Glikol"},"content":{"rendered":"<p><strong><span data-spm-anchor-id=\"a2700.details.0.i23.672a8a7eClTXAE\">Ba\u015fvuru:<\/span><\/strong><\/p>\n<p>&nbsp;<\/p>\n<p>1.Is\u0131 Transfer S\u0131v\u0131lar\u0131<\/p>\n<p>&nbsp;<\/p>\n<p>2.Koku, Kozmetik ve Ki\u015fisel Bak\u0131m<\/p>\n<p>&nbsp;<\/p>\n<p>3.G\u0131da ve Aromalar<\/p>\n<p>&nbsp;<\/p>\n<p>4.Evcil Hayvan Mamas\u0131\/Hayvan Yemi<\/p>\n<p>&nbsp;<\/p>\n<p>&nbsp;<\/p>\n<table style=\"height: 391px;\" border=\"1\" width=\"555\" cellspacing=\"0\">\n<tbody>\n<tr>\n<td valign=\"center\">\n<p align=\"center\"><strong>\u00d6\u011feler<\/strong><\/p>\n<\/td>\n<td valign=\"center\">\n<p align=\"center\"><strong>Dizin<\/strong><\/p>\n<\/td>\n<\/tr>\n<tr>\n<td valign=\"center\">\n<p align=\"center\">\u0130\u00e7erik %<\/p>\n<\/td>\n<td valign=\"center\">\n<p align=\"center\">99.0 dk<\/p>\n<\/td>\n<\/tr>\n<tr>\n<td valign=\"center\">\n<p align=\"center\">Renk Tonu (APHA)<\/p>\n<\/td>\n<td valign=\"center\">\n<p align=\"center\">En fazla 10<\/p>\n<\/td>\n<\/tr>\n<tr>\n<td valign=\"center\">\n<p align=\"center\">Geri \u00e7ekilme indeksi<\/p>\n<\/td>\n<td valign=\"center\">\n<p align=\"center\">1.433-1.435<\/p>\n<\/td>\n<\/tr>\n<tr>\n<td valign=\"center\">\n<p align=\"center\">Nem<\/p>\n<\/td>\n<td valign=\"center\">\n<p align=\"center\">0.2 dk<\/p>\n<\/td>\n<\/tr>\n<tr>\n<td valign=\"center\">\n<p align=\"center\">Renk<\/p>\n<\/td>\n<td valign=\"center\">\n<p align=\"center\">En fazla 5<\/p>\n<\/td>\n<\/tr>\n<tr>\n<td valign=\"center\">\n<p align=\"center\">Serbest asit (CH3OOH% olarak) ppm<\/p>\n<\/td>\n<td valign=\"center\">\n<p align=\"center\">75 maksimum<\/p>\n<\/td>\n<\/tr>\n<tr>\n<td valign=\"center\">\n<p align=\"center\">K\u00fcl ppm<\/p>\n<\/td>\n<td valign=\"center\">\n<p align=\"center\">80 maksimum<\/p>\n<\/td>\n<\/tr>\n<\/tbody>\n<\/table>\n<p>&nbsp;<\/p>","protected":false},"excerpt":{"rendered":"<p>\u00dcr\u00fcn Ad\u0131:Propilen Glikol<br \/>\nCAS Numaras\u0131:57-55-6<br \/>\nMF:C3H8O2<br \/>\nG\u00f6r\u00fcn\u00fcm: Renksiz S\u0131v\u0131<\/p>","protected":false},"featured_media":2089,"template":"","meta":{"_acf_changed":false,"_gspb_post_css":""},"product_brand":[],"product_cat":[55,102],"product_tag":[],"class_list":{"0":"post-3646","1":"product","2":"type-product","3":"status-publish","4":"has-post-thumbnail","6":"product_cat-food-additives","7":"product_cat-emulsifiers","9":"first","10":"instock","11":"shipping-taxable","12":"product-type-simple"},"acf":[],"_links":{"self":[{"href":"https:\/\/wpachem.com\/tr\/wp-json\/wp\/v2\/product\/3646","targetHints":{"allow":["GET"]}}],"collection":[{"href":"https:\/\/wpachem.com\/tr\/wp-json\/wp\/v2\/product"}],"about":[{"href":"https:\/\/wpachem.com\/tr\/wp-json\/wp\/v2\/types\/product"}],"version-history":[{"count":0,"href":"https:\/\/wpachem.com\/tr\/wp-json\/wp\/v2\/product\/3646\/revisions"}],"wp:featuredmedia":[{"embeddable":true,"href":"https:\/\/wpachem.com\/tr\/wp-json\/wp\/v2\/media\/2089"}],"wp:attachment":[{"href":"https:\/\/wpachem.com\/tr\/wp-json\/wp\/v2\/media?parent=3646"}],"wp:term":[{"taxonomy":"product_brand","embeddable":true,"href":"https:\/\/wpachem.com\/tr\/wp-json\/wp\/v2\/product_brand?post=3646"},{"taxonomy":"product_cat","embeddable":true,"href":"https:\/\/wpachem.com\/tr\/wp-json\/wp\/v2\/product_cat?post=3646"},{"taxonomy":"product_tag","embeddable":true,"href":"https:\/\/wpachem.com\/tr\/wp-json\/wp\/v2\/product_tag?post=3646"}],"curies":[{"name":"wp","href":"https:\/\/api.w.org\/{rel}","templated":true}]}}