{"id":3649,"date":"2023-03-24T05:32:55","date_gmt":"2023-03-24T05:32:55","guid":{"rendered":"http:\/\/site2.easyceotech.com\/?post_type=product&#038;p=3649"},"modified":"2024-03-12T07:32:08","modified_gmt":"2024-03-12T07:32:08","slug":"span-80","status":"publish","type":"product","link":"https:\/\/wpachem.com\/tr\/urun\/span-80\/","title":{"rendered":"A\u00e7\u0131kl\u0131k 80"},"content":{"rendered":"<div class=\"J_module\">\n<div class=\"detail-decorate-json-renderer-container\">\n<div class=\"magic-3\">\n<h3 class=\"magic-4\"><span data-spm-anchor-id=\"a2700.details.0.i27.40743586IFUIe4\">Kimyasal bile\u015fim: dehidratasyon glusitol ya\u011f asidi esteri<br \/>\nT\u00fcr: iyonik olmayan<br \/>\nModeli: S-80, S-60, S-40, S-20<\/span><\/h3>\n<div class=\"magic-5\">\n<div class=\"magic-6\">\n<div class=\"magic-7\"><b>Teknik \u00f6zellikler:<\/b><\/div>\n<\/div>\n<\/div>\n<\/div>\n<\/div>\n<\/div>\n<div class=\"J_module\">\n<div class=\"ife-detail-decorate-table\">\n<table class=\"all magic-8\">\n<tbody>\n<tr>\n<td colspan=\"1\" rowspan=\"1\">\n<div class=\"magic-9\">Marka<\/div>\n<\/td>\n<td colspan=\"1\" rowspan=\"1\">\n<div class=\"magic-10\">S-80<\/div>\n<\/td>\n<td colspan=\"1\" rowspan=\"1\">\n<div class=\"magic-10\">S-60<\/div>\n<\/td>\n<td colspan=\"1\" rowspan=\"1\">\n<div class=\"magic-10\">S-40<\/div>\n<\/td>\n<td colspan=\"1\" rowspan=\"1\">\n<div class=\"magic-9\">S-20<\/div>\n<\/td>\n<\/tr>\n<tr>\n<td colspan=\"1\" rowspan=\"1\">\n<div class=\"magic-9\">G\u00f6r\u00fcn\u00fcm<\/div>\n<\/td>\n<td colspan=\"1\" rowspan=\"1\">\n<div class=\"magic-10\">Ambrosy gres<\/div>\n<\/td>\n<td colspan=\"1\" rowspan=\"1\">\n<div class=\"magic-10\">Soluk sar\u0131 seramik kat\u0131<\/div>\n<\/td>\n<td colspan=\"1\" rowspan=\"1\">\n<div class=\"magic-10\">Soluk sar\u0131 seramik kat\u0131<\/div>\n<\/td>\n<td colspan=\"1\" rowspan=\"1\">\n<div class=\"magic-9\">Ambrosial s\u0131v\u0131<\/div>\n<\/td>\n<\/tr>\n<tr>\n<td colspan=\"1\" rowspan=\"1\">\n<div class=\"magic-9\">Hidroksil de\u011feri (mgKOH\/g)<\/div>\n<\/td>\n<td colspan=\"1\" rowspan=\"1\">\n<div class=\"magic-10\">190-220<\/div>\n<\/td>\n<td colspan=\"1\" rowspan=\"1\">\n<div class=\"magic-10\">240-270<\/div>\n<\/td>\n<td colspan=\"1\" rowspan=\"1\">\n<div class=\"magic-10\">255-290<\/div>\n<\/td>\n<td colspan=\"1\" rowspan=\"1\">\n<div class=\"magic-9\">330-360<\/div>\n<\/td>\n<\/tr>\n<tr>\n<td colspan=\"1\" rowspan=\"1\">\n<div class=\"magic-9\">Sabunla\u015fma say\u0131s\u0131 (mgKOH\/g)<\/div>\n<\/td>\n<td colspan=\"1\" rowspan=\"1\">\n<div class=\"magic-10\">140-160<\/div>\n<\/td>\n<td colspan=\"1\" rowspan=\"1\">\n<div class=\"magic-10\">145-160<\/div>\n<\/td>\n<td colspan=\"1\" rowspan=\"1\">\n<div class=\"magic-10\">140-150<\/div>\n<\/td>\n<td colspan=\"1\" rowspan=\"1\">\n<div class=\"magic-9\">160-175<\/div>\n<\/td>\n<\/tr>\n<tr>\n<td colspan=\"1\" rowspan=\"1\">\n<div class=\"magic-9\">Asit say\u0131s\u0131(mgKOH\/g)<\/div>\n<\/td>\n<td colspan=\"1\" rowspan=\"1\">\n<div class=\"magic-10\">\u22648<\/div>\n<\/td>\n<td colspan=\"1\" rowspan=\"1\">\n<div class=\"magic-10\">\u226410<\/div>\n<\/td>\n<td colspan=\"1\" rowspan=\"1\">\n<div class=\"magic-10\">\u226410<\/div>\n<\/td>\n<td colspan=\"1\" rowspan=\"1\">\n<div class=\"magic-9\">\u226410<\/div>\n<\/td>\n<\/tr>\n<tr>\n<td colspan=\"1\" rowspan=\"1\">\n<div class=\"magic-9\">Su%<\/div>\n<\/td>\n<td colspan=\"1\" rowspan=\"1\">\n<div class=\"magic-10\">\u22641,5<\/div>\n<\/td>\n<td colspan=\"1\" rowspan=\"1\">\n<div class=\"magic-10\">\u22641,5<\/div>\n<\/td>\n<td colspan=\"1\" rowspan=\"1\">\n<div class=\"magic-10\">\u22642<\/div>\n<\/td>\n<td colspan=\"1\" rowspan=\"1\">\n<div class=\"magic-9\">\u22642<\/div>\n<\/td>\n<\/tr>\n<tr>\n<td colspan=\"1\" rowspan=\"1\">\n<div class=\"magic-9\">HBL<\/div>\n<\/td>\n<td colspan=\"1\" rowspan=\"1\">\n<div class=\"magic-10\">4.3<\/div>\n<\/td>\n<td colspan=\"1\" rowspan=\"1\">\n<div class=\"magic-10\">4.7<\/div>\n<\/td>\n<td colspan=\"1\" rowspan=\"1\">\n<div class=\"magic-10\">6.7<\/div>\n<\/td>\n<td colspan=\"1\" rowspan=\"1\">\n<div class=\"magic-9\">8.6<\/div>\n<\/td>\n<\/tr>\n<\/tbody>\n<\/table>\n<\/div>\n<\/div>\n<div class=\"J_module\">\n<div class=\"ife-detail-decorate-table\">\n<table class=\"all magic-8\">\n<tbody>\n<tr>\n<td colspan=\"1\" rowspan=\"1\">\n<div class=\"magic-9\">Marka<\/div>\n<\/td>\n<td colspan=\"1\" rowspan=\"1\">\n<div class=\"magic-11\">\u00d6zellik ve Uygulamalar<\/div>\n<\/td>\n<\/tr>\n<tr>\n<td colspan=\"1\" rowspan=\"1\">\n<div class=\"magic-9\">S-80<\/div>\n<\/td>\n<td colspan=\"1\" rowspan=\"1\">\n<div class=\"magic-11\">1. Suda zor \u00e7\u00f6z\u00fcn\u00fcr, s\u0131cak ya\u011fda ve organik \u00e7\u00f6z\u00fcc\u00fcde \u00e7\u00f6z\u00fcn\u00fcr, y\u00fcksek dereceli lipofilisiteli em\u00fclgat\u00f6r.<br \/>\n2.S\/Y em\u00fclsiyon patlay\u0131c\u0131s\u0131, tekstil haz\u0131rlama maddesi, artezyen kuyu a\u011f\u0131rl\u0131kl\u0131 \u00e7amur em\u00fclgat\u00f6r\u00fc ve g\u0131da ve<br \/>\nkozmetik, boncuklu boyada da\u011f\u0131t\u0131c\u0131, itanyum dioksit stabilizat\u00f6r\u00fc, b\u00f6cek ilac\u0131, \u0131slat\u0131c\u0131 madde ve pestisitte em\u00fclgat\u00f6r,<br \/>\nYa\u011f \u00fcretiminin yard\u0131mc\u0131 \u00e7\u00f6z\u00fcc\u00fcs\u00fc, kar ya\u011flar\u0131n\u0131n pas \u00f6nleyicisi, tekstil ve deri \u00fcr\u00fcnlerinin ya\u011flay\u0131c\u0131s\u0131 ve yumu\u015fat\u0131c\u0131s\u0131.<\/div>\n<\/td>\n<\/tr>\n<tr>\n<td colspan=\"1\" rowspan=\"1\">\n<div class=\"magic-9\">S-60<\/div>\n<\/td>\n<td colspan=\"1\" rowspan=\"1\">\n<div class=\"magic-11\">1. Suda \u00e7\u00f6z\u00fcnmez, s\u0131cak suda da\u011f\u0131l\u0131r.<br \/>\n2. G\u0131da, pestisit, kozmetik, boncuklu boya ve plastik end\u00fcstrisinde em\u00fclgat\u00f6r ve stabilizat\u00f6r olarak, anlistatig, yumu\u015fat\u0131c\u0131 ve ya\u011f olarak kullan\u0131l\u0131r.<br \/>\ntekstil sekt\u00f6r\u00fcnde temsilci.<br \/>\n3. PVC, EVA, PE membranlar\u0131n damlama \u00f6nleyici maddesi olarak kullan\u0131l\u0131r, dozaj: PVC&#039;de 1,5-1,8%, EVA&#039;da 0,7-1%.<\/div>\n<\/td>\n<\/tr>\n<tr>\n<td colspan=\"1\" rowspan=\"1\">\n<div class=\"magic-9\">S40<\/div>\n<\/td>\n<td colspan=\"1\" rowspan=\"1\">\n<div class=\"magic-11\">1. Ya\u011f ve organik \u00e7\u00f6z\u00fcc\u00fcde eritilir, suda da\u011f\u0131t\u0131l\u0131r.<br \/>\n2. G\u0131da ve kozmetik end\u00fcstrisinde em\u00fclgat\u00f6r ve dif\u00fcz\u00f6r olarak kullan\u0131l\u0131r, lateks polimerizasyonunun em\u00fclgat\u00f6r\u00fc ve stabilizat\u00f6r\u00fc. Dispersant<br \/>\nbask\u0131 ya\u011f\u0131, tekstil su ge\u00e7irmez boncuklu boya katk\u0131 maddesi ve ya\u011f \u00fcr\u00fcn\u00fcn\u00fcn em\u00fclsifiye edici da\u011f\u0131t\u0131c\u0131s\u0131d\u0131r.<br \/>\n3. Polimerin bu\u011fu \u00f6nleyici damlalar\u0131 olarak yayg\u0131n olarak kullan\u0131l\u0131r, dozaj: PVC&#039;de 1-1.7%, EVA&#039;da 0.5-0.7%.<\/div>\n<\/td>\n<\/tr>\n<tr>\n<td colspan=\"1\" rowspan=\"1\">\n<div class=\"magic-9\">S-20<\/div>\n<\/td>\n<td colspan=\"1\" rowspan=\"1\">\n<div class=\"magic-11\">1. Ya\u011f ve organik \u00e7\u00f6z\u00fcc\u00fcde eritilir, suda yar\u0131 s\u00fct k\u0131vam\u0131nda s\u0131v\u0131 haline getirilir.<br \/>\n2. T\u0131bbi ve kozmetik \u00fcretiminde W\/O em\u00fclgat\u00f6r, stabilizat\u00f6r, ya\u011flay\u0131c\u0131, plastikle\u015ftirici ve kurutucu olarak kullan\u0131l\u0131r. Yumu\u015fat\u0131c\u0131 madde,<br \/>\ntekstil end\u00fcstrisinde anlistatig ve apre maddesi. Ayr\u0131ca makine ya\u011f\u0131 olarak da kullan\u0131l\u0131r.<\/div>\n<\/td>\n<\/tr>\n<\/tbody>\n<\/table>\n<\/div>\n<\/div>\n<p>&nbsp;<\/p>","protected":false},"excerpt":{"rendered":"<p>\u00dcr\u00fcn Ad\u0131:Span 80<br \/>\nCAS Numaras\u0131: 1338-43-8<br \/>\nMF:C24H44O6<br \/>\nG\u00f6r\u00fcn\u00fcm: Viskoz S\u0131v\u0131<\/p>","protected":false},"featured_media":3321,"template":"","meta":{"_acf_changed":false,"_gspb_post_css":""},"product_brand":[],"product_cat":[55,102],"product_tag":[],"class_list":{"0":"post-3649","1":"product","2":"type-product","3":"status-publish","4":"has-post-thumbnail","6":"product_cat-food-additives","7":"product_cat-emulsifiers","9":"first","10":"instock","11":"shipping-taxable","12":"product-type-simple"},"acf":[],"_links":{"self":[{"href":"https:\/\/wpachem.com\/tr\/wp-json\/wp\/v2\/product\/3649","targetHints":{"allow":["GET"]}}],"collection":[{"href":"https:\/\/wpachem.com\/tr\/wp-json\/wp\/v2\/product"}],"about":[{"href":"https:\/\/wpachem.com\/tr\/wp-json\/wp\/v2\/types\/product"}],"version-history":[{"count":0,"href":"https:\/\/wpachem.com\/tr\/wp-json\/wp\/v2\/product\/3649\/revisions"}],"wp:featuredmedia":[{"embeddable":true,"href":"https:\/\/wpachem.com\/tr\/wp-json\/wp\/v2\/media\/3321"}],"wp:attachment":[{"href":"https:\/\/wpachem.com\/tr\/wp-json\/wp\/v2\/media?parent=3649"}],"wp:term":[{"taxonomy":"product_brand","embeddable":true,"href":"https:\/\/wpachem.com\/tr\/wp-json\/wp\/v2\/product_brand?post=3649"},{"taxonomy":"product_cat","embeddable":true,"href":"https:\/\/wpachem.com\/tr\/wp-json\/wp\/v2\/product_cat?post=3649"},{"taxonomy":"product_tag","embeddable":true,"href":"https:\/\/wpachem.com\/tr\/wp-json\/wp\/v2\/product_tag?post=3649"}],"curies":[{"name":"wp","href":"https:\/\/api.w.org\/{rel}","templated":true}]}}