{"id":3652,"date":"2023-03-24T05:35:09","date_gmt":"2023-03-24T05:35:09","guid":{"rendered":"http:\/\/site2.easyceotech.com\/?post_type=product&#038;p=3652"},"modified":"2024-03-12T07:32:02","modified_gmt":"2024-03-12T07:32:02","slug":"tween-80","status":"publish","type":"product","link":"https:\/\/wpachem.com\/tr\/urun\/tween-80\/","title":{"rendered":"80&#039;in Ortas\u0131"},"content":{"rendered":"<p style=\"font-style: inherit; font-weight: inherit;\">Kimyasal bile\u015fimi :<br \/>\npolietilen glikol dehidratasyon glusitol ya\u011f asidi esteri<br \/>\nT\u00fcr: iyonik olmayan<br \/>\nModel : T-80, T-60, T-40, T-20<\/p>\n<p><b><strong>\u00d6zellik ve Uygulamalar:<\/strong><\/b><br \/>\n1. Su, karbinol, etanol ve izopropil alkol gibi \u00e7e\u015fitli \u00e7\u00f6z\u00fcc\u00fclerde kolayca \u00e7\u00f6z\u00fcn\u00fcr. Hayvansal ya\u011f ve mineralde \u00e7\u00f6z\u00fcnmez<br \/>\n\u00c7\u00f6z\u00fcnd\u00fcrme, em\u00fclsifikasyon, dif\u00fczyon ve stabilizasyon \u00f6zelli\u011fine sahip ya\u011f.<br \/>\n2. G\u0131da, kozmetik, t\u0131bbi, plastik ve pestisit end\u00fcstrisinde em\u00fclgat\u00f6r, \u00e7\u00f6z\u00fcc\u00fc, stabilizat\u00f6r, dif\u00fcz\u00f6r ve ya\u011flay\u0131c\u0131 olarak kullan\u0131l\u0131r,<br \/>\nTekstil end\u00fcstrisinde yumu\u015fat\u0131c\u0131 ve anlistatik madde, poliakrilonitril iplik maddesinin bile\u015feni.<br \/>\n3. T-80, hassas malzeme ile sinema filmi \u00fcretiminde \u0131slat\u0131c\u0131 madde ve da\u011f\u0131t\u0131c\u0131 olarak kullan\u0131l\u0131r. Prova s\u0131ras\u0131nda silikon ya\u011f\u0131n\u0131 em\u00fclsifiye eder<br \/>\ntekstil. Chinlon ve novamat kuma\u015f kordonunun haz\u0131rlama maddesi ve suda \u00e7\u00f6z\u00fcn\u00fcrl\u00fck em\u00fclgat\u00f6r\u00fc olarak kullan\u0131l\u0131r, genellikle S-80 ile kar\u0131\u015ft\u0131r\u0131l\u0131r.<span style=\"font-style: inherit; font-weight: inherit;\"><br \/>\n<\/span><\/p>\n<p><b><strong>Teknik \u00d6zellikler :<\/strong><\/b><\/p>\n<table style=\"font-style: inherit; font-weight: inherit;\">\n<tbody style=\"font-style: inherit; font-weight: inherit;\">\n<tr style=\"font-style: inherit; font-weight: inherit;\">\n<td style=\"font-style: inherit; font-weight: 400;\" colspan=\"1\" rowspan=\"1\">Marka<\/td>\n<td style=\"font-style: inherit; font-weight: 400;\" colspan=\"1\" rowspan=\"1\">T-80<\/td>\n<td style=\"font-style: inherit; font-weight: 400;\" colspan=\"1\" rowspan=\"1\">T-60<\/td>\n<td style=\"font-style: inherit; font-weight: 400;\" colspan=\"1\" rowspan=\"1\">T-40<\/td>\n<td style=\"font-style: inherit; font-weight: 400;\" colspan=\"1\" rowspan=\"1\">T-20<\/td>\n<\/tr>\n<tr style=\"font-style: inherit; font-weight: inherit;\">\n<td style=\"font-style: inherit; font-weight: 400;\" colspan=\"1\" rowspan=\"1\">D\u0131\u015f g\u00f6r\u00fcn\u00fc\u015f<\/td>\n<td style=\"font-style: inherit; font-weight: 400;\" colspan=\"4\" rowspan=\"1\">Sar\u0131 ila ya\u011fl\u0131 s\u0131v\u0131 veya krem<\/td>\n<\/tr>\n<tr style=\"font-style: inherit; font-weight: inherit;\">\n<td style=\"font-style: inherit; font-weight: 400;\" colspan=\"1\" rowspan=\"1\">Hidroksil de\u011feri(mgKOH\/g)<\/td>\n<td style=\"font-style: inherit; font-weight: 400;\" colspan=\"1\" rowspan=\"1\">65-82<\/td>\n<td style=\"font-style: inherit; font-weight: 400;\" colspan=\"1\" rowspan=\"1\">80-105<\/td>\n<td style=\"font-style: inherit; font-weight: 400;\" colspan=\"1\" rowspan=\"1\">85-100<\/td>\n<td style=\"font-style: inherit; font-weight: 400;\" colspan=\"1\" rowspan=\"1\">90-110<\/td>\n<\/tr>\n<tr style=\"font-style: inherit; font-weight: inherit;\">\n<td style=\"font-style: inherit; font-weight: 400;\" colspan=\"1\" rowspan=\"1\">Saponifikasyon say\u0131s\u0131 (mgKOH\/g)<\/td>\n<td style=\"font-style: inherit; font-weight: 400;\" colspan=\"1\" rowspan=\"1\">43-55<\/td>\n<td style=\"font-style: inherit; font-weight: 400;\" colspan=\"1\" rowspan=\"1\">40-55<\/td>\n<td style=\"font-style: inherit; font-weight: 400;\" colspan=\"1\" rowspan=\"1\">40-55<\/td>\n<td style=\"font-style: inherit; font-weight: 400;\" colspan=\"1\" rowspan=\"1\">40-50<\/td>\n<\/tr>\n<tr style=\"font-style: inherit; font-weight: inherit;\">\n<td style=\"font-style: inherit; font-weight: 400;\" colspan=\"1\" rowspan=\"1\">Asit say\u0131s\u0131(mgKOH\/g)<\/td>\n<td style=\"font-style: inherit; font-weight: 400;\" colspan=\"1\" rowspan=\"1\">\u2264 2 .0<\/td>\n<td style=\"font-style: inherit; font-weight: 400;\" colspan=\"1\" rowspan=\"1\">\u2264 2,0<\/td>\n<td style=\"font-style: inherit; font-weight: 400;\" colspan=\"1\" rowspan=\"1\">\u2264 2,0<\/td>\n<td style=\"font-style: inherit; font-weight: 400;\" colspan=\"1\" rowspan=\"1\">\u2264 2,0<\/td>\n<\/tr>\n<tr style=\"font-style: inherit; font-weight: inherit;\">\n<td style=\"font-style: inherit; font-weight: 400;\" colspan=\"1\" rowspan=\"1\">Su(%)<\/td>\n<td style=\"font-style: inherit; font-weight: 400;\" colspan=\"1\" rowspan=\"1\">\u2264 2,0<\/td>\n<td style=\"font-style: inherit; font-weight: 400;\" colspan=\"1\" rowspan=\"1\">\u2264 3<\/td>\n<td style=\"font-style: inherit; font-weight: 400;\" colspan=\"1\" rowspan=\"1\">\u2264 2,5<\/td>\n<td style=\"font-style: inherit; font-weight: 400;\" colspan=\"1\" rowspan=\"1\">\u2264 2,5<\/td>\n<\/tr>\n<tr style=\"font-style: inherit; font-weight: inherit;\">\n<td style=\"font-style: inherit; font-weight: 400;\" colspan=\"1\" rowspan=\"1\">YB\u00dc<\/td>\n<td style=\"font-style: inherit; font-weight: 400;\" colspan=\"1\" rowspan=\"1\">15<\/td>\n<td style=\"font-style: inherit; font-weight: 400;\" colspan=\"1\" rowspan=\"1\">14.5<\/td>\n<td style=\"font-style: inherit; font-weight: 400;\" colspan=\"1\" rowspan=\"1\">15.5<\/td>\n<td style=\"font-style: inherit; font-weight: 400;\" colspan=\"1\" rowspan=\"1\">16.5<\/td>\n<\/tr>\n<\/tbody>\n<\/table>\n<p>&nbsp;<\/p>","protected":false},"excerpt":{"rendered":"<p>\u00dcr\u00fcn Ad\u0131:Tween 80<br \/>\nCAS Numaras\u0131:9005-65-6<br \/>\nMF:C24H44O6<br \/>\nG\u00f6r\u00fcn\u00fcm: Amber viskoz gres<\/p>","protected":false},"featured_media":3322,"template":"","meta":{"_acf_changed":false,"_gspb_post_css":""},"product_brand":[],"product_cat":[55,102],"product_tag":[],"class_list":{"0":"post-3652","1":"product","2":"type-product","3":"status-publish","4":"has-post-thumbnail","6":"product_cat-food-additives","7":"product_cat-emulsifiers","9":"first","10":"instock","11":"shipping-taxable","12":"product-type-simple"},"acf":[],"_links":{"self":[{"href":"https:\/\/wpachem.com\/tr\/wp-json\/wp\/v2\/product\/3652","targetHints":{"allow":["GET"]}}],"collection":[{"href":"https:\/\/wpachem.com\/tr\/wp-json\/wp\/v2\/product"}],"about":[{"href":"https:\/\/wpachem.com\/tr\/wp-json\/wp\/v2\/types\/product"}],"version-history":[{"count":0,"href":"https:\/\/wpachem.com\/tr\/wp-json\/wp\/v2\/product\/3652\/revisions"}],"wp:featuredmedia":[{"embeddable":true,"href":"https:\/\/wpachem.com\/tr\/wp-json\/wp\/v2\/media\/3322"}],"wp:attachment":[{"href":"https:\/\/wpachem.com\/tr\/wp-json\/wp\/v2\/media?parent=3652"}],"wp:term":[{"taxonomy":"product_brand","embeddable":true,"href":"https:\/\/wpachem.com\/tr\/wp-json\/wp\/v2\/product_brand?post=3652"},{"taxonomy":"product_cat","embeddable":true,"href":"https:\/\/wpachem.com\/tr\/wp-json\/wp\/v2\/product_cat?post=3652"},{"taxonomy":"product_tag","embeddable":true,"href":"https:\/\/wpachem.com\/tr\/wp-json\/wp\/v2\/product_tag?post=3652"}],"curies":[{"name":"wp","href":"https:\/\/api.w.org\/{rel}","templated":true}]}}