{"id":3655,"date":"2023-03-24T05:38:52","date_gmt":"2023-03-24T05:38:52","guid":{"rendered":"http:\/\/site2.easyceotech.com\/?post_type=product&#038;p=3655"},"modified":"2024-03-12T07:31:56","modified_gmt":"2024-03-12T07:31:56","slug":"creatine-monohydrate","status":"publish","type":"product","link":"https:\/\/wpachem.com\/tr\/urun\/creatine-monohydrate\/","title":{"rendered":"Kreatin monohidrat"},"content":{"rendered":"<p><strong><span data-spm-anchor-id=\"a2700.details.0.i24.756a2610Y6qyVH\">Kreatin monohidrat<\/span><\/strong>\u00a0CAS\u00a0<strong>6020-87-7\u00a0<\/strong>\u0130nsan v\u00fccudunda aminoasitler karaci\u011ferin kimyasal i\u015fleminde olu\u015fur ve daha sonra kandan kas h\u00fccrelerine g\u00f6nderilerek d\u00f6n\u00fc\u015ft\u00fcr\u00fcl\u00fcr\u00a0<strong>Kreatin monohidrat<\/strong>\u00a0CAS\u00a0<strong>6020-87-7<\/strong>\u00a0kas h\u00fccrelerindeki tuz. \u0130nsan kaslar\u0131n\u0131n hareketi, enerji sa\u011flamak i\u00e7in adenozin trifosfat\u0131n ayr\u0131\u015fmas\u0131na ba\u011fl\u0131d\u0131r.<\/p>\n<p>&nbsp;<\/p>\n<p><strong>Kreatin monohidrat<\/strong>\u00a0CAS\u00a0<strong>6020-87-7<\/strong>\u00a0kas i\u00e7ine giren suyu otomatik olarak d\u00fczenleyebilir, kas\u0131 geni\u015fletebilir ve kas\u0131n patlay\u0131c\u0131 g\u00fcc\u00fcn\u00fc art\u0131rabilir. Sentetik\u00a0<strong>Kreatin monohidrat<\/strong>\u00a0CAS\u00a0<strong>6020-87-7<\/strong>\u00a0Zay\u0131f bireylerde iskelet kas\u0131n\u0131n yo\u011fun egzersize adaptasyonunu art\u0131rmak ve yorgunlukla m\u00fccadele etmek amac\u0131yla besin takviyesi olarak kullan\u0131labilir.<\/p>\n<p>Ba\u015fvuru<\/p>\n<p>&nbsp;<\/p>\n<p><strong><span data-spm-anchor-id=\"a2700.details.0.i25.756a2610Y6qyVH\">Kreatin monohidrat<\/span><\/strong>\u00a0CAS\u00a0<strong>6020-87-7<\/strong>\u00a0kreatin kinaz\u0131n etkisi alt\u0131nda kreatin fosfata d\u00f6n\u00fc\u015ft\u00fcr\u00fclebilir, b\u00f6ylece kreatin fosfat\u0131n enerji metabolizma havuzunu art\u0131rabilir.\u00a0<strong>Kreatin monohidrat<\/strong>\u00a0CAS\u00a0<strong>6020-87-7<\/strong>\u00a0Kreatin monohidrat\u0131n neden oldu\u011fu metabolizma, v\u00fccudun orijinal b\u00fcy\u00fcme ve geli\u015fimini ve et kalitesini de\u011fi\u015ftirebilir.<\/p>\n<p>&nbsp;<\/p>\n<p>Uygulamaya ili\u015fkin \u00e7ok az rapor olmas\u0131na ra\u011fmen,\u00a0<strong>Kreatin monohidrat<\/strong>\u00a0CAS\u00a0<strong>6020-87-7<\/strong>\u00a0Hayvanc\u0131l\u0131k ve k\u00fcmes hayvanc\u0131l\u0131\u011f\u0131nda sonu\u00e7lar\u0131 olduk\u00e7a farkl\u0131 olmas\u0131na ra\u011fmen, hayvanc\u0131l\u0131k ve k\u00fcmes hayvan\u0131 eti kalitesinin iyile\u015ftirilmesinde yeni ve etkili bir y\u00f6ntem sunmakta olup, b\u00fcy\u00fck uygulama potansiyeli g\u00f6stermektedir.<\/p>\n<p>&nbsp;<\/p>\n<p><strong>Kreatin monohidrat<\/strong>\u00a0CAS\u00a0<strong>6020-87-7<\/strong>\u00a0G\u0131da, i\u00e7ecek, katk\u0131 maddeleri vb. alanlarda yayg\u0131n olarak kullan\u0131l\u0131r. Kas yorgunlu\u011fu fakt\u00f6rlerinin olu\u015fumunu engelleyebilir, yorgunlu\u011fu ve gerginli\u011fi azaltabilir.\u00a0<strong>Kreatin monohidrat<\/strong>\u00a0CAS\u00a0<strong>6020-87-7\u00a0<\/strong>Fiziksel zindeli\u011fi geri kazand\u0131rabilir, insan protein sentezini h\u0131zland\u0131rabilir, kaslar\u0131 g\u00fc\u00e7lendirebilir, kas elastikiyetini art\u0131rabilir, kolesterol\u00fc, kan lipidini ve kan \u015fekeri seviyelerini azaltabilir ve ya\u015flanmay\u0131 geciktirebilir.<\/p>","protected":false},"excerpt":{"rendered":"<p>\u00dcr\u00fcn Ad\u0131:Kreatin monohidrat<br \/>\nCAS Numaras\u0131: 6020-87-7<br \/>\nMF:C4H11N3O3<br \/>\nG\u00f6r\u00fcn\u00fcm: beyaz g\u00fc\u00e7<\/p>","protected":false},"featured_media":0,"template":"","meta":{"_acf_changed":false,"_gspb_post_css":""},"product_brand":[],"product_cat":[55,103],"product_tag":[],"class_list":{"0":"post-3655","1":"product","2":"type-product","3":"status-publish","5":"product_cat-food-additives","6":"product_cat-nutrition-enhancer","8":"first","9":"outofstock","10":"shipping-taxable","11":"product-type-simple"},"acf":[],"_links":{"self":[{"href":"https:\/\/wpachem.com\/tr\/wp-json\/wp\/v2\/product\/3655","targetHints":{"allow":["GET"]}}],"collection":[{"href":"https:\/\/wpachem.com\/tr\/wp-json\/wp\/v2\/product"}],"about":[{"href":"https:\/\/wpachem.com\/tr\/wp-json\/wp\/v2\/types\/product"}],"version-history":[{"count":0,"href":"https:\/\/wpachem.com\/tr\/wp-json\/wp\/v2\/product\/3655\/revisions"}],"wp:attachment":[{"href":"https:\/\/wpachem.com\/tr\/wp-json\/wp\/v2\/media?parent=3655"}],"wp:term":[{"taxonomy":"product_brand","embeddable":true,"href":"https:\/\/wpachem.com\/tr\/wp-json\/wp\/v2\/product_brand?post=3655"},{"taxonomy":"product_cat","embeddable":true,"href":"https:\/\/wpachem.com\/tr\/wp-json\/wp\/v2\/product_cat?post=3655"},{"taxonomy":"product_tag","embeddable":true,"href":"https:\/\/wpachem.com\/tr\/wp-json\/wp\/v2\/product_tag?post=3655"}],"curies":[{"name":"wp","href":"https:\/\/api.w.org\/{rel}","templated":true}]}}