{"id":3658,"date":"2023-03-24T05:40:58","date_gmt":"2023-03-24T05:40:58","guid":{"rendered":"http:\/\/site2.easyceotech.com\/?post_type=product&#038;p=3658"},"modified":"2024-03-12T07:31:52","modified_gmt":"2024-03-12T07:31:52","slug":"taurine","status":"publish","type":"product","link":"https:\/\/wpachem.com\/tr\/urun\/taurine\/","title":{"rendered":"Taurin"},"content":{"rendered":"<p><strong data-spm-anchor-id=\"a2700.details.0.i24.21d33cbcIEJbfS\">TaurinH\u0131zl\u0131 Ayr\u0131nt\u0131lar<\/strong><\/p>\n<p>Kimyasal Ad\u0131: Taurin<\/p>\n<p>CAS Numaras\u0131: 107-35-7<\/p>\n<p>Molek\u00fcler Form\u00fcl: C2H7NO3S<\/p>\n<p>Molek\u00fcler a\u011f\u0131rl\u0131k:125.15<\/p>\n<p>G\u00f6r\u00fcn\u00fcm: Beyaz kristal toz<\/p>\n<p>Deneme:99%<\/p>\n<p><strong>Taurin Tipik \u00d6zellikleri<\/strong><\/p>\n<table>\n<tbody>\n<tr>\n<td>\u00d6\u011fe<\/td>\n<td>JP16 Standard\u0131<\/td>\n<td>USP38 Standard\u0131<\/td>\n<\/tr>\n<tr>\n<td>\u00d6zellikler<\/td>\n<td colspan=\"2\">Beyaz kristal toz, kokusuz<\/td>\n<\/tr>\n<tr>\n<td>Tan\u0131lama<\/td>\n<td>Olumlu<\/td>\n<td>Olumlu<\/td>\n<\/tr>\n<tr>\n<td>\u00c7\u00f6zeltinin berrakl\u0131\u011f\u0131 ve rengi<\/td>\n<td>Berrak ve renksiz<\/td>\n<td>\u2014\u2014\u2014-<\/td>\n<\/tr>\n<tr>\n<td>Klor\u00fcr<\/td>\n<td>0.011% maks.<\/td>\n<td>0.05% maks.<\/td>\n<\/tr>\n<tr>\n<td>S\u00fclfat<\/td>\n<td>0.010% maks.<\/td>\n<td>0.03%maks<\/td>\n<\/tr>\n<tr>\n<td>Amonyum<\/td>\n<td>0.02% maksimum<\/td>\n<td>\u2014\u2014\u2014\u2013<\/td>\n<\/tr>\n<tr>\n<td>A\u011f\u0131r metaller<\/td>\n<td>10 ppm maksimum<\/td>\n<td>15ppm maksimum<\/td>\n<\/tr>\n<tr>\n<td>\u00dct\u00fc<\/td>\n<td>10ppm maksimum<\/td>\n<td>30ppm maksimum<\/td>\n<\/tr>\n<tr>\n<td>PH<\/td>\n<td>4.1~5.6<\/td>\n<td>\u2014\u2014\u2014-<\/td>\n<\/tr>\n<tr>\n<td>\u0130lgili maddeler<\/td>\n<td>Gereksinimleri kar\u015f\u0131lamak<\/td>\n<td>\u2014\u2014\u2014-<\/td>\n<\/tr>\n<tr>\n<td>Kurutma kayb\u0131<\/td>\n<td>0.20%(105\u2103, 2 saat) maks.<\/td>\n<td>0.3%(105\u2103, 3 saat) maks.<\/td>\n<\/tr>\n<tr>\n<td>Ate\u015flemede kal\u0131nt\u0131<\/td>\n<td>0.1% maksimum<\/td>\n<td>0.3%maks<\/td>\n<\/tr>\n<tr>\n<td>Deneme (kurutulmu\u015f)<\/td>\n<td>99.0%~101.0%<\/td>\n<td>98.5%~101.5%<\/td>\n<\/tr>\n<tr>\n<td>Toplam plaka say\u0131s\u0131<\/td>\n<td>NMT 100\/gr<\/td>\n<td>NMT1000\/gr<\/td>\n<\/tr>\n<tr>\n<td>Kal\u0131ba d\u00f6kmek<\/td>\n<td>NMT50\/gr<\/td>\n<td>NMT50\/gr<\/td>\n<\/tr>\n<tr>\n<td>Maya<\/td>\n<td>NMT50\/gr<\/td>\n<td>NMT50\/gr<\/td>\n<\/tr>\n<tr>\n<td>Salmonella<\/td>\n<td>Negatif\/385g<\/td>\n<td>Negatif\/385g<\/td>\n<\/tr>\n<tr>\n<td>Stafilokok aureus<\/td>\n<td>Negatif\/25g<\/td>\n<td>Negatif\/25g<\/td>\n<\/tr>\n<tr>\n<td>\u0130lgili bile\u015fikler<\/td>\n<td>Gereksinimleri kar\u015f\u0131lamak<\/td>\n<td>0.5% maks.<\/td>\n<\/tr>\n<tr>\n<td>Kalan \u00e7\u00f6z\u00fcc\u00fcler<\/td>\n<td>\u2014\u2014\u2014\u2013<\/td>\n<td>Gereksinime g\u00f6re<\/td>\n<\/tr>\n<\/tbody>\n<\/table>\n<p><strong>TaurinUygulamas\u0131<\/strong><\/p>\n<p>1.Taurin takviyesi<\/p>\n<p>Taurin, bir proteini olu\u015fturan bir amino asit olmasa da, yayg\u0131n olarak da\u011f\u0131lm\u0131\u015ft\u0131r ve insan b\u00fcy\u00fcmesi i\u00e7in gerekli bir amino asittir. \u00d6zellikle bebekler ve k\u00fc\u00e7\u00fck \u00e7ocuklar olmak \u00fczere \u00e7ocuklar\u0131n beyinleri gibi \u00f6nemli organlar\u0131n\u0131n b\u00fcy\u00fcmesini desteklemede \u00f6nemli bir rol oynar.<\/p>\n<p>Besin takviyesi olarak kullan\u0131l\u0131r (\u00f6zellikle anne s\u00fct\u00fc almayan bebekler i\u00e7in).<\/p>\n<p>2.Enerji i\u00e7eceklerindeki Taurin<\/p>\n<p>Sporcu beslenmesi g\u0131dalar\u0131 i\u00e7in \u00f6nemli bir enerji katk\u0131 maddesidir.<\/p>\n<p>3.T\u0131pta Taurin<\/p>\n<p>So\u011fuk alg\u0131nl\u0131\u011f\u0131, ate\u015f, nevralji, bademcik iltihab\u0131, bron\u015fit, romatoid artrit ve ila\u00e7 zehirlenmesi gibi hastal\u0131klar\u0131n tedavisinde kullan\u0131l\u0131r.<\/p>\n<p>4.Di\u011fer end\u00fcstrilerde taurin<\/p>\n<p>Deterjan end\u00fcstrisinde ve floresan beyazlat\u0131c\u0131lar\u0131n \u00fcretiminde kullan\u0131l\u0131r. Ayr\u0131ca di\u011fer organik sentezlerde ve biyokimyasal reaktiflerde de kullan\u0131l\u0131r.<\/p>\n<p>5.Taurin etkileri<\/p>\n<p>Glisin resept\u00f6r\u00fcn\u00fcn se\u00e7ici olmayan endojen agonistidir. Baz\u0131 h\u00fccrelerde apoptozu d\u00fczenleyen ve v\u00fccuttaki bir\u00e7ok metabolik aktiviteye kat\u0131lan temel bir s\u00fclfonatl\u0131 amino asittir. Metiyonin ve sisteinin metabolitleridir.<\/p>","protected":false},"excerpt":{"rendered":"<p>\u00dcr\u00fcn Ad\u0131:Taurin<br \/>\nCAS Numaras\u0131: 107-35-7<br \/>\nMF:C2H7NO3S<br \/>\nG\u00f6r\u00fcn\u00fcm: beyaz g\u00fc\u00e7<\/p>","protected":false},"featured_media":2172,"template":"","meta":{"_acf_changed":false,"_gspb_post_css":""},"product_brand":[],"product_cat":[55,102],"product_tag":[],"class_list":{"0":"post-3658","1":"product","2":"type-product","3":"status-publish","4":"has-post-thumbnail","6":"product_cat-food-additives","7":"product_cat-emulsifiers","9":"first","10":"instock","11":"shipping-taxable","12":"product-type-simple"},"acf":[],"_links":{"self":[{"href":"https:\/\/wpachem.com\/tr\/wp-json\/wp\/v2\/product\/3658","targetHints":{"allow":["GET"]}}],"collection":[{"href":"https:\/\/wpachem.com\/tr\/wp-json\/wp\/v2\/product"}],"about":[{"href":"https:\/\/wpachem.com\/tr\/wp-json\/wp\/v2\/types\/product"}],"version-history":[{"count":0,"href":"https:\/\/wpachem.com\/tr\/wp-json\/wp\/v2\/product\/3658\/revisions"}],"wp:featuredmedia":[{"embeddable":true,"href":"https:\/\/wpachem.com\/tr\/wp-json\/wp\/v2\/media\/2172"}],"wp:attachment":[{"href":"https:\/\/wpachem.com\/tr\/wp-json\/wp\/v2\/media?parent=3658"}],"wp:term":[{"taxonomy":"product_brand","embeddable":true,"href":"https:\/\/wpachem.com\/tr\/wp-json\/wp\/v2\/product_brand?post=3658"},{"taxonomy":"product_cat","embeddable":true,"href":"https:\/\/wpachem.com\/tr\/wp-json\/wp\/v2\/product_cat?post=3658"},{"taxonomy":"product_tag","embeddable":true,"href":"https:\/\/wpachem.com\/tr\/wp-json\/wp\/v2\/product_tag?post=3658"}],"curies":[{"name":"wp","href":"https:\/\/api.w.org\/{rel}","templated":true}]}}