{"id":3661,"date":"2023-03-24T05:43:01","date_gmt":"2023-03-24T05:43:01","guid":{"rendered":"http:\/\/site2.easyceotech.com\/?post_type=product&#038;p=3661"},"modified":"2024-03-12T07:31:44","modified_gmt":"2024-03-12T07:31:44","slug":"glycine","status":"publish","type":"product","link":"https:\/\/wpachem.com\/tr\/urun\/glycine\/","title":{"rendered":"Glisin"},"content":{"rendered":"<p><strong data-spm-anchor-id=\"a2700.details.0.i23.4ac626ae2GLFZ9\">GlycineCAS 56-40-6H\u0131zl\u0131 Ayr\u0131nt\u0131lar<\/strong><\/p>\n<p>Kimyasal Ad\u0131: Glisin<\/p>\n<p>CAS: 56-40-6<\/p>\n<p>Molek\u00fcler Form\u00fcl:C2H5NO2<\/p>\n<p>Molek\u00fcler A\u011f\u0131rl\u0131k:75.07<\/p>\n<p>Kimyasal Yap\u0131:<\/p>\n<p>G\u00f6r\u00fcn\u00fcm: Beyaz kristal toz<\/p>\n<p>Deneme: 98.5 -101.5%<\/p>\n<p><strong>GlisinCAS 56-40-6Tipik \u00d6zellikler<\/strong><\/p>\n<table cellspacing=\"1\" bgcolor=\"#CCCCCC\">\n<tbody>\n<tr>\n<td align=\"center\" bgcolor=\"#FFFFFF\">Seviye<\/td>\n<td align=\"center\" bgcolor=\"#FFFFFF\">T\u0131bbi s\u0131n\u0131f<\/td>\n<td align=\"center\" bgcolor=\"#FFFFFF\">Yem s\u0131n\u0131f\u0131<\/td>\n<td align=\"center\" bgcolor=\"#FFFFFF\">End\u00fcstriyel bah\u00e7e<\/td>\n<\/tr>\n<tr>\n<td align=\"center\" bgcolor=\"#FFFFFF\">Standart<\/td>\n<td align=\"center\" bgcolor=\"#FFFFFF\">USP-34<\/td>\n<td align=\"center\" bgcolor=\"#FFFFFF\">GB25542-2010<\/td>\n<td align=\"center\" bgcolor=\"#FFFFFF\">YotechStandart<\/td>\n<\/tr>\n<tr>\n<td bgcolor=\"#FFFFFF\">Deneme %<\/td>\n<td bgcolor=\"#FFFFFF\">98.5-101.5<\/td>\n<td bgcolor=\"#FFFFFF\">\u226599,0<\/td>\n<td bgcolor=\"#FFFFFF\">\u226598,5<\/td>\n<\/tr>\n<tr>\n<td bgcolor=\"#FFFFFF\">Kurutma kayb\u0131 %<\/td>\n<td bgcolor=\"#FFFFFF\">\u22640,2<\/td>\n<td bgcolor=\"#FFFFFF\">\u22640,2<\/td>\n<td bgcolor=\"#FFFFFF\">\u22640,5<\/td>\n<\/tr>\n<tr>\n<td bgcolor=\"#FFFFFF\">A\u011f\u0131r metal %<\/td>\n<td bgcolor=\"#FFFFFF\">\u22640,002<\/td>\n<td bgcolor=\"#FFFFFF\">\u22640,002<\/td>\n<td bgcolor=\"#FFFFFF\">\u22640,003<\/td>\n<\/tr>\n<tr>\n<td bgcolor=\"#FFFFFF\">Klor\u00fcr(Cl) %<\/td>\n<td bgcolor=\"#FFFFFF\">\u22640,007<\/td>\n<td bgcolor=\"#FFFFFF\">\u22640,4<\/td>\n<td bgcolor=\"#FFFFFF\">\u22640,5<\/td>\n<\/tr>\n<tr>\n<td bgcolor=\"#FFFFFF\">Ate\u015fleme kal\u0131nt\u0131s\u0131 %<\/td>\n<td bgcolor=\"#FFFFFF\">\u22640,1<\/td>\n<td bgcolor=\"#FFFFFF\">\u22640,1<\/td>\n<td bgcolor=\"#FFFFFF\">\u22640,1<\/td>\n<\/tr>\n<tr>\n<td bgcolor=\"#FFFFFF\">S\u00fclfat(SO42-) %<\/td>\n<td bgcolor=\"#FFFFFF\">\u22640,0065<\/td>\n<td bgcolor=\"#FFFFFF\">\u22640,007<\/td>\n<td bgcolor=\"#FFFFFF\">\u22640,01<\/td>\n<\/tr>\n<tr>\n<td bgcolor=\"#FFFFFF\">Demir(Fe) %<\/td>\n<td bgcolor=\"#FFFFFF\">\u22640,001<\/td>\n<td bgcolor=\"#FFFFFF\">\u22640,003<\/td>\n<td bgcolor=\"#FFFFFF\">\u22640,003<\/td>\n<\/tr>\n<tr>\n<td bgcolor=\"#FFFFFF\">Amonyum tuzu (NH4) %<\/td>\n<td bgcolor=\"#FFFFFF\">\u22640,01<\/td>\n<td bgcolor=\"#FFFFFF\">\u22640,02<\/td>\n<td bgcolor=\"#FFFFFF\">\u22640,02<\/td>\n<\/tr>\n<tr>\n<td bgcolor=\"#FFFFFF\">Arsenik(As) %<\/td>\n<td bgcolor=\"#FFFFFF\">\u22640.0001<\/td>\n<td bgcolor=\"#FFFFFF\">\u22640.0003<\/td>\n<td bgcolor=\"#FFFFFF\">\u22640,0005<\/td>\n<\/tr>\n<tr>\n<td bgcolor=\"#FFFFFF\">Kur\u015fun(Pb) %<\/td>\n<td bgcolor=\"#FFFFFF\">\u22640.0001<\/td>\n<td bgcolor=\"#FFFFFF\">\u22640,0005<\/td>\n<td bgcolor=\"#FFFFFF\">\u22640,0005<\/td>\n<\/tr>\n<tr>\n<td bgcolor=\"#FFFFFF\">PH(5%) %<\/td>\n<td bgcolor=\"#FFFFFF\">\u22645,5-7,0<\/td>\n<td bgcolor=\"#FFFFFF\">\u22645,5-7,0<\/td>\n<td bgcolor=\"#FFFFFF\">\u22645,5-7,0<\/td>\n<\/tr>\n<\/tbody>\n<\/table>\n<p><strong>GlisinCAS 56-40-6Kullan\u0131m<\/strong><\/p>\n<p>1. Bu \u00fcr\u00fcn tavuk yemlerine besin takviyesi olarak kullan\u0131l\u0131r.<\/p>\n<p>2. Pestisit \u00fcretiminde piretrin insektisitlerin sentezinde kullan\u0131lan glisin etil ester hidroklor\u00fcr, ayn\u0131 zamanda fungisit, iprodion ve herbisit kat\u0131 glifosat\u0131 da sentezleyebilir.<\/p>\n<p><strong>GlisinCAS 56-40-6 Paketleme<\/strong><\/p>\n<p>M\u00fc\u015fterinin ihtiyac\u0131na g\u00f6re 25kg\/varil.<\/p>","protected":false},"excerpt":{"rendered":"<p>\u00dcr\u00fcn Ad\u0131: Glisin<br \/>\nCAS Numaras\u0131:56-40-6<br \/>\nMF:C2H5NO2<br \/>\nG\u00f6r\u00fcn\u00fcm: beyaz g\u00fc\u00e7<\/p>","protected":false},"featured_media":2157,"template":"","meta":{"_acf_changed":false,"_gspb_post_css":""},"product_brand":[],"product_cat":[55,102],"product_tag":[],"class_list":{"0":"post-3661","1":"product","2":"type-product","3":"status-publish","4":"has-post-thumbnail","6":"product_cat-food-additives","7":"product_cat-emulsifiers","9":"first","10":"instock","11":"shipping-taxable","12":"product-type-simple"},"acf":[],"_links":{"self":[{"href":"https:\/\/wpachem.com\/tr\/wp-json\/wp\/v2\/product\/3661","targetHints":{"allow":["GET"]}}],"collection":[{"href":"https:\/\/wpachem.com\/tr\/wp-json\/wp\/v2\/product"}],"about":[{"href":"https:\/\/wpachem.com\/tr\/wp-json\/wp\/v2\/types\/product"}],"version-history":[{"count":0,"href":"https:\/\/wpachem.com\/tr\/wp-json\/wp\/v2\/product\/3661\/revisions"}],"wp:featuredmedia":[{"embeddable":true,"href":"https:\/\/wpachem.com\/tr\/wp-json\/wp\/v2\/media\/2157"}],"wp:attachment":[{"href":"https:\/\/wpachem.com\/tr\/wp-json\/wp\/v2\/media?parent=3661"}],"wp:term":[{"taxonomy":"product_brand","embeddable":true,"href":"https:\/\/wpachem.com\/tr\/wp-json\/wp\/v2\/product_brand?post=3661"},{"taxonomy":"product_cat","embeddable":true,"href":"https:\/\/wpachem.com\/tr\/wp-json\/wp\/v2\/product_cat?post=3661"},{"taxonomy":"product_tag","embeddable":true,"href":"https:\/\/wpachem.com\/tr\/wp-json\/wp\/v2\/product_tag?post=3661"}],"curies":[{"name":"wp","href":"https:\/\/api.w.org\/{rel}","templated":true}]}}