{"id":3667,"date":"2023-03-24T05:48:41","date_gmt":"2023-03-24T05:48:41","guid":{"rendered":"http:\/\/site2.easyceotech.com\/?post_type=product&#038;p=3667"},"modified":"2024-03-12T07:31:32","modified_gmt":"2024-03-12T07:31:32","slug":"coenzyme-q10","status":"publish","type":"product","link":"https:\/\/wpachem.com\/tr\/urun\/coenzyme-q10\/","title":{"rendered":"Koenzim Q10"},"content":{"rendered":"<h1 data-spm-anchor-id=\"a2700.details.0.i25.28f73e4f2523if\">Julyherb s\u0131cak sat\u0131\u015f Ubiquinone COQ10 Toz Koenzim Q10 CAS 303-98-0<\/h1>\n<p><img decoding=\"async\" src=\"https:\/\/s.alicdn.com\/@sc04\/kf\/H07d16adc811d463f93e11f7d563bf007c\/257302160\/H07d16adc811d463f93e11f7d563bf007c.jpg?quality=close\" alt=\"Julyherb s\u0131cak sat\u0131\u015f Ubiquinone COQ10 Toz Koenzim Q10 CAS 303-98-0\" width=\"750\" height=\"36.80371352785146\" data-src=\"\/\/s.alicdn.com\/@sc04\/kf\/H07d16adc811d463f93e11f7d563bf007c\/257302160\/H07d16adc811d463f93e11f7d563bf007c.jpg?quality=close\" data-alt=\"Julyherb hot sell Ubiquinone COQ10 Powder Coenzyme Q10 CAS 303-98-0\" data-width=\"750\" \/><\/p>\n<table border=\"1\">\n<tbody>\n<tr>\n<td>\u0130sim:<\/td>\n<td>Julyherb s\u0131cak sat\u0131\u015f Ubiquinone COQ10 Toz Koenzim Q10 CAS 303-98-0<\/td>\n<\/tr>\n<tr>\n<td>E\u015f anlaml\u0131lar:<\/td>\n<td>Ubidekarenon;Koenzim Q10;COQ 10<\/td>\n<\/tr>\n<tr>\n<td>CAS:<\/td>\n<td>303-98-0<\/td>\n<\/tr>\n<tr>\n<td>Molek\u00fcler Form\u00fcl:<\/td>\n<td>C59H90O4<\/td>\n<\/tr>\n<tr>\n<td>Molek\u00fcler A\u011f\u0131rl\u0131k:<\/td>\n<td>863.34<\/td>\n<\/tr>\n<tr>\n<td>G\u00f6r\u00fcn\u00fcm:<\/td>\n<td>Portakal Tozu<\/td>\n<\/tr>\n<tr>\n<td>Ba\u015fvuru:<\/td>\n<td>Sa\u011fl\u0131k Bak\u0131m\u0131 G\u0131da<\/td>\n<\/tr>\n<tr>\n<td>Deneme:<\/td>\n<td>98%<\/td>\n<\/tr>\n<\/tbody>\n<\/table>\n<p>&nbsp;<\/p>\n<p><strong>Koenzim Q10 Nedir?<\/strong><\/p>\n<p>Ubiquinone COQ10 Tozu, CoQ10 veya ubiquinone 10 olarak da bilinir, mikrobiyal fermantasyon yoluyla \u00e7\u0131kar\u0131lan bir kinonoid bile\u015fi\u011fidir. Q&#039;nun kinon kimyasal grubunu ve 10&#039;un kuyru\u011fundaki izoprenil kimyasal alt birimlerinin say\u0131s\u0131n\u0131 ifade etti\u011fi bir 1,4-benzokinondur.<\/p>","protected":false},"excerpt":{"rendered":"<p>\u00dcr\u00fcn Ad\u0131:Koenzim Q10<br \/>\nCAS Numaras\u0131:303-98-0<br \/>\nMF:C59H90O4<br \/>\nG\u00f6r\u00fcn\u00fcm:sar\u0131 toz<\/p>","protected":false},"featured_media":2187,"template":"","meta":{"_acf_changed":false,"_gspb_post_css":""},"product_brand":[],"product_cat":[55,102],"product_tag":[],"class_list":{"0":"post-3667","1":"product","2":"type-product","3":"status-publish","4":"has-post-thumbnail","6":"product_cat-food-additives","7":"product_cat-emulsifiers","9":"first","10":"instock","11":"shipping-taxable","12":"product-type-simple"},"acf":[],"_links":{"self":[{"href":"https:\/\/wpachem.com\/tr\/wp-json\/wp\/v2\/product\/3667","targetHints":{"allow":["GET"]}}],"collection":[{"href":"https:\/\/wpachem.com\/tr\/wp-json\/wp\/v2\/product"}],"about":[{"href":"https:\/\/wpachem.com\/tr\/wp-json\/wp\/v2\/types\/product"}],"version-history":[{"count":0,"href":"https:\/\/wpachem.com\/tr\/wp-json\/wp\/v2\/product\/3667\/revisions"}],"wp:featuredmedia":[{"embeddable":true,"href":"https:\/\/wpachem.com\/tr\/wp-json\/wp\/v2\/media\/2187"}],"wp:attachment":[{"href":"https:\/\/wpachem.com\/tr\/wp-json\/wp\/v2\/media?parent=3667"}],"wp:term":[{"taxonomy":"product_brand","embeddable":true,"href":"https:\/\/wpachem.com\/tr\/wp-json\/wp\/v2\/product_brand?post=3667"},{"taxonomy":"product_cat","embeddable":true,"href":"https:\/\/wpachem.com\/tr\/wp-json\/wp\/v2\/product_cat?post=3667"},{"taxonomy":"product_tag","embeddable":true,"href":"https:\/\/wpachem.com\/tr\/wp-json\/wp\/v2\/product_tag?post=3667"}],"curies":[{"name":"wp","href":"https:\/\/api.w.org\/{rel}","templated":true}]}}