{"id":3670,"date":"2023-03-24T05:50:37","date_gmt":"2023-03-24T05:50:37","guid":{"rendered":"http:\/\/site2.easyceotech.com\/?post_type=product&#038;p=3670"},"modified":"2024-03-12T07:31:26","modified_gmt":"2024-03-12T07:31:26","slug":"calcium-caseinate","status":"publish","type":"product","link":"https:\/\/wpachem.com\/tr\/urun\/calcium-caseinate\/","title":{"rendered":"Kalsiyum Kazeinat"},"content":{"rendered":"<div id=\"ali-anchor-AliPostDhMb-t00ew\" class=\"mceSectionContainer\" data-section=\"AliPostDhMb-t00ew\" data-section-title=\"Product Description\">\n<div>\n<p><strong><span data-spm-anchor-id=\"a2700.details.0.i23.44a75ac9FydAvq\">Y\u00fcksek Kaliteli enzim rennet kimozin tozu CAS 9005-43-0<\/span><\/strong><\/p>\n<p>&nbsp;<\/p>\n<table border=\"0\" cellspacing=\"0\">\n<tbody>\n<tr>\n<td valign=\"top\">\u00dcr\u00fcn Ad\u0131<\/td>\n<td valign=\"top\"><strong>Y\u00fcksek Kaliteli enzim rennet kimozin tozu CAS 9005-43-0<\/strong><\/td>\n<\/tr>\n<tr>\n<td valign=\"top\">CAS<\/td>\n<td valign=\"top\">9005-43-0<\/td>\n<\/tr>\n<tr>\n<td valign=\"top\">Organoleptik<\/td>\n<td valign=\"top\">Beyaz toz<\/td>\n<\/tr>\n<tr>\n<td valign=\"top\">Seviye<\/td>\n<td valign=\"top\">G\u0131da S\u0131n\u0131f\u0131<\/td>\n<\/tr>\n<tr>\n<td valign=\"top\">Deneme<\/td>\n<td valign=\"top\">99%<\/td>\n<\/tr>\n<tr>\n<td valign=\"top\">MF<\/td>\n<td valign=\"top\">C6H12O6<\/td>\n<\/tr>\n<tr>\n<td valign=\"top\">Depolamak<\/td>\n<td valign=\"top\">Serin ve kuru, a\u011fz\u0131 iyi kapat\u0131lm\u0131\u015f bir kapta, nemden ve kuvvetli \u0131\u015f\u0131k\/\u0131s\u0131dan uzak tutarak saklay\u0131n\u0131z.<\/td>\n<\/tr>\n<tr>\n<td valign=\"top\">Raf \u00f6mr\u00fc<\/td>\n<td valign=\"top\">24 Ay<\/td>\n<\/tr>\n<\/tbody>\n<\/table>\n<\/div>\n<\/div>\n<p>&nbsp;<\/p>\n<p><strong>Kimozin enziminin tan\u0131m\u0131:<\/strong><\/p>\n<p>Mikroorganizma fermantasyonunun y\u00fcksek teknolojisinin kullan\u0131lmas\u0131, kat\u0131 enzim ajanlar\u0131n\u0131n safla\u015ft\u0131r\u0131lmas\u0131n\u0131n rafine edilmesi, s\u00fct end\u00fcstrisinde yayg\u0131n olarak uygulanmas\u0131, kazein, peynir ve puding lorunun \u00fcretiminde enzim y\u00f6ntemi kullan\u0131larak haz\u0131rlanmas\u0131 vazge\u00e7ilmezdir.<\/p>\n<div>\n<div>\n<div>\n<div>\n<div>\n<div><strong>Kimozin enziminin fonksiyonu:<\/strong><\/div>\n<div>\n<div>Peynir Mayas\u0131 Kimozin, \u00e7i\u011f s\u00fct\u00fcn p\u0131ht\u0131la\u015fmas\u0131n\u0131 destekler ve peynir alt\u0131 suyunun at\u0131lmas\u0131 i\u00e7in ko\u015fullar sa\u011flar.Peynir Mayas\u0131<br \/>\nKimozin, \u00e7i\u011f s\u00fct\u00fcn p\u0131ht\u0131la\u015fmas\u0131n\u0131 sa\u011flar ve peynir alt\u0131 suyunun at\u0131lmas\u0131 i\u00e7in gerekli ko\u015fullar\u0131 sa\u011flar.<\/p>\n<div>\n<p>Peynir Mayas\u0131 Kimozini peynir ve yo\u011furt \u00fcretiminde yayg\u0131n olarak kullan\u0131l\u0131r.<\/p>\n<div>\n<div>\n<div>\n<div>\n<div>\n<div><strong>Kimozin enziminin uygulanmas\u0131:<\/strong><\/div>\n<\/div>\n<\/div>\n<\/div>\n<\/div>\n<\/div>\n<\/div>\n<\/div>\n<div>1.Rennet peynir \u00fcretimi i\u00e7in vazge\u00e7ilmez bir preparatt\u0131r ve \u00e7\u0131kt\u0131 de\u011feri enzim preparat\u0131n\u0131n toplam \u00e7\u0131kt\u0131 de\u011ferinin 15.5%&#039;sini olu\u015fturur. Ana kaynak s\u00fctten kesilen buza\u011f\u0131 mide mukozas\u0131d\u0131r.<br \/>\n2.Peynir mayas\u0131 \u00e7i\u011f s\u00fct\u00fcn p\u0131ht\u0131la\u015fmas\u0131n\u0131 sa\u011flar ve peynir alt\u0131 suyunun at\u0131lmas\u0131 i\u00e7in gerekli ko\u015fullar\u0131 sa\u011flar.<br \/>\n3.Peynir mayas\u0131 peynir ve yo\u011furt \u00fcretiminde yayg\u0131n olarak kullan\u0131l\u0131r.<\/div>\n<div>anahtar kelimeler: kimozin tozu; kimozin enzimi rennet; kimozin; CAS 9005-43-0 ;<\/div>\n<div><\/div>\n<\/div>\n<\/div>\n<\/div>\n<\/div>\n<\/div>\n<\/div>\n<p>Paketleme Detay\u0131<span data-spm-anchor-id=\"a2700.details.0.i24.44a75ac9FydAvq\">:40cmX50cm ebatlar\u0131nda k\u00e2\u011f\u0131t bidonlarda ve i\u00e7erisinde iki adet plastik po\u015fet bulunmaktad\u0131r.<\/span><\/p>\n<p>Net A\u011f\u0131rl\u0131k: 25kgs\/varil.<\/p>\n<p>Depolama Durumu: Serin ve kuru, a\u011fz\u0131 iyi kapat\u0131lm\u0131\u015f kapta, nemden ve kuvvetli \u0131\u015f\u0131k\/\u0131s\u0131dan uzak tutarak saklay\u0131n\u0131z.<\/p>\n<p>Raf \u00d6mr\u00fc: \u0130yi depolama ko\u015fullar\u0131nda ve do\u011frudan g\u00fcne\u015f \u0131\u015f\u0131\u011f\u0131ndan uzakta iki y\u0131ld\u0131r.<\/p>","protected":false},"excerpt":{"rendered":"<p>\u00dcr\u00fcn Ad\u0131:Kalsiyum Kazeinat<br \/>\nCAS No:9005-43-0<br \/>\n\u00c7.M:<br \/>\nG\u00f6r\u00fcn\u00fcm: beyaz g\u00fc\u00e7<\/p>","protected":false},"featured_media":2182,"template":"","meta":{"_acf_changed":false,"_gspb_post_css":""},"product_brand":[],"product_cat":[55,102],"product_tag":[],"class_list":{"0":"post-3670","1":"product","2":"type-product","3":"status-publish","4":"has-post-thumbnail","6":"product_cat-food-additives","7":"product_cat-emulsifiers","9":"first","10":"instock","11":"shipping-taxable","12":"product-type-simple"},"acf":[],"_links":{"self":[{"href":"https:\/\/wpachem.com\/tr\/wp-json\/wp\/v2\/product\/3670","targetHints":{"allow":["GET"]}}],"collection":[{"href":"https:\/\/wpachem.com\/tr\/wp-json\/wp\/v2\/product"}],"about":[{"href":"https:\/\/wpachem.com\/tr\/wp-json\/wp\/v2\/types\/product"}],"version-history":[{"count":0,"href":"https:\/\/wpachem.com\/tr\/wp-json\/wp\/v2\/product\/3670\/revisions"}],"wp:featuredmedia":[{"embeddable":true,"href":"https:\/\/wpachem.com\/tr\/wp-json\/wp\/v2\/media\/2182"}],"wp:attachment":[{"href":"https:\/\/wpachem.com\/tr\/wp-json\/wp\/v2\/media?parent=3670"}],"wp:term":[{"taxonomy":"product_brand","embeddable":true,"href":"https:\/\/wpachem.com\/tr\/wp-json\/wp\/v2\/product_brand?post=3670"},{"taxonomy":"product_cat","embeddable":true,"href":"https:\/\/wpachem.com\/tr\/wp-json\/wp\/v2\/product_cat?post=3670"},{"taxonomy":"product_tag","embeddable":true,"href":"https:\/\/wpachem.com\/tr\/wp-json\/wp\/v2\/product_tag?post=3670"}],"curies":[{"name":"wp","href":"https:\/\/api.w.org\/{rel}","templated":true}]}}