{"id":3673,"date":"2023-03-24T05:52:41","date_gmt":"2023-03-24T05:52:41","guid":{"rendered":"http:\/\/site2.easyceotech.com\/?post_type=product&#038;p=3673"},"modified":"2024-03-12T07:25:24","modified_gmt":"2024-03-12T07:25:24","slug":"lipoic-acid","status":"publish","type":"product","link":"https:\/\/wpachem.com\/tr\/urun\/lipoic-acid\/","title":{"rendered":"Lipoik asit"},"content":{"rendered":"<p><strong>(R)-( )-1,2-Dithiolane-3-pentanoik asitAyr\u0131nt\u0131lar<\/strong><\/p>\n<p>Kimyasal Ad\u0131:(R)-( )-1,2-Dithiolane-3-pentanoik asit<\/p>\n<p>CAS Numaras\u0131: 1200-22-2<\/p>\n<p>Molek\u00fcler Form\u00fcl: C8H14O2S2<\/p>\n<p>Molek\u00fcler A\u011f\u0131rl\u0131k: 206.33<\/p>\n<p>Molek\u00fcler Yap\u0131:<\/p>\n<p>&nbsp;<\/p>\n<p>G\u00f6r\u00fcn\u00fcm: Sar\u0131 kristal toz<\/p>\n<p><strong>(R)-( )-1,2-Dithiolane-3-pentanoik asitTipik \u00d6zellikler<\/strong><\/p>\n<p>&nbsp;<\/p>\n<table cellspacing=\"0\">\n<tbody>\n<tr>\n<td>\u00d6\u011fe<\/td>\n<td>\u00d6zellikler<\/td>\n<td>Sonu\u00e7lar<\/td>\n<\/tr>\n<tr>\n<td>D\u0131\u015f g\u00f6r\u00fcn\u00fc\u015f<\/td>\n<td>Sar\u0131 kristal toz<\/td>\n<td>Sar\u0131 kristal toz<\/td>\n<\/tr>\n<tr>\n<td>Deneme (Lipoik asit)<\/td>\n<td>\u226599.0%<\/td>\n<td>99.46%<\/td>\n<\/tr>\n<tr>\n<td>Deneme (R-Lipoik asit)<\/td>\n<td>\u226598.0%<\/td>\n<td>99.13%<\/td>\n<\/tr>\n<tr>\n<td>Kurutma kayb\u0131<\/td>\n<td>\u22640.5%<\/td>\n<td>0.21<\/td>\n<\/tr>\n<tr>\n<td>A\u011f\u0131r metal<\/td>\n<td>\u226410ppm<\/td>\n<td>Onaylamak<\/td>\n<\/tr>\n<tr>\n<td>\u00c7\u00f6z\u00fcm<\/td>\n<td colspan=\"2\">\u0130htiyaca uygundur.<\/td>\n<\/tr>\n<\/tbody>\n<\/table>\n<p><strong>(R)-( )-1,2-Ditiyolan-3-pentanoik asitKullan\u0131m<\/strong><\/p>\n<p>1. B vitaminleri; akut ve kronik hepatit, siroz, hepatik koma, ya\u011fl\u0131 karaci\u011fer, diyabet vb. hastal\u0131klarda lipoik asitten daha etkili bir vitamindir.<\/p>\n<p>2. Akut ve kronik hepatit, siroz, karaci\u011fer komas\u0131 vb.<\/p>\n<p>3. Antioksidanlar<\/p>\n<p><strong>(R)-( )-1,2-Dithiolane-3-pentanoic asitAmbalajlama ve Nakliye<\/strong><\/p>\n<p>25kg\/varil, net a\u011f\u0131rl\u0131k<\/p>\n<p><strong>(R)-( )-1,2-Dithiolane-3-pentanoik asitDepolama<\/strong><\/p>\n<p>G\u0131dalardan uzakta, serin, kuru ve havaland\u0131r\u0131lm\u0131\u015f depolarda muhafaza edilmelidir.<\/p>","protected":false},"excerpt":{"rendered":"<p>\u00dcr\u00fcn Ad\u0131:Lipoik asit<br \/>\nCAS Numaras\u0131: 62-46-4<br \/>\nMF:C8H14O2S2<br \/>\nG\u00f6r\u00fcn\u00fcm:sar\u0131 g\u00fc\u00e7<\/p>","protected":false},"featured_media":2190,"template":"","meta":{"_acf_changed":false,"_gspb_post_css":""},"product_brand":[],"product_cat":[55,102],"product_tag":[],"class_list":{"0":"post-3673","1":"product","2":"type-product","3":"status-publish","4":"has-post-thumbnail","6":"product_cat-food-additives","7":"product_cat-emulsifiers","9":"first","10":"instock","11":"shipping-taxable","12":"product-type-simple"},"acf":[],"_links":{"self":[{"href":"https:\/\/wpachem.com\/tr\/wp-json\/wp\/v2\/product\/3673","targetHints":{"allow":["GET"]}}],"collection":[{"href":"https:\/\/wpachem.com\/tr\/wp-json\/wp\/v2\/product"}],"about":[{"href":"https:\/\/wpachem.com\/tr\/wp-json\/wp\/v2\/types\/product"}],"version-history":[{"count":0,"href":"https:\/\/wpachem.com\/tr\/wp-json\/wp\/v2\/product\/3673\/revisions"}],"wp:featuredmedia":[{"embeddable":true,"href":"https:\/\/wpachem.com\/tr\/wp-json\/wp\/v2\/media\/2190"}],"wp:attachment":[{"href":"https:\/\/wpachem.com\/tr\/wp-json\/wp\/v2\/media?parent=3673"}],"wp:term":[{"taxonomy":"product_brand","embeddable":true,"href":"https:\/\/wpachem.com\/tr\/wp-json\/wp\/v2\/product_brand?post=3673"},{"taxonomy":"product_cat","embeddable":true,"href":"https:\/\/wpachem.com\/tr\/wp-json\/wp\/v2\/product_cat?post=3673"},{"taxonomy":"product_tag","embeddable":true,"href":"https:\/\/wpachem.com\/tr\/wp-json\/wp\/v2\/product_tag?post=3673"}],"curies":[{"name":"wp","href":"https:\/\/api.w.org\/{rel}","templated":true}]}}