{"id":3676,"date":"2023-03-24T05:54:32","date_gmt":"2023-03-24T05:54:32","guid":{"rendered":"http:\/\/site2.easyceotech.com\/?post_type=product&#038;p=3676"},"modified":"2024-03-12T07:25:29","modified_gmt":"2024-03-12T07:25:29","slug":"zinc-gluconate","status":"publish","type":"product","link":"https:\/\/wpachem.com\/tr\/urun\/zinc-gluconate\/","title":{"rendered":"\u00c7inko glukonat"},"content":{"rendered":"<table border=\"1\">\n<tbody>\n<tr>\n<td colspan=\"1\" rowspan=\"1\">\n<div><span data-spm-anchor-id=\"a2700.details.0.i23.25a5c8a9MzyV8I\">\u00dcr\u00fcn Ad\u0131<\/span><\/div>\n<\/td>\n<td colspan=\"1\" rowspan=\"1\">\n<div>\u00c7inko Glukonat USP<\/div>\n<\/td>\n<td colspan=\"1\" rowspan=\"1\">\n<div>\u0130\u015flev<\/div>\n<\/td>\n<td colspan=\"1\" rowspan=\"1\">\n<div>\n<dl>\n<dd>\n<div>Sa\u011fl\u0131k Koruma<\/div>\n<\/dd>\n<\/dl>\n<\/div>\n<\/td>\n<\/tr>\n<tr>\n<td colspan=\"1\" rowspan=\"1\">\n<div>Minimum Sipari\u015f Adedi<\/div>\n<\/td>\n<td colspan=\"1\" rowspan=\"1\">\n<div>1 kilo<\/div>\n<\/td>\n<td colspan=\"1\" rowspan=\"1\">\n<div>Depolamak<\/div>\n<\/td>\n<td colspan=\"1\" rowspan=\"1\">\n<div>\n<dl>\n<dt><\/dt>\n<dd>\n<div>So\u011fuk Kuru Yer<\/div>\n<\/dd>\n<\/dl>\n<\/div>\n<\/td>\n<\/tr>\n<tr>\n<td colspan=\"1\" rowspan=\"1\">\n<div>Seviye<\/div>\n<\/td>\n<td colspan=\"1\" rowspan=\"1\">\n<div>G\u0131da S\u0131n\u0131f\u0131<\/div>\n<\/td>\n<td colspan=\"1\" rowspan=\"1\">\n<div>D\u0131\u015f g\u00f6r\u00fcn\u00fc\u015f<\/div>\n<\/td>\n<td colspan=\"1\" rowspan=\"1\">\n<div>Beyaz ila hafif sar\u0131 kristal<\/div>\n<\/td>\n<\/tr>\n<tr>\n<td colspan=\"1\" rowspan=\"1\">\n<div>\u015eartname<\/div>\n<\/td>\n<td colspan=\"1\" rowspan=\"1\">\n<div>\n<dl>\n<dd>\n<div>99%<\/div>\n<\/dd>\n<\/dl>\n<\/div>\n<\/td>\n<td colspan=\"1\" rowspan=\"1\">\n<div>Raf \u00f6mr\u00fc<\/div>\n<\/td>\n<td colspan=\"1\" rowspan=\"1\">\n<div>\n<dl>\n<dd>\n<div>2 Y\u0131l<\/div>\n<\/dd>\n<\/dl>\n<\/div>\n<\/td>\n<\/tr>\n<\/tbody>\n<\/table>\n<p><strong data-spm-anchor-id=\"a2700.details.0.i24.25a5c8a9MzyV8I\">\u00c7inko Glukonat USP Nedir?<\/strong><\/p>\n<p>&nbsp;<\/p>\n<p>Organik \u00e7inko g\u00fc\u00e7lendiricidir, bu nedenle v\u00fccutta kolayca emilebilir ve emilim oran\u0131 y\u00fcksektir. Ayr\u0131ca, iyi \u00e7\u00f6z\u00fcn\u00fcrl\u00fc\u011fe sahiptir ve ba\u011f\u0131rsaklara ve mideye neredeyse hi\u00e7 uyar\u0131m yapmaz.<\/p>\n<p><strong>\u00c7inko Glukonat USP&#039;nin Fonksiyonu<\/strong><\/p>\n<p>\u00c7inko besin takviyesi olarak, sa\u011fl\u0131kl\u0131 g\u0131dalarda, ila\u00e7larda vb. yayg\u0131n olarak kullan\u0131l\u0131r. Canl\u0131 organizmada \u00e7inko ve glikoz asidine sindirilir, bu da t\u00fcm enerji metabolizmas\u0131nda ve RNA ve DNA sentezinde rol oynar, b\u00f6ylece yara iyile\u015fmesini ve b\u00fcy\u00fcmeyi te\u015fvik edebilir.<\/p>","protected":false},"excerpt":{"rendered":"<p>\u00dcr\u00fcn Ad\u0131: \u00c7inko glukonat<br \/>\nCAS Numaras\u0131:4468-02-4<br \/>\nMF:C12H22O14Zn<br \/>\nG\u00f6r\u00fcn\u00fcm: beyaz g\u00fc\u00e7<\/p>","protected":false},"featured_media":2180,"template":"","meta":{"_acf_changed":false,"_gspb_post_css":""},"product_brand":[],"product_cat":[55,102],"product_tag":[],"class_list":{"0":"post-3676","1":"product","2":"type-product","3":"status-publish","4":"has-post-thumbnail","6":"product_cat-food-additives","7":"product_cat-emulsifiers","9":"first","10":"instock","11":"shipping-taxable","12":"product-type-simple"},"acf":[],"_links":{"self":[{"href":"https:\/\/wpachem.com\/tr\/wp-json\/wp\/v2\/product\/3676","targetHints":{"allow":["GET"]}}],"collection":[{"href":"https:\/\/wpachem.com\/tr\/wp-json\/wp\/v2\/product"}],"about":[{"href":"https:\/\/wpachem.com\/tr\/wp-json\/wp\/v2\/types\/product"}],"version-history":[{"count":0,"href":"https:\/\/wpachem.com\/tr\/wp-json\/wp\/v2\/product\/3676\/revisions"}],"wp:featuredmedia":[{"embeddable":true,"href":"https:\/\/wpachem.com\/tr\/wp-json\/wp\/v2\/media\/2180"}],"wp:attachment":[{"href":"https:\/\/wpachem.com\/tr\/wp-json\/wp\/v2\/media?parent=3676"}],"wp:term":[{"taxonomy":"product_brand","embeddable":true,"href":"https:\/\/wpachem.com\/tr\/wp-json\/wp\/v2\/product_brand?post=3676"},{"taxonomy":"product_cat","embeddable":true,"href":"https:\/\/wpachem.com\/tr\/wp-json\/wp\/v2\/product_cat?post=3676"},{"taxonomy":"product_tag","embeddable":true,"href":"https:\/\/wpachem.com\/tr\/wp-json\/wp\/v2\/product_tag?post=3676"}],"curies":[{"name":"wp","href":"https:\/\/api.w.org\/{rel}","templated":true}]}}