{"id":3679,"date":"2023-03-24T05:57:27","date_gmt":"2023-03-24T05:57:27","guid":{"rendered":"http:\/\/site2.easyceotech.com\/?post_type=product&#038;p=3679"},"modified":"2024-03-12T07:25:36","modified_gmt":"2024-03-12T07:25:36","slug":"sodium-bicarbonate","status":"publish","type":"product","link":"https:\/\/wpachem.com\/tr\/urun\/sodium-bicarbonate\/","title":{"rendered":"Sodyum bikarbonat"},"content":{"rendered":"<div class=\"J_module\">\n<div class=\"icbu-pc-images magic-1\">\n<div>\n<div class=\"flex-layout-h\">\n<div class=\"text-wrapper magic-5\">\n<div class=\"text-wrapper-right text-theme-light text-align-left\">\n<div class=\"text-title\"><span class=\"magic-6\"><span data-spm-anchor-id=\"a2700.details.0.i36.57576d01pPOoqb\">Sodyum bikarbonat<\/span><\/span><\/div>\n<div class=\"text-content\">Beyaz veya opak monoklinik sistemin ince kristalleri. Koku yok, tuzlu tat. Sudaki \u00e7\u00f6z\u00fcn\u00fcrl\u00fc\u011f\u00fc sodyum karbonattan daha azd\u0131r. Sodyum bikarbonat, suda \u00e7\u00f6z\u00fcnd\u00fc\u011f\u00fcnde zay\u0131f alkali olan g\u00fc\u00e7l\u00fc alkali ve zay\u0131f asidin n\u00f6trle\u015ftirilmesiyle olu\u015fan bir asit tuzudur. G\u0131da, ila\u00e7, film yap\u0131m\u0131, tabaklama, mineral i\u015fleme, metalurji, elyaf, kau\u00e7uk vb. end\u00fcstrilerde kullan\u0131labilir. Ayr\u0131ca deterjan ve yang\u0131n s\u00f6nd\u00fcrme maddesi, alkols\u00fcz i\u00e7eceklerde ve so\u011fuk i\u00e7eceklerde analitik reaktif olarak karbondioksit jenerat\u00f6r\u00fc olarak kullan\u0131labilir ve ayr\u0131ca asidozu tedavi etmek i\u00e7in inorganik sentezde ve ila\u00e7 end\u00fcstrisinde, g\u0131da end\u00fcstrisinin ba\u015flat\u0131c\u0131s\u0131, alkols\u00fcz i\u00e7eceklerde ve so\u011fuk i\u00e7eceklerde karbondioksit jenerat\u00f6r\u00fc ve tereya\u011f\u0131n\u0131n koruyucusu olarak kullan\u0131labilir. \u0130la\u00e7 end\u00fcstrisinde do\u011frudan hammadde olarak kullan\u0131labilir.<\/div>\n<\/div>\n<\/div>\n<\/div>\n<\/div>\n<\/div>\n<\/div>\n<div class=\"J_module\">\n<div id=\"ali-anchor-AliMagic-30in4w\" class=\"magic-0\" data-section=\"AliMagic-30in4w\" data-section-title=\"Specification\">\u015eartname<\/div>\n<\/div>\n<div class=\"J_module\">\n<div class=\"ife-detail-decorate-table\">\n<table class=\"has-title all magic-7\">\n<tbody>\n<tr>\n<td colspan=\"1\" rowspan=\"1\">\n<div class=\"magic-8\">\u00d6\u011fe<\/div>\n<\/td>\n<td colspan=\"1\" rowspan=\"1\">\n<div class=\"magic-9\">Standart<\/div>\n<\/td>\n<\/tr>\n<tr>\n<td colspan=\"1\" rowspan=\"1\">\n<div class=\"magic-8\">\u00dcr\u00fcn ad\u0131<\/div>\n<\/td>\n<td colspan=\"1\" rowspan=\"1\">\n<div class=\"magic-9\">Sodyum bikarbonat<\/div>\n<\/td>\n<\/tr>\n<tr>\n<td colspan=\"1\" rowspan=\"1\">\n<div class=\"magic-8\">CAS Numaras\u0131.<\/div>\n<\/td>\n<td colspan=\"1\" rowspan=\"1\">\n<div class=\"magic-9\">144-55-8<\/div>\n<\/td>\n<\/tr>\n<tr>\n<td colspan=\"1\" rowspan=\"1\">\n<div class=\"magic-8\">MF<\/div>\n<\/td>\n<td colspan=\"1\" rowspan=\"1\">\n<div class=\"magic-9\">CHNaO3<\/div>\n<\/td>\n<\/tr>\n<tr>\n<td colspan=\"1\" rowspan=\"1\">\n<div class=\"magic-8\">EINECS Numaras\u0131.<\/div>\n<\/td>\n<td colspan=\"1\" rowspan=\"1\">\n<div class=\"magic-9\">205-633-8<\/div>\n<\/td>\n<\/tr>\n<tr>\n<td colspan=\"1\" rowspan=\"1\">\n<div class=\"magic-8\">Men\u015fe Yeri<\/div>\n<\/td>\n<td colspan=\"1\" rowspan=\"1\">\n<div class=\"magic-9\">\u00c7in<\/div>\n<\/td>\n<\/tr>\n<tr>\n<td colspan=\"1\" rowspan=\"1\">\n<div class=\"magic-8\"><\/div>\n<\/td>\n<td colspan=\"1\" rowspan=\"1\">\n<div class=\"magic-9\">\u015eandong<\/div>\n<\/td>\n<\/tr>\n<tr>\n<td colspan=\"1\" rowspan=\"1\">\n<div class=\"magic-8\">S\u0131n\u0131f Standard\u0131<\/div>\n<\/td>\n<td colspan=\"1\" rowspan=\"1\">\n<div class=\"magic-9\">End\u00fcstriyel S\u0131n\u0131f, Reaktif S\u0131n\u0131f\u0131<\/div>\n<\/td>\n<\/tr>\n<tr>\n<td colspan=\"1\" rowspan=\"1\">\n<div class=\"magic-8\">Safl\u0131k<\/div>\n<\/td>\n<td colspan=\"1\" rowspan=\"1\">\n<div class=\"magic-9\">99%<\/div>\n<\/td>\n<\/tr>\n<tr>\n<td colspan=\"1\" rowspan=\"1\">\n<div class=\"magic-8\">Ba\u015fvuru<\/div>\n<\/td>\n<td colspan=\"1\" rowspan=\"1\">\n<div class=\"magic-9\">Sentetik deterjan<\/div>\n<\/td>\n<\/tr>\n<tr>\n<td colspan=\"1\" rowspan=\"1\">\n<div class=\"magic-8\">Marka Ad\u0131<\/div>\n<\/td>\n<td colspan=\"1\" rowspan=\"1\">\n<div class=\"magic-9\">De\u011fi\u015fimler<\/div>\n<\/td>\n<\/tr>\n<tr>\n<td colspan=\"1\" rowspan=\"1\">\n<div class=\"magic-8\">Yo\u011funluk<\/div>\n<\/td>\n<td colspan=\"1\" rowspan=\"1\">\n<div class=\"magic-9\">25 \u00b0C&#039;de 2,16 g\/mL (lit.)<\/div>\n<\/td>\n<\/tr>\n<tr>\n<td colspan=\"1\" rowspan=\"1\">\n<div class=\"magic-8\">PH<\/div>\n<\/td>\n<td colspan=\"1\" rowspan=\"1\">\n<div class=\"magic-9\">8.3<\/div>\n<\/td>\n<\/tr>\n<\/tbody>\n<\/table>\n<\/div>\n<\/div>\n<p>&nbsp;<\/p>","protected":false},"excerpt":{"rendered":"<p>\u00dcr\u00fcn Ad\u0131:Sodyum bikarbonat<br \/>\nCAS Numaras\u0131: 144-55-8<br \/>\nMF:CHNaO3<br \/>\nG\u00f6r\u00fcn\u00fcm: beyaz g\u00fc\u00e7<\/p>","protected":false},"featured_media":2183,"template":"","meta":{"_acf_changed":false,"_gspb_post_css":""},"product_brand":[],"product_cat":[55],"product_tag":[],"class_list":{"0":"post-3679","1":"product","2":"type-product","3":"status-publish","4":"has-post-thumbnail","6":"product_cat-food-additives","8":"first","9":"instock","10":"shipping-taxable","11":"product-type-simple"},"acf":[],"_links":{"self":[{"href":"https:\/\/wpachem.com\/tr\/wp-json\/wp\/v2\/product\/3679","targetHints":{"allow":["GET"]}}],"collection":[{"href":"https:\/\/wpachem.com\/tr\/wp-json\/wp\/v2\/product"}],"about":[{"href":"https:\/\/wpachem.com\/tr\/wp-json\/wp\/v2\/types\/product"}],"version-history":[{"count":0,"href":"https:\/\/wpachem.com\/tr\/wp-json\/wp\/v2\/product\/3679\/revisions"}],"wp:featuredmedia":[{"embeddable":true,"href":"https:\/\/wpachem.com\/tr\/wp-json\/wp\/v2\/media\/2183"}],"wp:attachment":[{"href":"https:\/\/wpachem.com\/tr\/wp-json\/wp\/v2\/media?parent=3679"}],"wp:term":[{"taxonomy":"product_brand","embeddable":true,"href":"https:\/\/wpachem.com\/tr\/wp-json\/wp\/v2\/product_brand?post=3679"},{"taxonomy":"product_cat","embeddable":true,"href":"https:\/\/wpachem.com\/tr\/wp-json\/wp\/v2\/product_cat?post=3679"},{"taxonomy":"product_tag","embeddable":true,"href":"https:\/\/wpachem.com\/tr\/wp-json\/wp\/v2\/product_tag?post=3679"}],"curies":[{"name":"wp","href":"https:\/\/api.w.org\/{rel}","templated":true}]}}