{"id":3682,"date":"2023-03-24T06:00:23","date_gmt":"2023-03-24T06:00:23","guid":{"rendered":"http:\/\/site2.easyceotech.com\/?post_type=product&#038;p=3682"},"modified":"2024-03-12T07:24:09","modified_gmt":"2024-03-12T07:24:09","slug":"sodium-metabisulfite","status":"publish","type":"product","link":"https:\/\/wpachem.com\/tr\/urun\/sodium-metabisulfite\/","title":{"rendered":"Sodyum metabis\u00fclfit"},"content":{"rendered":"<div class=\"J_module\">\n<div class=\"detail-decorate-json-renderer-container\">\n<div class=\"magic-4\">\n<div class=\"magic-5\">\n<div class=\"magic-6\">\n<div class=\"magic-7\">\n<div><span class=\"magic-8\" style=\"font-family: Arial;\" data-spm-anchor-id=\"a2700.details.0.i23.27e034e3K6vuhH\">\u00dcr\u00fcn Ad\u0131: Sodyum metabis\u00fclfit<\/span><\/div>\n<div><span class=\"magic-8\" style=\"font-family: Arial;\">CAS: 7681-57-4<\/span><\/div>\n<div><span class=\"magic-8\" style=\"font-family: Arial;\">\u00c7\u00c7:190.11<\/span><\/div>\n<div><span class=\"magic-8\" style=\"font-family: Arial;\">MF:Na2S2O5<\/span><\/div>\n<div><span class=\"magic-8\" style=\"font-family: Arial;\">G\u00f6r\u00fcn\u00fcm: Beyaz kristal toz<\/span><\/div>\n<div><span class=\"magic-8\" style=\"font-family: Arial;\">Safl\u0131k:97%min <\/span><\/div>\n<\/div>\n<\/div>\n<\/div>\n<\/div>\n<\/div>\n<\/div>\n<div class=\"J_module\">\n<div id=\"ali-anchor-AliMagic-0idekr\" class=\"magic-0\" data-section=\"AliMagic-0idekr\" data-section-title=\"Specification\">\u015eartname<\/div>\n<\/div>\n<div class=\"J_module\">\n<div class=\"ife-detail-decorate-table\">\n<table class=\"has-title is-zebra hight-light-first-column all magic-9\">\n<tbody>\n<tr>\n<td colspan=\"1\" rowspan=\"1\">\n<div class=\"magic-10\"><span class=\"magic-8\" style=\"font-family: Arial;\">\u00dcr\u00fcn Ad\u0131<\/span><\/div>\n<\/td>\n<td colspan=\"2\" rowspan=\"1\">\n<div class=\"magic-11\"><span class=\"magic-8\" style=\"font-family: Arial;\">SODYUM METAB\u0130S\u00dcLF\u0130T<\/span><\/div>\n<\/td>\n<\/tr>\n<tr>\n<td colspan=\"1\" rowspan=\"1\">\n<div class=\"magic-10\"><span class=\"magic-8\" style=\"font-family: Arial;\">Analiz \u00f6\u011fesi<\/span><\/div>\n<\/td>\n<td colspan=\"1\" rowspan=\"1\">\n<div class=\"magic-14\"><span class=\"magic-8\" style=\"font-family: Arial;\">Standart<\/span><\/div>\n<\/td>\n<td colspan=\"1\" rowspan=\"1\">\n<div class=\"magic-15\"><span class=\"magic-8\" style=\"font-family: Arial;\">Analiz Sonucu<\/span><\/div>\n<\/td>\n<\/tr>\n<tr>\n<td colspan=\"1\" rowspan=\"1\">\n<div class=\"magic-10\"><span class=\"magic-8\" style=\"font-family: Arial;\">Ana i\u00e7erik(Na2S2O5)<\/span><\/div>\n<\/td>\n<td colspan=\"1\" rowspan=\"1\">\n<div class=\"magic-14\"><span class=\"magic-8\" style=\"font-family: Arial;\">97%min<\/span><\/div>\n<\/td>\n<td colspan=\"1\" rowspan=\"1\">\n<div class=\"magic-15\"><span class=\"magic-8\" style=\"font-family: Arial;\">97.1%<\/span><\/div>\n<\/td>\n<\/tr>\n<tr>\n<td colspan=\"1\" rowspan=\"1\">\n<div class=\"magic-10\"><span class=\"magic-8\" style=\"font-family: Arial;\">Fe (Fe)<\/span><\/div>\n<\/td>\n<td colspan=\"1\" rowspan=\"1\">\n<div class=\"magic-14\"><span class=\"magic-8\" style=\"font-family: Arial;\">0.003%maks<\/span><\/div>\n<\/td>\n<td colspan=\"1\" rowspan=\"1\">\n<div class=\"magic-15\"><span class=\"magic-8\" style=\"font-family: Arial;\">0.003%<\/span><\/div>\n<\/td>\n<\/tr>\n<tr>\n<td colspan=\"1\" rowspan=\"1\">\n<div class=\"magic-10\"><span class=\"magic-8\" style=\"font-family: Arial;\">Suda \u00e7\u00f6z\u00fcnmeyen<\/span><\/div>\n<\/td>\n<td colspan=\"1\" rowspan=\"1\">\n<div class=\"magic-14\"><span class=\"magic-8\" style=\"font-family: Arial;\">0.05%maks<\/span><\/div>\n<\/td>\n<td colspan=\"1\" rowspan=\"1\">\n<div class=\"magic-15\"><span class=\"magic-8\" style=\"font-family: Arial;\">0.02%<\/span><\/div>\n<\/td>\n<\/tr>\n<tr>\n<td colspan=\"1\" rowspan=\"1\">\n<div class=\"magic-10\"><span class=\"magic-8\" style=\"font-family: Arial;\">Arsenik(As) i\u00e7eri\u011fi<\/span><\/div>\n<\/td>\n<td colspan=\"1\" rowspan=\"1\">\n<div class=\"magic-14\"><span class=\"magic-8\" style=\"font-family: Arial;\">0.0005%maks<\/span><\/div>\n<\/td>\n<td colspan=\"1\" rowspan=\"1\">\n<div class=\"magic-15\"><span class=\"magic-8\" style=\"font-family: Arial;\">&lt;0,0001<\/span><\/div>\n<\/td>\n<\/tr>\n<tr>\n<td colspan=\"1\" rowspan=\"1\">\n<div class=\"magic-10\"><span class=\"magic-8\" style=\"font-family: Arial;\">(pb) i\u00e7erik<\/span><\/div>\n<\/td>\n<td colspan=\"1\" rowspan=\"1\">\n<div class=\"magic-14\"><span class=\"magic-8\" style=\"font-family: Arial;\">0.0005%maks<\/span><\/div>\n<\/td>\n<td colspan=\"1\" rowspan=\"1\">\n<div class=\"magic-15\"><span class=\"magic-8\" style=\"font-family: Arial;\">&lt;0,0005<\/span><\/div>\n<\/td>\n<\/tr>\n<tr>\n<td colspan=\"1\" rowspan=\"1\">\n<div class=\"magic-10\"><span class=\"magic-8\" style=\"font-family: Arial;\">Fosforik asit testi \u2264<\/span><\/div>\n<\/td>\n<td colspan=\"1\" rowspan=\"1\">\n<div class=\"magic-14\"><span class=\"magic-8\" style=\"font-family: Arial;\">4.2<\/span><\/div>\n<\/td>\n<td colspan=\"1\" rowspan=\"1\">\n<div class=\"magic-15\"><\/div>\n<\/td>\n<\/tr>\n<tr>\n<td colspan=\"1\" rowspan=\"1\">\n<div class=\"magic-10\"><span class=\"magic-8\" style=\"font-family: Arial;\">D\u0131\u015f g\u00f6r\u00fcn\u00fc\u015f<\/span><\/div>\n<\/td>\n<td colspan=\"2\" rowspan=\"1\">\n<div class=\"magic-16\"><span class=\"magic-8\" style=\"font-family: Arial;\">Beyaz ila hafif sar\u0131ms\u0131 kristal toz<\/span><\/div>\n<\/td>\n<\/tr>\n<\/tbody>\n<\/table>\n<\/div>\n<\/div>\n<div class=\"J_module\">\n<div id=\"ali-anchor-AliMagic-o2orro\" class=\"magic-0\" data-section=\"AliMagic-o2orro\" data-section-title=\"Application\">Ba\u015fvuru<\/div>\n<\/div>\n<div class=\"J_module\">\n<div class=\"detail-decorate-json-renderer-container\">\n<div class=\"magic-4\">\n<div class=\"magic-5\">\n<div class=\"magic-6\">\n<div class=\"magic-7\"><span class=\"magic-8\" style=\"font-family: Arial;\">1. Kau\u00e7uk end\u00fcstrisinde p\u0131ht\u0131la\u015ft\u0131r\u0131c\u0131 olarak kullan\u0131l\u0131r. 2. Bask\u0131 ve boyama end\u00fcstrisinde pamuk a\u011fartma i\u00e7in klor giderici madde ve pamuk pi\u015firme maddesi olarak kullan\u0131l\u0131r. 3. Deri i\u015fleme i\u00e7in tabaklama end\u00fcstrisi, deriyi yumu\u015fak, dolgun, sert, su ge\u00e7irmez, katlanmaya kar\u015f\u0131 dayan\u0131kl\u0131, a\u015f\u0131nma direnci ve di\u011fer \u00f6zelliklerle yapabilir.<\/span><\/div>\n<\/div>\n<\/div>\n<\/div>\n<\/div>\n<\/div>\n<p>&nbsp;<\/p>","protected":false},"excerpt":{"rendered":"<p>\u00dcr\u00fcn Ad\u0131:Sodyum metabis\u00fclfit<br \/>\nCAS Numaras\u0131:7681-57-4<br \/>\nMF:2Na.O5S2<br \/>\nG\u00f6r\u00fcn\u00fcm: beyaz g\u00fc\u00e7<\/p>","protected":false},"featured_media":2181,"template":"","meta":{"_acf_changed":false,"_gspb_post_css":""},"product_brand":[],"product_cat":[55],"product_tag":[],"class_list":{"0":"post-3682","1":"product","2":"type-product","3":"status-publish","4":"has-post-thumbnail","6":"product_cat-food-additives","8":"first","9":"instock","10":"shipping-taxable","11":"product-type-simple"},"acf":[],"_links":{"self":[{"href":"https:\/\/wpachem.com\/tr\/wp-json\/wp\/v2\/product\/3682","targetHints":{"allow":["GET"]}}],"collection":[{"href":"https:\/\/wpachem.com\/tr\/wp-json\/wp\/v2\/product"}],"about":[{"href":"https:\/\/wpachem.com\/tr\/wp-json\/wp\/v2\/types\/product"}],"version-history":[{"count":0,"href":"https:\/\/wpachem.com\/tr\/wp-json\/wp\/v2\/product\/3682\/revisions"}],"wp:featuredmedia":[{"embeddable":true,"href":"https:\/\/wpachem.com\/tr\/wp-json\/wp\/v2\/media\/2181"}],"wp:attachment":[{"href":"https:\/\/wpachem.com\/tr\/wp-json\/wp\/v2\/media?parent=3682"}],"wp:term":[{"taxonomy":"product_brand","embeddable":true,"href":"https:\/\/wpachem.com\/tr\/wp-json\/wp\/v2\/product_brand?post=3682"},{"taxonomy":"product_cat","embeddable":true,"href":"https:\/\/wpachem.com\/tr\/wp-json\/wp\/v2\/product_cat?post=3682"},{"taxonomy":"product_tag","embeddable":true,"href":"https:\/\/wpachem.com\/tr\/wp-json\/wp\/v2\/product_tag?post=3682"}],"curies":[{"name":"wp","href":"https:\/\/api.w.org\/{rel}","templated":true}]}}