{"id":3707,"date":"2023-04-10T05:50:21","date_gmt":"2023-04-10T05:50:21","guid":{"rendered":"http:\/\/site2.easyceotech.com\/?post_type=product&#038;p=3707"},"modified":"2024-03-12T07:23:57","modified_gmt":"2024-03-12T07:23:57","slug":"molybdate-orange-p-r-104","status":"publish","type":"product","link":"https:\/\/wpachem.com\/tr\/urun\/molybdate-orange-p-r-104\/","title":{"rendered":"Molibdat Turuncu PR104"},"content":{"rendered":"<p><strong>\u00d6zellikleri:<\/strong><\/p>\n<p>Molibdat Turuncu, kur\u015fun molibdat, kur\u015fun kromat, kur\u015fun s\u00fclfat i\u00e7eren bir t\u00fcr inorganik pigmenttir, turuncu k\u0131rm\u0131z\u0131dan k\u0131rm\u0131z\u0131ya kadar \u00e7e\u015fitleri olabilir. Rengi parlakt\u0131r, renklendirme g\u00fcc\u00fc turuncu krom sar\u0131s\u0131ndan daha y\u00fcksektir, gizleme g\u00fcc\u00fc ve \u00e7e\u015fitli ana tolerans indeksleri \u00e7ok iyidir.<\/p>\n<p><strong>Ba\u015fvuru:<\/strong><\/p>\n<ul>\n<li>Molibdat Turuncu, kaplamalarda yayg\u0131n olarak kullan\u0131l\u0131r, turuncu k\u0131rm\u0131z\u0131 kaplamalar haline getirilebilir; beyaz antikorozif pigmentle birle\u015ftirilerek Molibdat Turuncu antikorozif boyan\u0131n k\u0131rm\u0131z\u0131 kur\u015fun g\u00f6r\u00fcn\u00fcm\u00fcne benzemesi sa\u011flanabilir.<\/li>\n<li>Molibdat Turuncusu da s\u0131kl\u0131kla iyi h\u0131zl\u0131 organik pigment renk uyumu ile elde edilir, solvente dayan\u0131kl\u0131, alt\u0131n \u0131\u015f\u0131\u011f\u0131na dayan\u0131kl\u0131, f\u0131r\u0131nlama s\u0131cakl\u0131\u011f\u0131na dayan\u0131kl\u0131 k\u0131rm\u0131z\u0131 f\u0131r\u0131n boyas\u0131 elde edilebilir.<\/li>\n<li>Plastik renklendirmede, molibdat turuncusu genellikle daha iyi \u0131s\u0131 direncine sahip organik pigmentlerle e\u015fle\u015ftirilerek parlak \u0131s\u0131ya dayan\u0131kl\u0131 k\u0131rm\u0131z\u0131 elde edilirken, karbon siyah\u0131 ile kahve rengi elde edilebilir.<\/li>\n<li>M\u00fcrekkep kullan\u0131m\u0131nda krom sar\u0131s\u0131na benzer performans g\u00f6steren bir t\u00fcr turuncu pigmenttir.<\/li>\n<\/ul>\n<p>&nbsp;<\/p>","protected":false},"excerpt":{"rendered":"<p>\u00dcr\u00fcn Ad\u0131: Molibdat Portakal\u0131<\/p>\n<p>Renk Endeksi: PR104<\/p>\n<p>MF: PbCrO4,PbMoO4,PbSO4<\/p>\n<p>CAS NO: 12656-85-8<\/p>","protected":false},"featured_media":3710,"template":"","meta":{"_acf_changed":false,"_gspb_post_css":""},"product_brand":[],"product_cat":[54],"product_tag":[],"class_list":{"0":"post-3707","1":"product","2":"type-product","3":"status-publish","4":"has-post-thumbnail","6":"product_cat-inorganic-pigments","8":"first","9":"instock","10":"shipping-taxable","11":"product-type-simple"},"acf":[],"_links":{"self":[{"href":"https:\/\/wpachem.com\/tr\/wp-json\/wp\/v2\/product\/3707","targetHints":{"allow":["GET"]}}],"collection":[{"href":"https:\/\/wpachem.com\/tr\/wp-json\/wp\/v2\/product"}],"about":[{"href":"https:\/\/wpachem.com\/tr\/wp-json\/wp\/v2\/types\/product"}],"version-history":[{"count":0,"href":"https:\/\/wpachem.com\/tr\/wp-json\/wp\/v2\/product\/3707\/revisions"}],"wp:featuredmedia":[{"embeddable":true,"href":"https:\/\/wpachem.com\/tr\/wp-json\/wp\/v2\/media\/3710"}],"wp:attachment":[{"href":"https:\/\/wpachem.com\/tr\/wp-json\/wp\/v2\/media?parent=3707"}],"wp:term":[{"taxonomy":"product_brand","embeddable":true,"href":"https:\/\/wpachem.com\/tr\/wp-json\/wp\/v2\/product_brand?post=3707"},{"taxonomy":"product_cat","embeddable":true,"href":"https:\/\/wpachem.com\/tr\/wp-json\/wp\/v2\/product_cat?post=3707"},{"taxonomy":"product_tag","embeddable":true,"href":"https:\/\/wpachem.com\/tr\/wp-json\/wp\/v2\/product_tag?post=3707"}],"curies":[{"name":"wp","href":"https:\/\/api.w.org\/{rel}","templated":true}]}}