{"id":3711,"date":"2023-04-10T06:04:18","date_gmt":"2023-04-10T06:04:18","guid":{"rendered":"http:\/\/site2.easyceotech.com\/?post_type=product&#038;p=3711"},"modified":"2024-03-12T07:23:15","modified_gmt":"2024-03-12T07:23:15","slug":"permanent-yellow-p-y-14","status":"publish","type":"product","link":"https:\/\/wpachem.com\/tr\/urun\/permanent-yellow-p-y-14\/","title":{"rendered":"Kal\u0131c\u0131 Sar\u0131 PY14"},"content":{"rendered":"<p><strong>\u00d6zellikleri:<\/strong><\/p>\n<p>Kal\u0131c\u0131 sar\u0131, b\u00fctanol, toluende \u00e7\u00f6z\u00fcnen, suda \u00e7\u00f6z\u00fcnmeyen sar\u0131 bir tozdur. Parlak rengi, g\u00fc\u00e7l\u00fc renklendirme g\u00fcc\u00fc, iyi \u0131s\u0131 direnci. Ye\u015fil a\u00e7\u0131k sar\u0131, saf rengi, \u00e7ift azo, benzidin pigmentleri<\/p>\n<p>&nbsp;<\/p>\n<p><strong>Ba\u015fvuru:<\/strong><\/p>\n<p>Kal\u0131c\u0131 sar\u0131 esas olarak plastik ve kau\u00e7uk \u00fcr\u00fcnlerin renklendirilmesinde kullan\u0131l\u0131r, ancak poli\u00fcretan sentetik deri, y\u00fcksek kaliteli m\u00fcrekkep ve boya renklendirme i\u00e7in de uygundur.<\/p>","protected":false},"excerpt":{"rendered":"<p>\u00dcr\u00fcn Ad\u0131:Kal\u0131c\u0131 sar\u0131<\/p>\n<p>Renk Endeksi: PY14<\/p>\n<p>G\u00f6r\u00fcn\u00fcm: Sar\u0131ms\u0131 toz<\/p>","protected":false},"featured_media":3714,"template":"","meta":{"_acf_changed":false,"_gspb_post_css":""},"product_brand":[],"product_cat":[70],"product_tag":[],"class_list":{"0":"post-3711","1":"product","2":"type-product","3":"status-publish","4":"has-post-thumbnail","6":"product_cat-organic-pigment","8":"first","9":"instock","10":"shipping-taxable","11":"product-type-simple"},"acf":[],"_links":{"self":[{"href":"https:\/\/wpachem.com\/tr\/wp-json\/wp\/v2\/product\/3711","targetHints":{"allow":["GET"]}}],"collection":[{"href":"https:\/\/wpachem.com\/tr\/wp-json\/wp\/v2\/product"}],"about":[{"href":"https:\/\/wpachem.com\/tr\/wp-json\/wp\/v2\/types\/product"}],"version-history":[{"count":0,"href":"https:\/\/wpachem.com\/tr\/wp-json\/wp\/v2\/product\/3711\/revisions"}],"wp:featuredmedia":[{"embeddable":true,"href":"https:\/\/wpachem.com\/tr\/wp-json\/wp\/v2\/media\/3714"}],"wp:attachment":[{"href":"https:\/\/wpachem.com\/tr\/wp-json\/wp\/v2\/media?parent=3711"}],"wp:term":[{"taxonomy":"product_brand","embeddable":true,"href":"https:\/\/wpachem.com\/tr\/wp-json\/wp\/v2\/product_brand?post=3711"},{"taxonomy":"product_cat","embeddable":true,"href":"https:\/\/wpachem.com\/tr\/wp-json\/wp\/v2\/product_cat?post=3711"},{"taxonomy":"product_tag","embeddable":true,"href":"https:\/\/wpachem.com\/tr\/wp-json\/wp\/v2\/product_tag?post=3711"}],"curies":[{"name":"wp","href":"https:\/\/api.w.org\/{rel}","templated":true}]}}