{"id":3715,"date":"2023-04-10T07:45:36","date_gmt":"2023-04-10T07:45:36","guid":{"rendered":"http:\/\/site2.easyceotech.com\/?post_type=product&#038;p=3715"},"modified":"2024-03-12T07:23:15","modified_gmt":"2024-03-12T07:23:15","slug":"quinacridone-red-c-i-p-r-122","status":"publish","type":"product","link":"https:\/\/wpachem.com\/tr\/urun\/quinacridone-red-c-i-p-r-122\/","title":{"rendered":"Kinakridon K\u0131rm\u0131z\u0131 CIPR 122"},"content":{"rendered":"<p><strong>\u00d6zellikleri:<\/strong><\/p>\n<p>Quinacridone Red parlak renkli k\u0131rm\u0131z\u0131 tozdur. M\u00fckemmel hasl\u0131\u011fa, organik \u00e7\u00f6z\u00fcc\u00fclere ve \u0131s\u0131ya kar\u015f\u0131 y\u00fcksek dirence sahiptir. \u00c7e\u015fitli plastiklerde g\u00f6\u00e7 etmez. M\u00fckemmel \u0131\u015f\u0131k hasl\u0131\u011f\u0131, bu nedenle \u00e7ok seyreltilmi\u015f olsa bile g\u00fcne\u015f hasl\u0131\u011f\u0131n\u0131 azaltmaz.<\/p>\n<p>&nbsp;<\/p>\n<p><strong>Ba\u015fvuru:<\/strong><\/p>\n<p>Esas olarak plastik, boya, re\u00e7ine, boya bask\u0131, m\u00fcrekkep, kau\u00e7uk ve pleksiglas vb. malzemelerin renklendirilmesinde kullan\u0131l\u0131r. Ayr\u0131ca sentetik elyaf hamurlar\u0131n\u0131n renklendirilmesinde de kullan\u0131labilir.<\/p>","protected":false},"excerpt":{"rendered":"<p><strong>\u00dcr\u00fcn Ad\u0131:<\/strong> Kinakridon K\u0131rm\u0131z\u0131<\/p>\n<p><strong>Renk \u0130ndeksi:<\/strong> CIPR122<\/p>\n<p><strong>D\u0131\u015f g\u00f6r\u00fcn\u00fc\u015f:<\/strong> K\u0131rm\u0131z\u0131 toz<\/p>\n<p><strong>\u00c7.M:<\/strong> C20H12N2O2<\/p>","protected":false},"featured_media":3701,"template":"","meta":{"_acf_changed":false,"_gspb_post_css":""},"product_brand":[],"product_cat":[70],"product_tag":[],"class_list":{"0":"post-3715","1":"product","2":"type-product","3":"status-publish","4":"has-post-thumbnail","6":"product_cat-organic-pigment","8":"first","9":"instock","10":"shipping-taxable","11":"product-type-simple"},"acf":[],"_links":{"self":[{"href":"https:\/\/wpachem.com\/tr\/wp-json\/wp\/v2\/product\/3715","targetHints":{"allow":["GET"]}}],"collection":[{"href":"https:\/\/wpachem.com\/tr\/wp-json\/wp\/v2\/product"}],"about":[{"href":"https:\/\/wpachem.com\/tr\/wp-json\/wp\/v2\/types\/product"}],"version-history":[{"count":0,"href":"https:\/\/wpachem.com\/tr\/wp-json\/wp\/v2\/product\/3715\/revisions"}],"wp:featuredmedia":[{"embeddable":true,"href":"https:\/\/wpachem.com\/tr\/wp-json\/wp\/v2\/media\/3701"}],"wp:attachment":[{"href":"https:\/\/wpachem.com\/tr\/wp-json\/wp\/v2\/media?parent=3715"}],"wp:term":[{"taxonomy":"product_brand","embeddable":true,"href":"https:\/\/wpachem.com\/tr\/wp-json\/wp\/v2\/product_brand?post=3715"},{"taxonomy":"product_cat","embeddable":true,"href":"https:\/\/wpachem.com\/tr\/wp-json\/wp\/v2\/product_cat?post=3715"},{"taxonomy":"product_tag","embeddable":true,"href":"https:\/\/wpachem.com\/tr\/wp-json\/wp\/v2\/product_tag?post=3715"}],"curies":[{"name":"wp","href":"https:\/\/api.w.org\/{rel}","templated":true}]}}