{"id":3718,"date":"2023-04-10T07:53:31","date_gmt":"2023-04-10T07:53:31","guid":{"rendered":"http:\/\/site2.easyceotech.com\/?post_type=product&#038;p=3718"},"modified":"2024-03-12T07:23:16","modified_gmt":"2024-03-12T07:23:16","slug":"pigment-red-13","status":"publish","type":"product","link":"https:\/\/wpachem.com\/tr\/urun\/pigment-red-13\/","title":{"rendered":"Pigment K\u0131rm\u0131z\u0131 13"},"content":{"rendered":"<p><strong>\u00d6zellikleri:<\/strong><\/p>\n<p>Pigment Red 13, y\u00fcksek renklendirme g\u00fcc\u00fc ve gizleme g\u00fcc\u00fcne sahip mor pembe tozdur. M\u00fckemmel \u0131\u015f\u0131k ve \u0131s\u0131 direnci, genel \u00e7\u00f6z\u00fcc\u00fclere kar\u015f\u0131 kararl\u0131d\u0131r.<\/p>\n<p>&nbsp;<\/p>\n<p><strong>Ba\u015fvuru:<\/strong><\/p>\n<p>Pigment K\u0131rm\u0131z\u0131 13 esas olarak boya, k\u0131rtasiye, boya, sprey boya, sulu boya veya ya\u011fl\u0131 boya pigmentlerinin renklendirilmesinde kullan\u0131l\u0131r.<\/p>","protected":false},"excerpt":{"rendered":"<p><strong>\u00dcr\u00fcn Ad\u0131:<\/strong> Pigment K\u0131rm\u0131z\u0131 13<\/p>\n<p><strong>Renk \u0130ndeksi:<\/strong> CIPR13<\/p>\n<p><strong>D\u0131\u015f g\u00f6r\u00fcn\u00fc\u015f:<\/strong> Mor pembe toz<\/p>\n<p><strong>CAS Numaras\u0131:<\/strong> 6535-47-3<\/p>\n<p><strong>\u00c7.M:<\/strong> C25H20N4O4<\/p>\n<p><strong>Di\u011fer Ad\u0131:<\/strong> Toluidin Bordo<\/p>","protected":false},"featured_media":3721,"template":"","meta":{"_acf_changed":false,"_gspb_post_css":""},"product_brand":[],"product_cat":[70],"product_tag":[],"class_list":{"0":"post-3718","1":"product","2":"type-product","3":"status-publish","4":"has-post-thumbnail","6":"product_cat-organic-pigment","8":"first","9":"instock","10":"shipping-taxable","11":"product-type-simple"},"acf":[],"_links":{"self":[{"href":"https:\/\/wpachem.com\/tr\/wp-json\/wp\/v2\/product\/3718","targetHints":{"allow":["GET"]}}],"collection":[{"href":"https:\/\/wpachem.com\/tr\/wp-json\/wp\/v2\/product"}],"about":[{"href":"https:\/\/wpachem.com\/tr\/wp-json\/wp\/v2\/types\/product"}],"version-history":[{"count":0,"href":"https:\/\/wpachem.com\/tr\/wp-json\/wp\/v2\/product\/3718\/revisions"}],"wp:featuredmedia":[{"embeddable":true,"href":"https:\/\/wpachem.com\/tr\/wp-json\/wp\/v2\/media\/3721"}],"wp:attachment":[{"href":"https:\/\/wpachem.com\/tr\/wp-json\/wp\/v2\/media?parent=3718"}],"wp:term":[{"taxonomy":"product_brand","embeddable":true,"href":"https:\/\/wpachem.com\/tr\/wp-json\/wp\/v2\/product_brand?post=3718"},{"taxonomy":"product_cat","embeddable":true,"href":"https:\/\/wpachem.com\/tr\/wp-json\/wp\/v2\/product_cat?post=3718"},{"taxonomy":"product_tag","embeddable":true,"href":"https:\/\/wpachem.com\/tr\/wp-json\/wp\/v2\/product_tag?post=3718"}],"curies":[{"name":"wp","href":"https:\/\/api.w.org\/{rel}","templated":true}]}}