{"id":3727,"date":"2023-04-10T08:10:41","date_gmt":"2023-04-10T08:10:41","guid":{"rendered":"http:\/\/site2.easyceotech.com\/?post_type=product&#038;p=3727"},"modified":"2024-03-12T07:21:50","modified_gmt":"2024-03-12T07:21:50","slug":"lisor-magenta-4bp","status":"publish","type":"product","link":"https:\/\/wpachem.com\/tr\/urun\/lisor-magenta-4bp\/","title":{"rendered":"Lisor Macenta 4BP"},"content":{"rendered":"<p><strong>\u00d6zellikleri:\u00a0<\/strong><\/p>\n<p>Lisor Magenta 4BP m\u00fckemmel renklendirme g\u00fcc\u00fcne ve g\u00f6\u00e7 direncine, m\u00fcrekkepte iyi ak\u0131\u015fkanl\u0131\u011fa ve iyi stabiliteye sahiptir.<\/p>\n<p>&nbsp;<\/p>\n<p><strong>Ba\u015fvuru:<\/strong><\/p>\n<p>Genellikle toz boya, plastik, m\u00fcrekkep ve di\u011fer \u00fcr\u00fcnlerin renklendirilmesinde kullan\u0131l\u0131r.<\/p>","protected":false},"excerpt":{"rendered":"<p><strong>\u00dcr\u00fcn Ad\u0131:<\/strong> Lisor Macenta 4BP<\/p>\n<p><strong>Renk \u0130ndeksi:<\/strong> CIPR57:1<\/p>\n<p><strong>D\u0131\u015f g\u00f6r\u00fcn\u00fc\u015f:<\/strong> K\u0131rm\u0131z\u0131 toz<\/p>\n<p><strong>Di\u011fer Ad\u0131:<\/strong> Pigment K\u0131rm\u0131z\u0131 57:1<\/p>","protected":false},"featured_media":3730,"template":"","meta":{"_acf_changed":false,"_gspb_post_css":""},"product_brand":[],"product_cat":[24],"product_tag":[],"class_list":{"0":"post-3727","1":"product","2":"type-product","3":"status-publish","4":"has-post-thumbnail","6":"product_cat-uncategorized","8":"first","9":"instock","10":"shipping-taxable","11":"product-type-simple"},"acf":[],"_links":{"self":[{"href":"https:\/\/wpachem.com\/tr\/wp-json\/wp\/v2\/product\/3727","targetHints":{"allow":["GET"]}}],"collection":[{"href":"https:\/\/wpachem.com\/tr\/wp-json\/wp\/v2\/product"}],"about":[{"href":"https:\/\/wpachem.com\/tr\/wp-json\/wp\/v2\/types\/product"}],"version-history":[{"count":0,"href":"https:\/\/wpachem.com\/tr\/wp-json\/wp\/v2\/product\/3727\/revisions"}],"wp:featuredmedia":[{"embeddable":true,"href":"https:\/\/wpachem.com\/tr\/wp-json\/wp\/v2\/media\/3730"}],"wp:attachment":[{"href":"https:\/\/wpachem.com\/tr\/wp-json\/wp\/v2\/media?parent=3727"}],"wp:term":[{"taxonomy":"product_brand","embeddable":true,"href":"https:\/\/wpachem.com\/tr\/wp-json\/wp\/v2\/product_brand?post=3727"},{"taxonomy":"product_cat","embeddable":true,"href":"https:\/\/wpachem.com\/tr\/wp-json\/wp\/v2\/product_cat?post=3727"},{"taxonomy":"product_tag","embeddable":true,"href":"https:\/\/wpachem.com\/tr\/wp-json\/wp\/v2\/product_tag?post=3727"}],"curies":[{"name":"wp","href":"https:\/\/api.w.org\/{rel}","templated":true}]}}