{"id":3731,"date":"2023-04-10T08:21:51","date_gmt":"2023-04-10T08:21:51","guid":{"rendered":"http:\/\/site2.easyceotech.com\/?post_type=product&#038;p=3731"},"modified":"2024-03-12T07:21:46","modified_gmt":"2024-03-12T07:21:46","slug":"pigment-violet-19","status":"publish","type":"product","link":"https:\/\/wpachem.com\/tr\/urun\/pigment-violet-19\/","title":{"rendered":"Pigment Menek\u015fe 19"},"content":{"rendered":"<p><strong>\u00d6zellikleri:<\/strong><\/p>\n<p>Pigment Violet 19 (Pigment Violet 19), kristal tipine g\u00f6re \u03b2 tipi ve \u03b3 tipi olarak ayr\u0131labilen \u00e7ok parlak bir renge sahip mor bir kinakridon pigmentidir. \u03b2-kinakridon pigmenti, tetraklorotioindigo k\u0131rm\u0131z\u0131s\u0131n\u0131n (pigment k\u0131rm\u0131z\u0131 88) renk \u0131\u015f\u0131\u011f\u0131na benzeyen k\u0131rm\u0131z\u0131ms\u0131 mor verir ve m\u00fckemmel \u0131\u015f\u0131k direncine ve \u0131s\u0131 direnci kararl\u0131l\u0131\u011f\u0131na sahiptir. Y\u00fcksek kaliteli end\u00fcstriyel kaplamalar i\u00e7in, demir oksit k\u0131rm\u0131z\u0131s\u0131, molibden k\u0131rm\u0131z\u0131s\u0131 ve di\u011fer renkler gibi inorganik pigmentlerle kullan\u0131labilir, \u015feffaf tip metal dekoratif boya i\u00e7in kullan\u0131labilir; PVC ve PUR renklendirme gibi plastikler i\u00e7in de kullan\u0131labilir.<\/p>\n<p>Y tipi kinakridon pigmenti, \u03b2 tipinden daha g\u00fc\u00e7l\u00fc bir sar\u0131 renk tonuna sahiptir ve ince par\u00e7ac\u0131kl\u0131 Y tipinin \u0131\u015f\u0131k hasl\u0131\u011f\u0131, \u03b2 tipinden biraz daha d\u00fc\u015f\u00fckt\u00fcr, ancak daha y\u00fcksek \u015feffafl\u0131\u011fa sahiptir. \u03b3 tipinin kaba par\u00e7ac\u0131k boyutu m\u00fckemmel \u0131\u015f\u0131k direncine sahiptir, d\u0131\u015f mekan boya renklendirmesi i\u00e7in uygundur; Y\u00fcksek kaliteli metal dekorasyon bask\u0131 m\u00fcrekkebi i\u00e7in kullan\u0131labilir ve pigment k\u0131rm\u0131z\u0131 122, plastik film ve PP hamuru renklendirmesi laminasyonunda kullan\u0131lan standart macenta tonuna yak\u0131n bir \u015fekilde yaz\u0131labilir<\/p>\n<p>&nbsp;<\/p>\n<p><strong>Ba\u015fvuru:<\/strong><\/p>\n<p>Boya, m\u00fcrekkep, y\u00fcksek kaliteli plastik re\u00e7ine, yumu\u015fak plastik \u00fcr\u00fcnler vb. i\u00e7in uygundur<\/p>","protected":false},"excerpt":{"rendered":"<p><strong>\u00dcr\u00fcn Ad\u0131:<\/strong> Pigment Menek\u015fe 19<\/p>\n<p><strong>Renk \u0130ndeksi:<\/strong> CIPV19<\/p>\n<p><strong>CAS Numaras\u0131:<\/strong>1047-16-1<\/p>\n<p><strong>D\u0131\u015f g\u00f6r\u00fcn\u00fc\u015f:<\/strong> Parlak mor toz<\/p>","protected":false},"featured_media":3734,"template":"","meta":{"_acf_changed":false,"_gspb_post_css":""},"product_brand":[],"product_cat":[70],"product_tag":[],"class_list":{"0":"post-3731","1":"product","2":"type-product","3":"status-publish","4":"has-post-thumbnail","6":"product_cat-organic-pigment","8":"first","9":"instock","10":"shipping-taxable","11":"product-type-simple"},"acf":[],"_links":{"self":[{"href":"https:\/\/wpachem.com\/tr\/wp-json\/wp\/v2\/product\/3731","targetHints":{"allow":["GET"]}}],"collection":[{"href":"https:\/\/wpachem.com\/tr\/wp-json\/wp\/v2\/product"}],"about":[{"href":"https:\/\/wpachem.com\/tr\/wp-json\/wp\/v2\/types\/product"}],"version-history":[{"count":0,"href":"https:\/\/wpachem.com\/tr\/wp-json\/wp\/v2\/product\/3731\/revisions"}],"wp:featuredmedia":[{"embeddable":true,"href":"https:\/\/wpachem.com\/tr\/wp-json\/wp\/v2\/media\/3734"}],"wp:attachment":[{"href":"https:\/\/wpachem.com\/tr\/wp-json\/wp\/v2\/media?parent=3731"}],"wp:term":[{"taxonomy":"product_brand","embeddable":true,"href":"https:\/\/wpachem.com\/tr\/wp-json\/wp\/v2\/product_brand?post=3731"},{"taxonomy":"product_cat","embeddable":true,"href":"https:\/\/wpachem.com\/tr\/wp-json\/wp\/v2\/product_cat?post=3731"},{"taxonomy":"product_tag","embeddable":true,"href":"https:\/\/wpachem.com\/tr\/wp-json\/wp\/v2\/product_tag?post=3731"}],"curies":[{"name":"wp","href":"https:\/\/api.w.org\/{rel}","templated":true}]}}