{"id":3735,"date":"2023-04-10T09:07:05","date_gmt":"2023-04-10T09:07:05","guid":{"rendered":"http:\/\/site2.easyceotech.com\/?post_type=product&#038;p=3735"},"modified":"2024-03-12T07:21:12","modified_gmt":"2024-03-12T07:21:12","slug":"bismuth-yellow-p-y-184","status":"publish","type":"product","link":"https:\/\/wpachem.com\/tr\/urun\/bismuth-yellow-p-y-184\/","title":{"rendered":"Bizmut Sar\u0131 PY184"},"content":{"rendered":"<p><strong>\u00d6zellikleri:<\/strong><\/p>\n<p>1, Bizmut Sar\u0131s\u0131&#039;n\u0131n \u00f6rt\u00fcc\u00fc g\u00fcc\u00fc ve organik pigmentlerin bir arada kullan\u0131lmas\u0131yla, y\u00fcksek tonlu, g\u00fc\u00e7l\u00fc \u00f6rt\u00fcc\u00fcl\u00fc\u011fe sahip, \u00e7ok parlak bir parlakl\u0131k elde edilebilir.<br \/>\n2. Bizmut sar\u0131s\u0131 hava ko\u015fullar\u0131na dayan\u0131kl\u0131l\u0131\u011f\u0131 y\u00fcksek m\u00fckemmel bir pigmenttir. Solvent direnci, asit ve alkali direnci \u00e7ok iyidir, g\u00fcne\u015f \u0131\u015f\u0131\u011f\u0131na maruz kalma kay\u0131p oran\u0131 da \u00e7ok d\u00fc\u015f\u00fckt\u00fcr.<br \/>\n3, Dispersiyon, su bazl\u0131 kaplamalarda, toz kaplamalarda, ya\u011f bazl\u0131 kaplamalarda veya m\u00fcrekkepte kullan\u0131lsa da m\u00fckemmel dispersiyon performans\u0131na sahiptir ve \u00e7ok iyi dispersiyon olabilir.<br \/>\n4, Renk parlak sar\u0131d\u0131r, parlakl\u0131k y\u00fcksek performansl\u0131 sar\u0131 organik pigmente neredeyse yak\u0131nd\u0131r.<\/p>\n<p>&nbsp;<\/p>\n<p><strong>Ba\u015fvuru:<\/strong><\/p>\n<p>Bizmut Sar\u0131s\u0131 otomobil boyama, al\u00fcminyum boyama, toz boya, bina kaplama, florokarbon kaplama, bobin kaplama, masterbatch, naylon vb. alanlarda kullan\u0131labilir.<\/p>","protected":false},"excerpt":{"rendered":"<p><strong>\u00dcr\u00fcn Ad\u0131:<\/strong>\u00a0 Bizmut Sar\u0131s\u0131<\/p>\n<p><strong>Renk \u0130ndeksi:<\/strong> PY184<\/p>\n<p><strong>D\u0131\u015f g\u00f6r\u00fcn\u00fc\u015f:<\/strong> Sar\u0131 toz<\/p>\n<p><strong>Ana i\u00e7erik:<\/strong> \u0130ki-V<\/p>","protected":false},"featured_media":3704,"template":"","meta":{"_acf_changed":false,"_gspb_post_css":""},"product_brand":[],"product_cat":[54],"product_tag":[],"class_list":{"0":"post-3735","1":"product","2":"type-product","3":"status-publish","4":"has-post-thumbnail","6":"product_cat-inorganic-pigments","8":"first","9":"instock","10":"shipping-taxable","11":"product-type-simple"},"acf":[],"_links":{"self":[{"href":"https:\/\/wpachem.com\/tr\/wp-json\/wp\/v2\/product\/3735","targetHints":{"allow":["GET"]}}],"collection":[{"href":"https:\/\/wpachem.com\/tr\/wp-json\/wp\/v2\/product"}],"about":[{"href":"https:\/\/wpachem.com\/tr\/wp-json\/wp\/v2\/types\/product"}],"version-history":[{"count":0,"href":"https:\/\/wpachem.com\/tr\/wp-json\/wp\/v2\/product\/3735\/revisions"}],"wp:featuredmedia":[{"embeddable":true,"href":"https:\/\/wpachem.com\/tr\/wp-json\/wp\/v2\/media\/3704"}],"wp:attachment":[{"href":"https:\/\/wpachem.com\/tr\/wp-json\/wp\/v2\/media?parent=3735"}],"wp:term":[{"taxonomy":"product_brand","embeddable":true,"href":"https:\/\/wpachem.com\/tr\/wp-json\/wp\/v2\/product_brand?post=3735"},{"taxonomy":"product_cat","embeddable":true,"href":"https:\/\/wpachem.com\/tr\/wp-json\/wp\/v2\/product_cat?post=3735"},{"taxonomy":"product_tag","embeddable":true,"href":"https:\/\/wpachem.com\/tr\/wp-json\/wp\/v2\/product_tag?post=3735"}],"curies":[{"name":"wp","href":"https:\/\/api.w.org\/{rel}","templated":true}]}}