{"id":3738,"date":"2023-04-10T09:18:02","date_gmt":"2023-04-10T09:18:02","guid":{"rendered":"http:\/\/site2.easyceotech.com\/?post_type=product&#038;p=3738"},"modified":"2024-03-12T07:21:05","modified_gmt":"2024-03-12T07:21:05","slug":"fe-cr-brown","status":"publish","type":"product","link":"https:\/\/wpachem.com\/tr\/urun\/fe-cr-brown\/","title":{"rendered":"Fe-Cr Kahverengi"},"content":{"rendered":"<p><strong>\u00d6zellikleri:<\/strong><\/p>\n<p>Fe-Cr kahverengi, \u0131\u015f\u0131k, asit, alkali ve hava ko\u015fullar\u0131na kar\u015f\u0131 iyi diren\u00e7li, hafif k\u0131rm\u0131z\u0131 tonlu kahverengi olan inorganik bir pigmenttir. Anti-IR karakteri nedeniyle uygun maliyetlidir, \u0131\u015f\u0131k, asit, alkali ve hava ko\u015fullar\u0131na kar\u015f\u0131 iyi diren\u00e7lidir.<\/p>\n<p>&nbsp;<\/p>\n<p><strong>Ba\u015fvuru:<\/strong><\/p>\n<p>Fe-Cr Kahverengi yap\u0131 izolasyon kaplamalar\u0131nda, y\u00fcksek s\u0131cakl\u0131k inorganik silisyum kaplamalar\u0131nda vb. kullan\u0131labilir.<\/p>","protected":false},"excerpt":{"rendered":"<p><strong>\u00dcr\u00fcn Ad\u0131:<\/strong> Fe-Cr kahverengi<\/p>\n<p><strong>Renk \u0130ndeksi:<\/strong> CI77500<\/p>\n<p><strong>Ana Kompozisyon:<\/strong> Fe-Cr<\/p>","protected":false},"featured_media":3703,"template":"","meta":{"_acf_changed":false,"_gspb_post_css":""},"product_brand":[],"product_cat":[54],"product_tag":[],"class_list":{"0":"post-3738","1":"product","2":"type-product","3":"status-publish","4":"has-post-thumbnail","6":"product_cat-inorganic-pigments","8":"first","9":"instock","10":"shipping-taxable","11":"product-type-simple"},"acf":[],"_links":{"self":[{"href":"https:\/\/wpachem.com\/tr\/wp-json\/wp\/v2\/product\/3738","targetHints":{"allow":["GET"]}}],"collection":[{"href":"https:\/\/wpachem.com\/tr\/wp-json\/wp\/v2\/product"}],"about":[{"href":"https:\/\/wpachem.com\/tr\/wp-json\/wp\/v2\/types\/product"}],"version-history":[{"count":0,"href":"https:\/\/wpachem.com\/tr\/wp-json\/wp\/v2\/product\/3738\/revisions"}],"wp:featuredmedia":[{"embeddable":true,"href":"https:\/\/wpachem.com\/tr\/wp-json\/wp\/v2\/media\/3703"}],"wp:attachment":[{"href":"https:\/\/wpachem.com\/tr\/wp-json\/wp\/v2\/media?parent=3738"}],"wp:term":[{"taxonomy":"product_brand","embeddable":true,"href":"https:\/\/wpachem.com\/tr\/wp-json\/wp\/v2\/product_brand?post=3738"},{"taxonomy":"product_cat","embeddable":true,"href":"https:\/\/wpachem.com\/tr\/wp-json\/wp\/v2\/product_cat?post=3738"},{"taxonomy":"product_tag","embeddable":true,"href":"https:\/\/wpachem.com\/tr\/wp-json\/wp\/v2\/product_tag?post=3738"}],"curies":[{"name":"wp","href":"https:\/\/api.w.org\/{rel}","templated":true}]}}