{"id":3741,"date":"2023-04-10T09:26:42","date_gmt":"2023-04-10T09:26:42","guid":{"rendered":"http:\/\/site2.easyceotech.com\/?post_type=product&#038;p=3741"},"modified":"2024-03-12T07:21:00","modified_gmt":"2024-03-12T07:21:00","slug":"pigment-brown-24-chrome-antimony-titanium-buff-rutile","status":"publish","type":"product","link":"https:\/\/wpachem.com\/tr\/urun\/pigment-brown-24-chrome-antimony-titanium-buff-rutile\/","title":{"rendered":"Pigment Brown 24 (Krom Antimon Titanyum Buff Rutil)"},"content":{"rendered":"<p><strong>\u00d6zellikleri:<\/strong><\/p>\n<p>Pigment Brown 24 (Krom Antimon Titanyum Buff Rutil), Ti-Cr Kahverengi olarak da bilinir, m\u00fckemmel da\u011f\u0131lma, iyi \u00f6rtme g\u00fcc\u00fc ve \u0131\u015f\u0131\u011fa, \u0131s\u0131ya, kimyasallara ve hava ko\u015fullar\u0131na kar\u015f\u0131 iyi bir dirence sahiptir, akma veya g\u00f6\u00e7me yapmaz.<\/p>\n<p>&nbsp;<\/p>\n<p><strong>Ba\u015fvuru:<\/strong><\/p>\n<p>Pigment Brown 24 (Krom Antimon Titanyum Buff Rutil), d\u0131\u015f cephe, florokarbon, in\u015faat makineleri, araba, yol i\u015faretleri, kaya freskleri, \u00e7izim ve toz, s\u0131radan plastikler, m\u00fchendislik plastikleri, \u00f6zel plastikler ve masterbatch&#039;te kullan\u0131labilir. Cam, evsel emaye, m\u00fcrekkep ve kumda.<\/p>","protected":false},"excerpt":{"rendered":"<p><strong>\u00dcr\u00fcn Ad\u0131:<\/strong>\u00a0 Pigment Kahverengi 24<\/p>\n<p><strong>Di\u011fer Ad\u0131:<\/strong> Ti-Cr-Sb, Krom Antimon Titanyum Buff Rutil<\/p>\n<p><strong>Ana Kompozisyon:<\/strong> Ti-Cr-Sb<\/p>\n<p><strong>CAS NUMARASI:<\/strong> 68186-90-3<\/p>\n<p><strong>D\u0131\u015f g\u00f6r\u00fcn\u00fc\u015f:<\/strong> Sar\u0131 kahverengi toz<\/p>","protected":false},"featured_media":3744,"template":"","meta":{"_acf_changed":false,"_gspb_post_css":""},"product_brand":[],"product_cat":[54],"product_tag":[],"class_list":{"0":"post-3741","1":"product","2":"type-product","3":"status-publish","4":"has-post-thumbnail","6":"product_cat-inorganic-pigments","8":"first","9":"instock","10":"shipping-taxable","11":"product-type-simple"},"acf":[],"_links":{"self":[{"href":"https:\/\/wpachem.com\/tr\/wp-json\/wp\/v2\/product\/3741","targetHints":{"allow":["GET"]}}],"collection":[{"href":"https:\/\/wpachem.com\/tr\/wp-json\/wp\/v2\/product"}],"about":[{"href":"https:\/\/wpachem.com\/tr\/wp-json\/wp\/v2\/types\/product"}],"version-history":[{"count":0,"href":"https:\/\/wpachem.com\/tr\/wp-json\/wp\/v2\/product\/3741\/revisions"}],"wp:featuredmedia":[{"embeddable":true,"href":"https:\/\/wpachem.com\/tr\/wp-json\/wp\/v2\/media\/3744"}],"wp:attachment":[{"href":"https:\/\/wpachem.com\/tr\/wp-json\/wp\/v2\/media?parent=3741"}],"wp:term":[{"taxonomy":"product_brand","embeddable":true,"href":"https:\/\/wpachem.com\/tr\/wp-json\/wp\/v2\/product_brand?post=3741"},{"taxonomy":"product_cat","embeddable":true,"href":"https:\/\/wpachem.com\/tr\/wp-json\/wp\/v2\/product_cat?post=3741"},{"taxonomy":"product_tag","embeddable":true,"href":"https:\/\/wpachem.com\/tr\/wp-json\/wp\/v2\/product_tag?post=3741"}],"curies":[{"name":"wp","href":"https:\/\/api.w.org\/{rel}","templated":true}]}}