{"id":3745,"date":"2023-04-10T09:35:47","date_gmt":"2023-04-10T09:35:47","guid":{"rendered":"http:\/\/site2.easyceotech.com\/?post_type=product&#038;p=3745"},"modified":"2024-04-07T08:32:01","modified_gmt":"2024-04-07T08:32:01","slug":"cobalt-blue","status":"publish","type":"product","link":"https:\/\/wpachem.com\/tr\/urun\/cobalt-blue\/","title":{"rendered":"Kobalt mavisi"},"content":{"rendered":"<p><strong>\u00d6zellikleri:<\/strong><\/p>\n<p>Kobalt mavisi, iyi \u0131s\u0131 direnci, iklim direnci, asit ve alkali direnci, tebe\u015firlenme direnci, kanama veya g\u00f6\u00e7 olmamas\u0131 ve y\u00fcksek gizleme g\u00fcc\u00fc ve kolay da\u011f\u0131lma ile \u00e7evre dostu toksik olmayan m\u00fckemmel \u00f6zellikleri bir araya getirir. Renk saf, canl\u0131 ve doygundur, parlak k\u0131rm\u0131z\u0131 tonludur. Anti-IR karakteri nedeniyle askeri sahtecilik kaplamas\u0131, \u00e7at\u0131 yal\u0131t\u0131m kaplamas\u0131 i\u00e7in kullan\u0131labilir. Zn, Cr ve di\u011fer elementler eklenerek Co-Al mavisi, bezelye mavisi gibi yeni bir renge ula\u015fabilir.<\/p>\n<p>&nbsp;<\/p>\n<p><strong>Ba\u015fvuru:<\/strong><\/p>\n<p>Kobalt mavimiz seramik ve emaye boyama, bobin kaplama, y\u00fcksek s\u0131cakl\u0131k kaplama, m\u00fchendislik plastikleri, floroplastikler, plastik oyuncaklar ve sanatsal boyama vb. alanlarda kullan\u0131labilir.<\/p>\n<p>&nbsp;<\/p>","protected":false},"excerpt":{"rendered":"<p><strong>\u00dcr\u00fcn Ad\u0131:<\/strong> Kobalt mavisi<\/p>\n<p><strong>Di\u011fer Ad\u0131:<\/strong> Kobalt Al\u00fcminyum Oksit<\/p>\n<p><strong>CAS Numaras\u0131:<\/strong> 1333-88-6MF: Al2CoO4<\/p>\n<p><strong>D\u0131\u015f g\u00f6r\u00fcn\u00fc\u015f:<\/strong> Mavi toz<\/p>","protected":false},"featured_media":3748,"template":"","meta":{"_acf_changed":false,"_gspb_post_css":""},"product_brand":[],"product_cat":[54],"product_tag":[],"class_list":{"0":"post-3745","1":"product","2":"type-product","3":"status-publish","4":"has-post-thumbnail","6":"product_cat-inorganic-pigments","8":"first","9":"instock","10":"shipping-taxable","11":"product-type-simple"},"acf":[],"_links":{"self":[{"href":"https:\/\/wpachem.com\/tr\/wp-json\/wp\/v2\/product\/3745","targetHints":{"allow":["GET"]}}],"collection":[{"href":"https:\/\/wpachem.com\/tr\/wp-json\/wp\/v2\/product"}],"about":[{"href":"https:\/\/wpachem.com\/tr\/wp-json\/wp\/v2\/types\/product"}],"version-history":[{"count":0,"href":"https:\/\/wpachem.com\/tr\/wp-json\/wp\/v2\/product\/3745\/revisions"}],"wp:featuredmedia":[{"embeddable":true,"href":"https:\/\/wpachem.com\/tr\/wp-json\/wp\/v2\/media\/3748"}],"wp:attachment":[{"href":"https:\/\/wpachem.com\/tr\/wp-json\/wp\/v2\/media?parent=3745"}],"wp:term":[{"taxonomy":"product_brand","embeddable":true,"href":"https:\/\/wpachem.com\/tr\/wp-json\/wp\/v2\/product_brand?post=3745"},{"taxonomy":"product_cat","embeddable":true,"href":"https:\/\/wpachem.com\/tr\/wp-json\/wp\/v2\/product_cat?post=3745"},{"taxonomy":"product_tag","embeddable":true,"href":"https:\/\/wpachem.com\/tr\/wp-json\/wp\/v2\/product_tag?post=3745"}],"curies":[{"name":"wp","href":"https:\/\/api.w.org\/{rel}","templated":true}]}}