{"id":3749,"date":"2023-04-10T09:41:57","date_gmt":"2023-04-10T09:41:57","guid":{"rendered":"http:\/\/site2.easyceotech.com\/?post_type=product&#038;p=3749"},"modified":"2024-03-12T07:20:22","modified_gmt":"2024-03-12T07:20:22","slug":"pigment-yellow-53","status":"publish","type":"product","link":"https:\/\/wpachem.com\/tr\/urun\/pigment-yellow-53\/","title":{"rendered":"Pigment Sar\u0131 53"},"content":{"rendered":"<p><strong>\u00d6zellikleri:<\/strong><\/p>\n<p>Pigment Sar\u0131 53 (Ni-Ti Sar\u0131, Nikel Antimon Titanyum Sar\u0131 Rutil) iyi \u0131s\u0131 direncine, iklim direncine, asit ve alkali direncine, tebe\u015firlenme direncine, kanamaya veya g\u00f6\u00e7meye sahip de\u011fildir ve \u00e7evre dostu toksik olmayan, y\u00fcksek gizleme g\u00fcc\u00fcne ve kolay da\u011f\u0131lmaya sahiptir.<\/p>\n<p>&nbsp;<\/p>\n<p><strong>Ba\u015fvuru:<\/strong><\/p>\n<p>Pigment Sar\u0131 53, hermoplastik ve s\u0131cakta sertle\u015fen re\u00e7inelerde, m\u00fchendislik modifiyeli plastiklerde, floro plastiklerde, oyuncak plastiklerinde, g\u0131da ambalaj plastiklerinde, florokarbon kaplamalarda, toz kaplamalarda, araba kaplamalar\u0131nda, d\u0131\u015f mekan bina kaplamalar\u0131nda, kamuflaj kaplamalar\u0131nda, yol i\u015faretleme kaplamalar\u0131nda ve cam m\u00fcrekkebinde, sanat m\u00fcrekkebinde ve seramik m\u00fcrekkebinde vb. kullan\u0131labilir.<\/p>","protected":false},"excerpt":{"rendered":"<p><strong>\u00dcr\u00fcn Ad\u0131:<\/strong> Pigment Sar\u0131 53<\/p>\n<p><strong>Di\u011fer Ad\u0131:<\/strong> Ni-Ti Sar\u0131, Nikel Antimon Titanyum Sar\u0131 Rutil<\/p>\n<p><strong>Renk \u0130ndeksi:<\/strong> CI77788<\/p>\n<p><strong>\u00c7.M:<\/strong> Ti-Sb-Ni-O<\/p>\n<p>&nbsp;<\/p>","protected":false},"featured_media":3752,"template":"","meta":{"_acf_changed":false,"_gspb_post_css":""},"product_brand":[],"product_cat":[54],"product_tag":[],"class_list":{"0":"post-3749","1":"product","2":"type-product","3":"status-publish","4":"has-post-thumbnail","6":"product_cat-inorganic-pigments","8":"first","9":"instock","10":"shipping-taxable","11":"product-type-simple"},"acf":[],"_links":{"self":[{"href":"https:\/\/wpachem.com\/tr\/wp-json\/wp\/v2\/product\/3749","targetHints":{"allow":["GET"]}}],"collection":[{"href":"https:\/\/wpachem.com\/tr\/wp-json\/wp\/v2\/product"}],"about":[{"href":"https:\/\/wpachem.com\/tr\/wp-json\/wp\/v2\/types\/product"}],"version-history":[{"count":0,"href":"https:\/\/wpachem.com\/tr\/wp-json\/wp\/v2\/product\/3749\/revisions"}],"wp:featuredmedia":[{"embeddable":true,"href":"https:\/\/wpachem.com\/tr\/wp-json\/wp\/v2\/media\/3752"}],"wp:attachment":[{"href":"https:\/\/wpachem.com\/tr\/wp-json\/wp\/v2\/media?parent=3749"}],"wp:term":[{"taxonomy":"product_brand","embeddable":true,"href":"https:\/\/wpachem.com\/tr\/wp-json\/wp\/v2\/product_brand?post=3749"},{"taxonomy":"product_cat","embeddable":true,"href":"https:\/\/wpachem.com\/tr\/wp-json\/wp\/v2\/product_cat?post=3749"},{"taxonomy":"product_tag","embeddable":true,"href":"https:\/\/wpachem.com\/tr\/wp-json\/wp\/v2\/product_tag?post=3749"}],"curies":[{"name":"wp","href":"https:\/\/api.w.org\/{rel}","templated":true}]}}