{"id":3756,"date":"2023-04-10T09:48:40","date_gmt":"2023-04-10T09:48:40","guid":{"rendered":"http:\/\/site2.easyceotech.com\/?post_type=product&#038;p=3756"},"modified":"2023-07-31T02:58:51","modified_gmt":"2023-07-31T02:58:51","slug":"cobalt-titanate-green-p-g-50","status":"publish","type":"product","link":"https:\/\/wpachem.com\/tr\/urun\/cobalt-titanate-green-p-g-50\/","title":{"rendered":"Kobalt Titanat Ye\u015fil PG50"},"content":{"rendered":"<p><strong>\u00d6zellikleri:<\/strong><\/p>\n<p>Kobalt Titanat Ye\u015fil PG50, iyi \u0131s\u0131 direncine, iklim direncine, asit ve alkali direncine, tebe\u015firlenme direncine, kanama veya g\u00f6\u00e7me olmamas\u0131na, \u00e7evre dostu, toksik olmayan, y\u00fcksek gizleme g\u00fcc\u00fcne ve kolay da\u011f\u0131lmaya sahiptir.<\/p>\n<p>&nbsp;<\/p>\n<p><strong>Ba\u015fvuru:<\/strong><\/p>\n<p>Kobalt Titanat Ye\u015fil, florokarbon kaplama, d\u0131\u015f mekan kaplama, bobin kaplama, toz kaplama, ta\u015f\u0131ma kaplama, kamuflaj kaplama, \u00e7izim, yol i\u015faretleme kaplama, florokarbon plastikler, PVC profil, m\u00fchendislik modifiyeli plastikler ve plastik oyuncaklarda kullan\u0131labilir.<\/p>","protected":false},"excerpt":{"rendered":"<p><strong>\u00dcr\u00fcn Ad\u0131:<\/strong> Kobalt Titanat Ye\u015fil<\/p>\n<p><strong>Renk \u0130ndeksi:<\/strong> CI77344<\/p>\n<p><strong>D\u0131\u015f g\u00f6r\u00fcn\u00fc\u015f:<\/strong> Deniz ye\u015fili toz<\/p>\n<p><strong>Ana Kompozisyon:<\/strong> Ti-Co-Ni-\u00c7inko<\/p>\n<p><strong>CAS Numaras\u0131:<\/strong> 68186-85-6<\/p>","protected":false},"featured_media":3759,"template":"","meta":{"_acf_changed":false,"_gspb_post_css":""},"product_brand":[],"product_cat":[54],"product_tag":[],"class_list":{"0":"post-3756","1":"product","2":"type-product","3":"status-publish","4":"has-post-thumbnail","6":"product_cat-inorganic-pigments","8":"first","9":"instock","10":"shipping-taxable","11":"product-type-simple"},"acf":[],"_links":{"self":[{"href":"https:\/\/wpachem.com\/tr\/wp-json\/wp\/v2\/product\/3756","targetHints":{"allow":["GET"]}}],"collection":[{"href":"https:\/\/wpachem.com\/tr\/wp-json\/wp\/v2\/product"}],"about":[{"href":"https:\/\/wpachem.com\/tr\/wp-json\/wp\/v2\/types\/product"}],"version-history":[{"count":0,"href":"https:\/\/wpachem.com\/tr\/wp-json\/wp\/v2\/product\/3756\/revisions"}],"wp:featuredmedia":[{"embeddable":true,"href":"https:\/\/wpachem.com\/tr\/wp-json\/wp\/v2\/media\/3759"}],"wp:attachment":[{"href":"https:\/\/wpachem.com\/tr\/wp-json\/wp\/v2\/media?parent=3756"}],"wp:term":[{"taxonomy":"product_brand","embeddable":true,"href":"https:\/\/wpachem.com\/tr\/wp-json\/wp\/v2\/product_brand?post=3756"},{"taxonomy":"product_cat","embeddable":true,"href":"https:\/\/wpachem.com\/tr\/wp-json\/wp\/v2\/product_cat?post=3756"},{"taxonomy":"product_tag","embeddable":true,"href":"https:\/\/wpachem.com\/tr\/wp-json\/wp\/v2\/product_tag?post=3756"}],"curies":[{"name":"wp","href":"https:\/\/api.w.org\/{rel}","templated":true}]}}