{"id":3760,"date":"2023-04-11T03:46:12","date_gmt":"2023-04-11T03:46:12","guid":{"rendered":"http:\/\/site2.easyceotech.com\/?post_type=product&#038;p=3760"},"modified":"2024-03-12T07:19:06","modified_gmt":"2024-03-12T07:19:06","slug":"tartrazine","status":"publish","type":"product","link":"https:\/\/wpachem.com\/tr\/urun\/tartrazine\/","title":{"rendered":"Tartrazin"},"content":{"rendered":"<p><strong>\u00d6zellikleri:<\/strong><\/p>\n<p>Tartrazin (Limon sar\u0131s\u0131) yenilebilir sentetik pigmentin \u00fc\u00e7 ana renginden biridir ve ayn\u0131 zamanda d\u00fcnyada g\u0131da boyas\u0131 i\u00e7in en yayg\u0131n kullan\u0131lan sentetik pigmenttir. Su, gliserol ve propilen glikolde \u00e7\u00f6z\u00fcn\u00fcr, etanolde az \u00e7\u00f6z\u00fcn\u00fcr, gresde \u00e7\u00f6z\u00fcnmez. \u0130yi \u0131s\u0131 direnci, asit direnci, \u0131\u015f\u0131k direnci ve tuz direnci, sitrik asit ve tartrik aside kar\u015f\u0131 kararl\u0131d\u0131r. Parlak sar\u0131 bir toz veya par\u00e7ac\u0131kt\u0131r, azo tipi heterosiklik yap\u0131d\u0131r.<\/p>\n<p>&nbsp;<\/p>\n<p><strong>Ba\u015fvuru:<\/strong><\/p>\n<p>Tartrazin g\u0131da, i\u00e7ecek, ila\u00e7, kozmetik, yem, t\u00fct\u00fcn ve di\u011fer renklendirme alanlar\u0131nda g\u00fcvenle kullan\u0131labilir.<\/p>","protected":false},"excerpt":{"rendered":"<p><strong>\u00dcr\u00fcn Ad\u0131:<\/strong> Tartrazin<\/p>\n<p><strong>Renk \u0130ndeksi:<\/strong> 19140<\/p>\n<p><strong>Renk \u0130ndeksi G\u0131da:<\/strong> Sar\u0131 4<\/p>\n<p><strong>Kasa No:\u00a0<\/strong> 1934-21-0<\/p>\n<p><strong>CNC Numaras\u0131:<\/strong> 08.005<\/p>","protected":false},"featured_media":3714,"template":"","meta":{"_acf_changed":false,"_gspb_post_css":""},"product_brand":[],"product_cat":[24],"product_tag":[],"class_list":{"0":"post-3760","1":"product","2":"type-product","3":"status-publish","4":"has-post-thumbnail","6":"product_cat-uncategorized","8":"first","9":"instock","10":"shipping-taxable","11":"product-type-simple"},"acf":[],"_links":{"self":[{"href":"https:\/\/wpachem.com\/tr\/wp-json\/wp\/v2\/product\/3760","targetHints":{"allow":["GET"]}}],"collection":[{"href":"https:\/\/wpachem.com\/tr\/wp-json\/wp\/v2\/product"}],"about":[{"href":"https:\/\/wpachem.com\/tr\/wp-json\/wp\/v2\/types\/product"}],"version-history":[{"count":0,"href":"https:\/\/wpachem.com\/tr\/wp-json\/wp\/v2\/product\/3760\/revisions"}],"wp:featuredmedia":[{"embeddable":true,"href":"https:\/\/wpachem.com\/tr\/wp-json\/wp\/v2\/media\/3714"}],"wp:attachment":[{"href":"https:\/\/wpachem.com\/tr\/wp-json\/wp\/v2\/media?parent=3760"}],"wp:term":[{"taxonomy":"product_brand","embeddable":true,"href":"https:\/\/wpachem.com\/tr\/wp-json\/wp\/v2\/product_brand?post=3760"},{"taxonomy":"product_cat","embeddable":true,"href":"https:\/\/wpachem.com\/tr\/wp-json\/wp\/v2\/product_cat?post=3760"},{"taxonomy":"product_tag","embeddable":true,"href":"https:\/\/wpachem.com\/tr\/wp-json\/wp\/v2\/product_tag?post=3760"}],"curies":[{"name":"wp","href":"https:\/\/api.w.org\/{rel}","templated":true}]}}