{"id":3763,"date":"2023-04-11T03:47:03","date_gmt":"2023-04-11T03:47:03","guid":{"rendered":"http:\/\/site2.easyceotech.com\/?post_type=product&#038;p=3763"},"modified":"2024-03-12T07:17:07","modified_gmt":"2024-03-12T07:17:07","slug":"tartrazine-lake","status":"publish","type":"product","link":"https:\/\/wpachem.com\/tr\/urun\/tartrazine-lake\/","title":{"rendered":"Tartrazin G\u00f6l\u00fc"},"content":{"rendered":"<p><strong>\u00d6zellikleri:<\/strong><\/p>\n<p>Tartrazine Lake (G\u0131da Sar\u0131s\u0131 4:1) ayr\u0131ca Asit sar\u0131s\u0131 23 al\u00fcminyum lake (CI 19140:1) olarak da bilinir, sar\u0131 ince tozdur, kokusuzdur. I\u015f\u0131k ve \u0131s\u0131 direnci limon sar\u0131s\u0131ndan daha g\u00fc\u00e7l\u00fcd\u00fcr. Su ve organik \u00e7\u00f6z\u00fcc\u00fclerde neredeyse \u00e7\u00f6z\u00fcnmez. Asit ve alkali i\u00e7eren sulu \u00e7\u00f6zeltide yava\u015f\u00e7a \u00e7\u00f6z\u00fcn\u00fcr<\/p>\n<p>&nbsp;<\/p>\n<p><strong>Ba\u015fvuru:<\/strong><\/p>\n<p>Tartrazine Lake meyve suyu (aromal\u0131) i\u00e7eceklerde, gazl\u0131 i\u00e7eceklerde, \u015farap yap\u0131m\u0131nda, \u015fekerlemelerde, renkli pastalarda, karpuz sosu kutular\u0131nda, ye\u015fil erik, laktik asit bakterili i\u00e7eceklerde, bitkisel protein i\u00e7eceklerinde, \u015fekerleme kaplamalar\u0131nda, dondurmalarda kullan\u0131labilir.<\/p>","protected":false},"excerpt":{"rendered":"<p><strong>\u00dcr\u00fcn Ad\u0131:<\/strong> Tartrazin G\u00f6l\u00fc<\/p>\n<p><strong>Renk \u0130ndeksi:<\/strong> 19140:1<\/p>\n<p><strong>Renk \u0130ndeksi G\u0131da:<\/strong> Sar\u0131 4:1<\/p>\n<p><strong>Kasa No:\u00a0<\/strong> 12225-21-7<\/p>\n<p><strong>CNC Numaras\u0131:<\/strong> 08.005<\/p>","protected":false},"featured_media":3714,"template":"","meta":{"_acf_changed":false,"_gspb_post_css":""},"product_brand":[],"product_cat":[24],"product_tag":[],"class_list":{"0":"post-3763","1":"product","2":"type-product","3":"status-publish","4":"has-post-thumbnail","6":"product_cat-uncategorized","8":"first","9":"instock","10":"shipping-taxable","11":"product-type-simple"},"acf":[],"_links":{"self":[{"href":"https:\/\/wpachem.com\/tr\/wp-json\/wp\/v2\/product\/3763","targetHints":{"allow":["GET"]}}],"collection":[{"href":"https:\/\/wpachem.com\/tr\/wp-json\/wp\/v2\/product"}],"about":[{"href":"https:\/\/wpachem.com\/tr\/wp-json\/wp\/v2\/types\/product"}],"version-history":[{"count":0,"href":"https:\/\/wpachem.com\/tr\/wp-json\/wp\/v2\/product\/3763\/revisions"}],"wp:featuredmedia":[{"embeddable":true,"href":"https:\/\/wpachem.com\/tr\/wp-json\/wp\/v2\/media\/3714"}],"wp:attachment":[{"href":"https:\/\/wpachem.com\/tr\/wp-json\/wp\/v2\/media?parent=3763"}],"wp:term":[{"taxonomy":"product_brand","embeddable":true,"href":"https:\/\/wpachem.com\/tr\/wp-json\/wp\/v2\/product_brand?post=3763"},{"taxonomy":"product_cat","embeddable":true,"href":"https:\/\/wpachem.com\/tr\/wp-json\/wp\/v2\/product_cat?post=3763"},{"taxonomy":"product_tag","embeddable":true,"href":"https:\/\/wpachem.com\/tr\/wp-json\/wp\/v2\/product_tag?post=3763"}],"curies":[{"name":"wp","href":"https:\/\/api.w.org\/{rel}","templated":true}]}}