{"id":3764,"date":"2023-04-11T03:51:52","date_gmt":"2023-04-11T03:51:52","guid":{"rendered":"http:\/\/site2.easyceotech.com\/?post_type=product&#038;p=3764"},"modified":"2024-03-12T07:26:25","modified_gmt":"2024-03-12T07:26:25","slug":"sunset-yellow","status":"publish","type":"product","link":"https:\/\/wpachem.com\/tr\/urun\/sunset-yellow\/","title":{"rendered":"G\u00fcn Bat\u0131m\u0131 Sar\u0131s\u0131"},"content":{"rendered":"<p><strong>\u00d6zellikleri:<\/strong><\/p>\n<p>G\u00fcn bat\u0131m\u0131 sar\u0131s\u0131, turuncu sar\u0131, g\u00fcn bat\u0131m\u0131 sar\u0131s\u0131, g\u00fcn bat\u0131m\u0131 sar\u0131s\u0131 olarak da bilinir. Yenilebilir sentetik pigment, turuncu k\u0131rm\u0131z\u0131 toz veya gran\u00fcl, kokusuz, ya\u011fda \u00e7\u00f6z\u00fcnmez, etanolde az \u00e7\u00f6z\u00fcn\u00fcr, suda kolayca \u00e7\u00f6z\u00fcn\u00fcr, gliserin, propilen glikol, su \u00e7\u00f6zeltisi turuncu, \u0131\u015f\u0131\u011fa dayan\u0131kl\u0131, \u0131s\u0131ya dayan\u0131kl\u0131, aside dayan\u0131kl\u0131, sitrik asitte, tartarik asitte kararl\u0131, alkali renk koyula\u015f\u0131r, k\u0131rm\u0131z\u0131ms\u0131 kahverengiye d\u00f6ner, indirgeme s\u0131ras\u0131nda solar, y\u00fcksek g\u00fcvenlik.<\/p>\n<p>&nbsp;<\/p>\n<p><strong>Ba\u015fvuru:<\/strong><\/p>\n<p>G\u00fcn Bat\u0131m\u0131 Sar\u0131s\u0131 g\u0131da boyas\u0131, ila\u00e7 ve kozmetikte kullan\u0131labilir, ila\u00e7, ayr\u0131ca al\u00fcminyum tuz g\u00f6l\u00fc imalat\u0131n\u0131n hammaddesidir.<\/p>","protected":false},"excerpt":{"rendered":"<p><strong>\u00dcr\u00fcn Ad\u0131:<\/strong> G\u00fcn Bat\u0131m\u0131 Sar\u0131s\u0131<\/p>\n<p><strong>Renk \u0130ndeksi:<\/strong> 15985<\/p>\n<p><strong>Renk \u0130ndeksi G\u0131da:<\/strong> Sar\u0131 3<\/p>\n<p><strong>Kasa No:\u00a0<\/strong> 2783-94-0<\/p>\n<p><strong>CNC Numaras\u0131:<\/strong> 08.006<\/p>","protected":false},"featured_media":3706,"template":"","meta":{"_acf_changed":false,"_gspb_post_css":""},"product_brand":[],"product_cat":[24],"product_tag":[],"class_list":{"0":"post-3764","1":"product","2":"type-product","3":"status-publish","4":"has-post-thumbnail","6":"product_cat-uncategorized","8":"first","9":"instock","10":"shipping-taxable","11":"product-type-simple"},"acf":[],"_links":{"self":[{"href":"https:\/\/wpachem.com\/tr\/wp-json\/wp\/v2\/product\/3764","targetHints":{"allow":["GET"]}}],"collection":[{"href":"https:\/\/wpachem.com\/tr\/wp-json\/wp\/v2\/product"}],"about":[{"href":"https:\/\/wpachem.com\/tr\/wp-json\/wp\/v2\/types\/product"}],"version-history":[{"count":0,"href":"https:\/\/wpachem.com\/tr\/wp-json\/wp\/v2\/product\/3764\/revisions"}],"wp:featuredmedia":[{"embeddable":true,"href":"https:\/\/wpachem.com\/tr\/wp-json\/wp\/v2\/media\/3706"}],"wp:attachment":[{"href":"https:\/\/wpachem.com\/tr\/wp-json\/wp\/v2\/media?parent=3764"}],"wp:term":[{"taxonomy":"product_brand","embeddable":true,"href":"https:\/\/wpachem.com\/tr\/wp-json\/wp\/v2\/product_brand?post=3764"},{"taxonomy":"product_cat","embeddable":true,"href":"https:\/\/wpachem.com\/tr\/wp-json\/wp\/v2\/product_cat?post=3764"},{"taxonomy":"product_tag","embeddable":true,"href":"https:\/\/wpachem.com\/tr\/wp-json\/wp\/v2\/product_tag?post=3764"}],"curies":[{"name":"wp","href":"https:\/\/api.w.org\/{rel}","templated":true}]}}